{"id":135,"date":"2020-09-09T21:43:23","date_gmt":"2020-09-09T21:43:23","guid":{"rendered":"http:\/\/sonmezler.com\/?page_id=135"},"modified":"2020-09-09T22:23:21","modified_gmt":"2020-09-09T22:23:21","slug":"bize-ulasin","status":"publish","type":"page","link":"https:\/\/sonmezler.com\/index.php\/tr\/bize-ulasin\/","title":{"rendered":"Bize Ula\u015f\u0131n"},"content":{"rendered":"<body><div id=\"pl-gb135-69e765c678ad0\" class=\"panel-layout\"><div id=\"pg-gb135-69e765c678ad0-0\" class=\"panel-grid panel-no-style\"><div id=\"pgc-gb135-69e765c678ad0-0-0\" class=\"panel-grid-cell\"><div id=\"panel-gb135-69e765c678ad0-0-0-0\" class=\"so-panel widget widget_text panel-first-child panel-last-child\" data-index=\"0\">\t\t\t<div class=\"textwidget\">\n<p><\/p>\n<br>\n<strong>Telefon:\u00a0<\/strong> +90 322 332 97 34\n<p><strong>Fax:\u00a0<\/strong> +90 322 332 96 67<\/p>\n<p><strong>Adres:<\/strong><\/p>\n<p>S\u00f6nmezler Tar\u0131m Makinalar\u0131 San. ve Tic. Ltd. \u015eti<br>\nAdana-Ceyhan Karayolu 10. Km.<br>\nP.K. 315<br>\n01322 \/ \u0130ncirlik \/ Adana \/ T\u00fcrkiye<\/p>\n<\/div>\n\t\t<\/div><\/div><\/div><\/div><\/body>","protected":false},"excerpt":{"rendered":"<p>Telefon:\u00a0 +90 322 332 97 34 Fax:\u00a0 +90 322 332 96 67 Adres: S\u00f6nmezler Tar\u0131m Makinalar\u0131 San. ve Tic. Ltd. \u015eti Adana-Ceyhan Karayolu 10. Km. P.K. 315 01322 \/ \u0130ncirlik &hellip; <\/p>\n","protected":false},"author":1,"featured_media":0,"parent":0,"menu_order":0,"comment_status":"closed","ping_status":"closed","template":"","meta":{"footnotes":""},"class_list":["post-135","page","type-page","status-publish","hentry"],"_links":{"self":[{"href":"https:\/\/sonmezler.com\/index.php\/wp-json\/wp\/v2\/pages\/135"}],"collection":[{"href":"https:\/\/sonmezler.com\/index.php\/wp-json\/wp\/v2\/pages"}],"about":[{"href":"https:\/\/sonmezler.com\/index.php\/wp-json\/wp\/v2\/types\/page"}],"author":[{"embeddable":true,"href":"https:\/\/sonmezler.com\/index.php\/wp-json\/wp\/v2\/users\/1"}],"replies":[{"embeddable":true,"href":"https:\/\/sonmezler.com\/index.php\/wp-json\/wp\/v2\/comments?post=135"}],"version-history":[{"count":3,"href":"https:\/\/sonmezler.com\/index.php\/wp-json\/wp\/v2\/pages\/135\/revisions"}],"predecessor-version":[{"id":274,"href":"https:\/\/sonmezler.com\/index.php\/wp-json\/wp\/v2\/pages\/135\/revisions\/274"}],"wp:attachment":[{"href":"https:\/\/sonmezler.com\/index.php\/wp-json\/wp\/v2\/media?parent=135"}],"curies":[{"name":"wp","href":"https:\/\/api.w.org\/{rel}","templated":true}]}}