{"id":138,"date":"2020-09-09T21:43:39","date_gmt":"2020-09-09T21:43:39","guid":{"rendered":"http:\/\/sonmezler.com\/?page_id=138"},"modified":"2020-09-10T10:03:18","modified_gmt":"2020-09-10T07:03:18","slug":"contact-us","status":"publish","type":"page","link":"https:\/\/sonmezler.com\/index.php\/en\/contact-us\/","title":{"rendered":"Contact Us"},"content":{"rendered":"<body>\n<div id=\"pl-gb138-69f216f729a6d\" class=\"panel-layout\"><div id=\"pg-gb138-69f216f729a6d-0\" class=\"panel-grid panel-no-style\">\n<div id=\"pgc-gb138-69f216f729a6d-0-0\" class=\"panel-grid-cell panel-grid-cell-mobile-last\"><div id=\"panel-gb138-69f216f729a6d-0-0-0\" class=\"so-panel widget widget_text panel-first-child panel-last-child\" data-index=\"0\">\t\t\t<div class=\"textwidget\">\n<p><\/p>\n<br>\n<strong>Telephone:\u00a0<\/strong> +90 322 332 97 34\n<p><strong>Telefax:\u00a0<\/strong> +90 322 332 96 67<\/p>\n<p><strong>Address:<\/strong><\/p>\n<p>S\u00f6nmezler Tar\u0131m Makinalar\u0131 San. ve Tic. Ltd. \u015eti<br>\nAdana-Ceyhan Karayolu 10. Km.<br>\nP.K. 315<br>\n01322 \/ \u0130ncirlik \/ Adana \/ Turkey<\/p>\n<\/div>\n\t\t<\/div><\/div>\n<div id=\"pgc-gb138-69f216f729a6d-0-1\" class=\"panel-grid-cell panel-grid-cell-empty\"><\/div>\n<\/div><\/div>\n\n\n<div class=\"wpforms-container wpforms-container-full wpforms-block\" id=\"wpforms-285\"><form id=\"wpforms-form-285\" class=\"wpforms-validate wpforms-form wpforms-ajax-form\" data-formid=\"285\" method=\"post\" enctype=\"multipart\/form-data\" action=\"\/index.php\/wp-json\/wp\/v2\/pages\/138\" data-token=\"55e70500c7e613c785b62f3f996e8329\" data-token-time=\"1777473271\">\n<noscript class=\"wpforms-error-noscript\">Please enable JavaScript in your browser to complete this form.<\/noscript>\n<div class=\"wpforms-field-container\">\n<div id=\"wpforms-285-field_0-container\" class=\"wpforms-field wpforms-field-name\" data-field-id=\"0\">\n<label class=\"wpforms-field-label\">Name <span class=\"wpforms-required-label\">*<\/span><\/label><div class=\"wpforms-field-row wpforms-field-medium\">\n<div class=\"wpforms-field-row-block wpforms-first wpforms-one-half\">\n<input type=\"text\" id=\"wpforms-285-field_0\" class=\"wpforms-field-name-first wpforms-field-required\" name=\"wpforms[fields][0][first]\" required><label for=\"wpforms-285-field_0\" class=\"wpforms-field-sublabel after\">First<\/label>\n<\/div>\n<div class=\"wpforms-field-row-block wpforms-one-half\">\n<input type=\"text\" id=\"wpforms-285-field_0-last\" class=\"wpforms-field-name-last wpforms-field-required\" name=\"wpforms[fields][0][last]\" required><label for=\"wpforms-285-field_0-last\" class=\"wpforms-field-sublabel after\">Last<\/label>\n<\/div>\n<\/div>\n<\/div>\n<div id=\"wpforms-285-field_1-container\" class=\"wpforms-field wpforms-field-email\" data-field-id=\"1\">\n<label class=\"wpforms-field-label\" for=\"wpforms-285-field_1\">Email <span class=\"wpforms-required-label\">*<\/span><\/label><input type=\"email\" id=\"wpforms-285-field_1\" class=\"wpforms-field-medium wpforms-field-required\" name=\"wpforms[fields][1]\" spellcheck=\"false\" required>\n<\/div>\n<div id=\"wpforms-285-field_2-container\" class=\"wpforms-field wpforms-field-textarea\" data-field-id=\"2\">\n<label class=\"wpforms-field-label\" for=\"wpforms-285-field_2\">Comment or Message <span class=\"wpforms-required-label\">*<\/span><\/label><textarea id=\"wpforms-285-field_2\" class=\"wpforms-field-medium wpforms-field-required\" name=\"wpforms[fields][2]\" required><\/textarea>\n<\/div>\n<\/div>\n<!-- .wpforms-field-container --><div class=\"wpforms-submit-container\">\n<input type=\"hidden\" name=\"wpforms[id]\" value=\"285\"><input type=\"hidden\" name=\"page_title\" value=\"\"><input type=\"hidden\" name=\"page_url\" value=\"https:\/\/sonmezler.com\/index.php\/wp-json\/wp\/v2\/pages\/138\"><input type=\"hidden\" name=\"url_referer\" value=\"\"><button type=\"submit\" name=\"wpforms[submit]\" id=\"wpforms-submit-285\" class=\"wpforms-submit\" data-alt-text=\"Sending...\" data-submit-text=\"Submit\" aria-live=\"assertive\" value=\"wpforms-submit\">Submit<\/button><img decoding=\"async\" src=\"https:\/\/sonmezler.com\/wp-content\/plugins\/wpforms-lite\/assets\/images\/submit-spin.svg\" class=\"wpforms-submit-spinner\" style=\"display: none;\" width=\"26\" height=\"26\" alt=\"Loading\" loading=\"lazy\">\n<\/div>\n<\/form><\/div>  <!-- .wpforms-container -->\n<\/body>","protected":false},"excerpt":{"rendered":"<p>Telephone:\u00a0 +90 322 332 97 34 Telefax:\u00a0 +90 322 332 96 67 Address: S\u00f6nmezler Tar\u0131m Makinalar\u0131 San. ve Tic. Ltd. \u015eti Adana-Ceyhan Karayolu 10. Km. P.K. 315 01322 \/ \u0130ncirlik &hellip; <\/p>\n","protected":false},"author":1,"featured_media":0,"parent":0,"menu_order":0,"comment_status":"closed","ping_status":"closed","template":"","meta":{"footnotes":""},"class_list":["post-138","page","type-page","status-publish","hentry"],"_links":{"self":[{"href":"https:\/\/sonmezler.com\/index.php\/wp-json\/wp\/v2\/pages\/138"}],"collection":[{"href":"https:\/\/sonmezler.com\/index.php\/wp-json\/wp\/v2\/pages"}],"about":[{"href":"https:\/\/sonmezler.com\/index.php\/wp-json\/wp\/v2\/types\/page"}],"author":[{"embeddable":true,"href":"https:\/\/sonmezler.com\/index.php\/wp-json\/wp\/v2\/users\/1"}],"replies":[{"embeddable":true,"href":"https:\/\/sonmezler.com\/index.php\/wp-json\/wp\/v2\/comments?post=138"}],"version-history":[{"count":7,"href":"https:\/\/sonmezler.com\/index.php\/wp-json\/wp\/v2\/pages\/138\/revisions"}],"predecessor-version":[{"id":286,"href":"https:\/\/sonmezler.com\/index.php\/wp-json\/wp\/v2\/pages\/138\/revisions\/286"}],"wp:attachment":[{"href":"https:\/\/sonmezler.com\/index.php\/wp-json\/wp\/v2\/media?parent=138"}],"curies":[{"name":"wp","href":"https:\/\/api.w.org\/{rel}","templated":true}]}}