{"id":160,"date":"2020-09-09T21:51:03","date_gmt":"2020-09-09T21:51:03","guid":{"rendered":"http:\/\/sonmezler.com\/?page_id=160"},"modified":"2020-09-10T10:40:35","modified_gmt":"2020-09-10T07:40:35","slug":"yurtici-satis","status":"publish","type":"page","link":"https:\/\/sonmezler.com\/index.php\/tr\/bize-ulasin\/yurtici-satis\/","title":{"rendered":"Yurti\u00e7i Sat\u0131\u015f"},"content":{"rendered":"<body>\n<div class=\"wpforms-container wpforms-container-full wpforms-block\" id=\"wpforms-290\"><form id=\"wpforms-form-290\" class=\"wpforms-validate wpforms-form wpforms-ajax-form\" data-formid=\"290\" method=\"post\" enctype=\"multipart\/form-data\" action=\"\/index.php\/wp-json\/wp\/v2\/pages\/160\" data-token=\"6da6d29d5ae6c3e70798ace7e3ee5cc4\" data-token-time=\"1776772628\">\n<noscript class=\"wpforms-error-noscript\">Please enable JavaScript in your browser to complete this form.<\/noscript>\n<div class=\"wpforms-field-container\">\n<div id=\"wpforms-290-field_0-container\" class=\"wpforms-field wpforms-field-name\" data-field-id=\"0\">\n<label class=\"wpforms-field-label\" for=\"wpforms-290-field_0\">Ad\u0131n\u0131z <span class=\"wpforms-required-label\">*<\/span><\/label><input type=\"text\" id=\"wpforms-290-field_0\" class=\"wpforms-field-medium wpforms-field-required\" name=\"wpforms[fields][0]\" required>\n<\/div>\n<div id=\"wpforms-290-field_1-container\" class=\"wpforms-field wpforms-field-email\" data-field-id=\"1\">\n<label class=\"wpforms-field-label\" for=\"wpforms-290-field_1\">Mail adresiniz <span class=\"wpforms-required-label\">*<\/span><\/label><input type=\"email\" id=\"wpforms-290-field_1\" class=\"wpforms-field-medium wpforms-field-required\" name=\"wpforms[fields][1]\" spellcheck=\"false\" required>\n<\/div>\n<div id=\"wpforms-290-field_2-container\" class=\"wpforms-field wpforms-field-textarea\" data-field-id=\"2\">\n<label class=\"wpforms-field-label\" for=\"wpforms-290-field_2\">Mesaj\u0131n\u0131z <span class=\"wpforms-required-label\">*<\/span><\/label><textarea id=\"wpforms-290-field_2\" class=\"wpforms-field-medium wpforms-field-required\" name=\"wpforms[fields][2]\" required><\/textarea>\n<\/div>\n<\/div>\n<!-- .wpforms-field-container --><div class=\"wpforms-submit-container\">\n<input type=\"hidden\" name=\"wpforms[id]\" value=\"290\"><input type=\"hidden\" name=\"page_title\" value=\"\"><input type=\"hidden\" name=\"page_url\" value=\"https:\/\/sonmezler.com\/index.php\/wp-json\/wp\/v2\/pages\/160\"><input type=\"hidden\" name=\"url_referer\" value=\"\"><button type=\"submit\" name=\"wpforms[submit]\" id=\"wpforms-submit-290\" class=\"wpforms-submit\" data-alt-text=\"G\u00f6nderiliyor...\" data-submit-text=\"G\u00f6nder\" aria-live=\"assertive\" value=\"wpforms-submit\">G\u00f6nder<\/button><img decoding=\"async\" src=\"https:\/\/sonmezler.com\/wp-content\/plugins\/wpforms-lite\/assets\/images\/submit-spin.svg\" class=\"wpforms-submit-spinner\" style=\"display: none;\" width=\"26\" height=\"26\" alt=\"Loading\" loading=\"lazy\">\n<\/div>\n<\/form><\/div>  <!-- .wpforms-container -->\n<\/body>","protected":false},"excerpt":{"rendered":"","protected":false},"author":1,"featured_media":0,"parent":135,"menu_order":0,"comment_status":"closed","ping_status":"closed","template":"","meta":{"footnotes":""},"class_list":["post-160","page","type-page","status-publish","hentry"],"_links":{"self":[{"href":"https:\/\/sonmezler.com\/index.php\/wp-json\/wp\/v2\/pages\/160"}],"collection":[{"href":"https:\/\/sonmezler.com\/index.php\/wp-json\/wp\/v2\/pages"}],"about":[{"href":"https:\/\/sonmezler.com\/index.php\/wp-json\/wp\/v2\/types\/page"}],"author":[{"embeddable":true,"href":"https:\/\/sonmezler.com\/index.php\/wp-json\/wp\/v2\/users\/1"}],"replies":[{"embeddable":true,"href":"https:\/\/sonmezler.com\/index.php\/wp-json\/wp\/v2\/comments?post=160"}],"version-history":[{"count":2,"href":"https:\/\/sonmezler.com\/index.php\/wp-json\/wp\/v2\/pages\/160\/revisions"}],"predecessor-version":[{"id":293,"href":"https:\/\/sonmezler.com\/index.php\/wp-json\/wp\/v2\/pages\/160\/revisions\/293"}],"up":[{"embeddable":true,"href":"https:\/\/sonmezler.com\/index.php\/wp-json\/wp\/v2\/pages\/135"}],"wp:attachment":[{"href":"https:\/\/sonmezler.com\/index.php\/wp-json\/wp\/v2\/media?parent=160"}],"curies":[{"name":"wp","href":"https:\/\/api.w.org\/{rel}","templated":true}]}}