{"id":172,"date":"2020-09-09T21:53:21","date_gmt":"2020-09-09T21:53:21","guid":{"rendered":"http:\/\/sonmezler.com\/?page_id=172"},"modified":"2020-09-11T18:40:58","modified_gmt":"2020-09-11T15:40:58","slug":"hibe-evraklari","status":"publish","type":"page","link":"https:\/\/sonmezler.com\/index.php\/tr\/indir\/hibe-evraklari\/","title":{"rendered":"Hibe Evraklar\u0131"},"content":{"rendered":"<body>\n<p class=\"has-medium-font-size\">\u00a0Zirai Kredi Uygunluk Belgeleri \u2013 Deney Raporlar\u0131 \u2013 Garanti Belgeleri<\/p>\n\n\n\n<p><a href=\"http:\/\/sonmezler.com\/wp-content\/uploads\/2020\/09\/yerli_mali_belgesi_2017.pdf\">Yerli mal\u0131 belgesi 2017<\/a><\/p>\n\n\n\n<p><strong>Balya Makinesi<\/strong><\/p>\n\n\n\n<p><a href=\"http:\/\/sonmezler.com\/wp-content\/uploads\/2020\/09\/9100-Kitap.pdf\">\u2013 Balya Makinas\u0131 Kullan\u0131m Kitab\u0131<\/a><\/p>\n\n\n\n<ul class=\"wp-block-list\">\n<li>Ha\u015fpays\u0131z \u0130ki Ba\u011flama D\u00fczenli Balya Makinesi<br><a href=\"http:\/\/sonmezler.com\/wp-content\/uploads\/2020\/09\/balya_2ipli_deney_raporu.pdf\">\u2013 Deney Raporu<\/a><br><a href=\"http:\/\/sonmezler.com\/wp-content\/uploads\/2020\/09\/balya_garanti_belgesi.pdf\">\u2013 Garanti Belgesi<\/a><br><a href=\"http:\/\/sonmezler.com\/wp-content\/uploads\/2020\/09\/balya_zirai_kredilendirme_1.pdf\">\u2013 Zirai Kredilendirme Belgesi<\/a><br><a href=\"http:\/\/sonmezler.com\/wp-content\/uploads\/2020\/09\/balya_tse_belgesi.pdf\">\u2013 TSE Belgesi<\/a>\n<\/li>\n<li>Ha\u015fpayl\u0131 \u00dc\u00e7 Ba\u011flama D\u00fczenli Balya Makinesi<br><a href=\"http:\/\/sonmezler.com\/wp-content\/uploads\/2020\/09\/balya_3ipli_haspayli_deney_raporu.pdf\">\u2013 Deney Raporu<\/a><br><a href=\"http:\/\/sonmezler.com\/wp-content\/uploads\/2020\/09\/balya_garanti_belgesi.pdf\">\u2013 Garanti Belgesi<\/a><br><a href=\"http:\/\/sonmezler.com\/wp-content\/uploads\/2020\/09\/balya_zirai_kredilendirme_2.pdf\">\u2013 Zirai Kredilendirme Belgesi<\/a><br><a href=\"http:\/\/sonmezler.com\/wp-content\/uploads\/2020\/09\/balya_tse_belgesi.pdf\">\u2013 TSE Belgesi<\/a>\n<\/li>\n<\/ul>\n\n\n\n<p><strong>Rulo Balya Makinesi<\/strong><\/p>\n\n\n\n<ul class=\"wp-block-list\"><li>RB120 Rulo Balya Makinesi<br><a href=\"http:\/\/sonmezler.com\/wp-content\/uploads\/2020\/09\/rulo_balya_RB120_deney_raporu.pdf\">\u2013 Deney Raporu<\/a><br><a href=\"http:\/\/sonmezler.com\/wp-content\/uploads\/2020\/09\/balya_garanti_belgesi.pdf\">\u2013 Garanti Belgesi<\/a>\n<\/li><\/ul>\n\n\n\n<ul class=\"wp-block-list\">\n<li>RB50 Rulo Balya Makinesi<br><a href=\"http:\/\/sonmezler.com\/wp-content\/uploads\/2020\/09\/rulo_balya_RB50_deney_raporu.pdf\">\u2013 Deney Raporu<\/a><br><a href=\"http:\/\/sonmezler.com\/wp-content\/uploads\/2020\/09\/balya_garanti_belgesi.pdf\">\u2013 Garanti Belgesi<\/a>\n<\/li>\n<li>RS120 Rulo Balya Sarma Makinesi<br><a href=\"http:\/\/sonmezler.com\/wp-content\/uploads\/2020\/09\/rulo_balya_RS120_deney_raporu.pdf\">\u2013 Deney Raporu<\/a><br><a href=\"http:\/\/sonmezler.com\/wp-content\/uploads\/2020\/09\/balya_garanti_belgesi.pdf\">\u2013 Garanti Belgesi<\/a>\n<\/li>\n<li>RS50 Rulo Balya Sarma Makinesi<br><a href=\"http:\/\/sonmezler.com\/wp-content\/uploads\/2020\/09\/rulo_balya_RS50_deney_raporu.pdf\">\u2013 Deney Raporu<\/a><br><a href=\"http:\/\/sonmezler.com\/wp-content\/uploads\/2020\/09\/balya_garanti_belgesi.pdf\">\u2013 Garanti Belgesi<\/a>\n<\/li>\n<\/ul>\n\n\n\n<p><strong>Pancar Hasat Makinesi<\/strong><\/p>\n\n\n\n<ul class=\"wp-block-list\"><li>Col-E Bantl\u0131 \u2013 Tam Hidrolik Pancar Hasat Makinesi<br><a href=\"http:\/\/sonmezler.com\/wp-content\/uploads\/2020\/09\/coll-e_deney_raporu.pdf\">\u2013 Deney Raporu<\/a><br><a href=\"http:\/\/sonmezler.com\/wp-content\/uploads\/2020\/09\/coll-e_zirai_kredilendirme.pdf\">\u2013 Zirai Kredilendirme Belgesi<\/a>\n<\/li><\/ul>\n\n\n\n<p><strong>Saman Makinesi<br><\/strong><\/p>\n\n\n\n<ul class=\"wp-block-list\"><li>Otomatik Sap Toplamal\u0131 Saman Makinesi<br><a href=\"http:\/\/sonmezler.com\/wp-content\/uploads\/2020\/09\/sm03_deney_raporu.pdf\">\u2013 Deney Raporu (SM03)<\/a><br><a href=\"http:\/\/sonmezler.com\/wp-content\/uploads\/2020\/09\/sm05_deney_raporu.pdf\">\u2013 Deney Raporu (SM05)<\/a><br><a href=\"http:\/\/sonmezler.com\/wp-content\/uploads\/2020\/09\/sm03_garanti_belgesi.pdf\">\u2013 Garanti Belgesi<\/a><br><a href=\"http:\/\/sonmezler.com\/wp-content\/uploads\/2020\/09\/sm03_zirai_kredilendirme.pdf\">\u2013 Zirai Kredilendirme Belgesi (SM03)<\/a><br><a href=\"http:\/\/sonmezler.com\/wp-content\/uploads\/2020\/09\/sm05_zirai_kredilendirme.pdf\">\u2013 Zirai Kredilendirme Belgesi (SM05)<\/a><br><a href=\"http:\/\/sonmezler.com\/wp-content\/uploads\/2020\/09\/SM05-Kitap-Katalog.pdf\">\u2013 Kullan\u0131m Kitab\u0131<\/a><br><a href=\"http:\/\/sonmezler.com\/wp-content\/uploads\/2020\/09\/saman_tse_belgesi.pdf\">\u2013 TSE Belgesi<\/a>\n<\/li><\/ul>\n\n\n\n<p><strong>F\u00c7M S\u0131ra Aras\u0131 \u00c7apa Makinesi<br><\/strong><\/p>\n\n\n\n<ul class=\"wp-block-list\"><li><a href=\"http:\/\/sonmezler.com\/wp-content\/uploads\/2020\/09\/fcm_garanti_belgesi.pdf\">\u2013 Garanti Belgesi<\/a><\/li><\/ul>\n\n\n\n<p><strong>MD Ekim Sistemi<\/strong><\/p>\n\n\n\n<p><a href=\"http:\/\/sonmezler.com\/wp-content\/uploads\/2020\/09\/MD-Kitap.pdf\">\u2013 MD Kullan\u0131m Kitab\u0131<\/a><\/p>\n\n\n\n<ul class=\"wp-block-list\">\n<li>MD 4-5-6 S\u0131ral\u0131 Disk Ayakl\u0131 G\u00fcbre \u00dcniteli<br><a href=\"http:\/\/sonmezler.com\/wp-content\/uploads\/2020\/09\/md_diskli_gubreli_deney_raporu.pdf\">\u2013 Deney Raporu<\/a><br><a href=\"http:\/\/sonmezler.com\/wp-content\/uploads\/2020\/09\/ekim_garanti_belgesi.pdf\">\u2013 Garanti Belgesi<\/a><br><a href=\"http:\/\/sonmezler.com\/wp-content\/uploads\/2020\/09\/md_zirai_kredilendirme_diskli_gubreli.pdf\">\u2013 Zirai Kredilendirme Belgesi<\/a><br><a href=\"http:\/\/sonmezler.com\/wp-content\/uploads\/2020\/09\/MD_tse_belgesi.pdf\">\u2013 TSE Belgesi<\/a>\n<\/li>\n<li>MD 4-5-6 S\u0131ral\u0131 Disk Ayakl\u0131 G\u00fcbre \u00dcnitesiz<br><a href=\"http:\/\/sonmezler.com\/wp-content\/uploads\/2020\/09\/md_diskli_gubresiz_deney_raporu.pdf\">\u2013 Deney Raporu<\/a><br><a href=\"http:\/\/sonmezler.com\/wp-content\/uploads\/2020\/09\/ekim_garanti_belgesi.pdf\">\u2013 Garanti Belgesi<\/a><br><a href=\"http:\/\/sonmezler.com\/wp-content\/uploads\/2020\/09\/md_zirai_kredilendirme_diskli_gubresiz.pdf\">\u2013 Zirai Kredilendirme Belgesi<\/a><br><a href=\"http:\/\/sonmezler.com\/wp-content\/uploads\/2020\/09\/MD_tse_belgesi.pdf\">\u2013 TSE Belgesi\u00a0<\/a>\n<\/li>\n<li>MD 4-5-6 S\u0131ral\u0131 Balta Ayakl\u0131 G\u00fcbre \u00dcniteli<br><a href=\"http:\/\/sonmezler.com\/wp-content\/uploads\/2020\/09\/md_baltali_gubreli_deney_raporu.pdf\">\u2013 Deney Raporu<\/a><br><a href=\"http:\/\/sonmezler.com\/wp-content\/uploads\/2020\/09\/ekim_garanti_belgesi.pdf\">\u2013 Garanti Belgesi<\/a><br><a href=\"http:\/\/sonmezler.com\/wp-content\/uploads\/2020\/09\/md_zirai_kredilendirme_baltali_gubreli.pdf\">\u2013 Zirai Kredilendirme Belgesi<\/a><br><a href=\"http:\/\/sonmezler.com\/wp-content\/uploads\/2020\/09\/MD_tse_belgesi.pdf\">\u2013 TSE Belgesi<\/a>\n<\/li>\n<li>MD 4-5-6 S\u0131ral\u0131 Balta Ayakl\u0131 G\u00fcbre \u00dcniteli<br><a href=\"http:\/\/sonmezler.com\/wp-content\/uploads\/2020\/09\/md_baltali_gubresiz_deney_raporu.pdf\">\u2013 Deney Raporu<\/a><br><a href=\"http:\/\/sonmezler.com\/wp-content\/uploads\/2020\/09\/ekim_garanti_belgesi.pdf\">\u2013 Garanti Belgesi<\/a><br><a href=\"http:\/\/sonmezler.com\/wp-content\/uploads\/2020\/09\/md_zirai_kredilendirme_baltali_gubresiz.pdf\">\u2013 Zirai Kredilendirme Belgesi<\/a><br><a href=\"http:\/\/sonmezler.com\/wp-content\/uploads\/2020\/09\/MD_tse_belgesi.pdf\">\u2013 TSE Belgesi<\/a>\n<\/li>\n<\/ul>\n\n\n\n<p><strong>PMD Ekim Sistemi<\/strong><\/p>\n\n\n\n<p><a href=\"http:\/\/sonmezler.com\/wp-content\/uploads\/2020\/09\/PMD-Kitap.pdf\">\u2013 PMD Kullan\u0131m Kitab\u0131<\/a><\/p>\n\n\n\n<ul class=\"wp-block-list\">\n<li>PMD 4-5-6 s\u0131ral\u0131 g\u00fcbre \u00fcniteli<br><a href=\"http:\/\/sonmezler.com\/wp-content\/uploads\/2020\/09\/pmd_gubreli_deney_raporu.pdf\">\u2013 Deney Raporu<\/a><br><a href=\"http:\/\/sonmezler.com\/wp-content\/uploads\/2020\/09\/ekim_garanti_belgesi.pdf\">\u2013 Garanti Belgesi<\/a><br><a href=\"http:\/\/sonmezler.com\/wp-content\/uploads\/2020\/09\/pmd_zirai_kredilendirme_gubreli.pdf\">\u2013 Zirai Kredilendirme Belgesi<\/a><br><a href=\"http:\/\/sonmezler.com\/wp-content\/uploads\/2020\/09\/pmd_tse_belgesi.pdf\">\u2013 TSE Belgesi<\/a>\n<\/li>\n<li>PMD 4-5-6 s\u0131ral\u0131 g\u00fcbre \u00fcnitesiz<br><a href=\"http:\/\/sonmezler.com\/wp-content\/uploads\/2020\/09\/pmd_gubresiz_deney_raporu.pdf\">\u2013 Deney Raporu<br><\/a><a href=\"http:\/\/sonmezler.com\/wp-content\/uploads\/2020\/09\/ekim_garanti_belgesi.pdf\">\u2013 Garanti Belgesi<br><\/a><a href=\"http:\/\/sonmezler.com\/wp-content\/uploads\/2020\/09\/pmd_zirai_kredilendirme_gubresiz.pdf\">\u2013 Zirai Kredilendirme Belgesi<br><\/a><a href=\"http:\/\/sonmezler.com\/wp-content\/uploads\/2020\/09\/pmd_tse_belgesi.pdf\">\u2013 TSE Belgesi<\/a>\n<\/li>\n<li>An\u0131za Ekim Sistemi<br><a href=\"http:\/\/sonmezler.com\/wp-content\/uploads\/2020\/09\/anzia_ekim_deney_raporu.pdf\">\u2013 Deney Raporu<\/a>\n<\/li>\n<\/ul>\n\n\n\n<p><strong>SD Ekim Sistemi<\/strong><\/p>\n\n\n\n<ul class=\"wp-block-list\">\n<li>SD 3600 TD Hububat Ekim Makinesi As\u0131l\u0131r Tip G\u00fcbreli<br><a href=\"http:\/\/sonmezler.com\/wp-content\/uploads\/2020\/09\/sd_3600_asilir_gubreli_deney_raporu.pdf\">\u2013 Deney Raporu<\/a><br><a href=\"http:\/\/sonmezler.com\/wp-content\/uploads\/2020\/09\/ekim_garanti_belgesi.pdf\">\u2013 Garanti Belgesi<\/a><br><a href=\"http:\/\/sonmezler.com\/wp-content\/uploads\/2020\/09\/sd_tse_belgesi.pdf\">\u2013 TSE Belgesi<\/a>\n<\/li>\n<li>SD 3600 TD Hububat Ekim Makinesi As\u0131l\u0131r Tip G\u00fcbresiz<br><a href=\"http:\/\/sonmezler.com\/wp-content\/uploads\/2020\/09\/sd_3600_asilir_gubresiz_deney_raporu.pdf\">\u2013 Deney Raporu<\/a><br><a href=\"http:\/\/sonmezler.com\/wp-content\/uploads\/2020\/09\/ekim_garanti_belgesi.pdf\">\u2013 Garanti Belgesi<\/a><br><a href=\"http:\/\/sonmezler.com\/wp-content\/uploads\/2020\/09\/sd_tse_belgesi.pdf\">\u2013 TSE Belgesi<\/a>\n<\/li>\n<li>SD 3000 TD Hububat Ekim Makinesi As\u0131l\u0131r Tip G\u00fcbreli<br><a href=\"http:\/\/sonmezler.com\/wp-content\/uploads\/2020\/09\/sd_3000_asilir_gubreli_deney_raporu.pdf\">\u2013 Deney Raporu<\/a><br><a href=\"http:\/\/sonmezler.com\/wp-content\/uploads\/2020\/09\/ekim_garanti_belgesi.pdf\">\u2013 Garanti Belgesi<\/a><br><a href=\"http:\/\/sonmezler.com\/wp-content\/uploads\/2020\/09\/sd_tse_belgesi.pdf\">\u2013 TSE Belgesi<\/a>\n<\/li>\n<li>SD 3000 TD Hububat Ekim Makinesi As\u0131l\u0131r Tip G\u00fcbresiz<br><a href=\"http:\/\/sonmezler.com\/wp-content\/uploads\/2020\/09\/sd_3000_asilir_gubresiz_deney_raporu.pdf\">\u2013 Deney Raporu<\/a><br><a href=\"http:\/\/sonmezler.com\/wp-content\/uploads\/2020\/09\/ekim_garanti_belgesi.pdf\">\u2013 Garanti Belgesi<\/a><br><a href=\"http:\/\/sonmezler.com\/wp-content\/uploads\/2020\/09\/sd_tse_belgesi.pdf\">\u2013 TSE Belgesi<\/a>\n<\/li>\n<li>SD 2500 TD Hububat Ekim Makinesi As\u0131l\u0131r Tip G\u00fcbreli<br><a href=\"http:\/\/sonmezler.com\/wp-content\/uploads\/2020\/09\/sd_2500_asilir_gubreli_deney_raporu.pdf\">\u2013 Deney Raporu<\/a><br><a href=\"http:\/\/sonmezler.com\/wp-content\/uploads\/2020\/09\/ekim_garanti_belgesi.pdf\">\u2013 Garanti Belgesi<\/a><br><a href=\"http:\/\/sonmezler.com\/wp-content\/uploads\/2020\/09\/sd_tse_belgesi.pdf\">\u2013 TSE Belgesi<\/a>\n<\/li>\n<li>SD 2500 TD Hububat Ekim Makinesi As\u0131l\u0131r Tip G\u00fcbresiz<br><a href=\"http:\/\/sonmezler.com\/wp-content\/uploads\/2020\/09\/sd_2500_asilir_gubresiz_deney_raporu.pdf\">\u2013 Deney Raporu<\/a><br><a href=\"http:\/\/sonmezler.com\/wp-content\/uploads\/2020\/09\/ekim_garanti_belgesi.pdf\">\u2013 Garanti Belgesi<\/a><br><a href=\"http:\/\/sonmezler.com\/wp-content\/uploads\/2020\/09\/sd_tse_belgesi.pdf\">\u2013 TSE Belgesi<\/a>\n<\/li>\n<li>SD 3600 TD Hububat Ekim Makinesi \u00c7ekilir Tip G\u00fcbreli<br><a href=\"http:\/\/sonmezler.com\/wp-content\/uploads\/2020\/09\/sd_3600_cekilir_gubreli_deney_raporu.pdf\">\u2013 Deney Raporu<\/a><br><a href=\"http:\/\/sonmezler.com\/wp-content\/uploads\/2020\/09\/ekim_garanti_belgesi.pdf\">\u2013 Garanti Belgesi<\/a><br><a href=\"http:\/\/sonmezler.com\/wp-content\/uploads\/2020\/09\/sd_tse_belgesi.pdf\">\u2013 TSE Belgesi<\/a>\n<\/li>\n<li>SD 3600 TD Hububat Ekim Makinesi \u00c7ekilir Tip G\u00fcbresiz<br><a href=\"http:\/\/sonmezler.com\/wp-content\/uploads\/2020\/09\/sd_3600_cekilir_gubresiz_deney_raporu.pdf\">\u2013 Deney Raporu<\/a><br><a href=\"http:\/\/sonmezler.com\/wp-content\/uploads\/2020\/09\/ekim_garanti_belgesi.pdf\">\u2013 Garanti Belgesi<\/a><br><a href=\"http:\/\/sonmezler.com\/wp-content\/uploads\/2020\/09\/sd_tse_belgesi.pdf\">\u2013 TSE Belgesi<\/a>\n<\/li>\n<li>SD 3000 TD Hububat Ekim Makinesi \u00c7ekilir Tip G\u00fcbreli<br><a href=\"http:\/\/sonmezler.com\/wp-content\/uploads\/2020\/09\/sd_3000_cekilir_gubreli_deney_raporu.pdf\">\u2013 Deney Raporu<\/a><br><a href=\"http:\/\/sonmezler.com\/wp-content\/uploads\/2020\/09\/ekim_garanti_belgesi.pdf\">\u2013 Garanti Belgesi<\/a><br><a href=\"http:\/\/sonmezler.com\/wp-content\/uploads\/2020\/09\/sd_tse_belgesi.pdf\">\u2013 TSE Belgesi<\/a>\n<\/li>\n<li>SD 3000 TD Hububat Ekim Makinesi \u00c7ekilir Tip G\u00fcbresiz<br><a href=\"http:\/\/sonmezler.com\/wp-content\/uploads\/2020\/09\/sd_3000_cekilir_gubresiz_deney_raporu.pdf\">\u2013 Deney Raporu<\/a><br><a href=\"http:\/\/sonmezler.com\/wp-content\/uploads\/2020\/09\/ekim_garanti_belgesi.pdf\">\u2013 Garanti Belgesi<\/a><br><a href=\"http:\/\/sonmezler.com\/wp-content\/uploads\/2020\/09\/sd_tse_belgesi.pdf\">\u2013 TSE Belgesi<\/a>\n<\/li>\n<li>SD 2500 TD Hububat Ekim Makinesi \u00c7ekilir Tip G\u00fcbreli<br><a href=\"http:\/\/sonmezler.com\/wp-content\/uploads\/2020\/09\/sd_2500_cekilir_gubreli_deney_raporu.pdf\">\u2013 Deney Raporu<\/a><br><a href=\"http:\/\/sonmezler.com\/wp-content\/uploads\/2020\/09\/ekim_garanti_belgesi.pdf\">\u2013 Garanti Belgesi<\/a><br><a href=\"http:\/\/sonmezler.com\/wp-content\/uploads\/2020\/09\/sd_tse_belgesi.pdf\">\u2013 TSE Belgesi<\/a>\n<\/li>\n<li>SD 2500 TD Hububat Ekim Makinesi \u00c7ekilir Tip G\u00fcbresiz<br><a href=\"http:\/\/sonmezler.com\/wp-content\/uploads\/2020\/09\/sd_2500_cekilir_gubresiz_deney_raporu.pdf\">\u2013 Deney Raporu<br><\/a><a href=\"http:\/\/sonmezler.com\/wp-content\/uploads\/2020\/09\/ekim_garanti_belgesi.pdf\">\u2013 Garanti Belgesi<br><\/a><a href=\"http:\/\/sonmezler.com\/wp-content\/uploads\/2020\/09\/sd_tse_belgesi.pdf\">\u2013 TSE Belgesi<\/a>\n<\/li>\n<\/ul>\n\n\n\n<p><strong>Sap Par\u00e7alama<\/strong><\/p>\n\n\n\n<ul class=\"wp-block-list\"><li>Sap Par\u00e7alama Makinesi \u2013 T\u00fcm Modeller<br><a href=\"http:\/\/sonmezler.com\/wp-content\/uploads\/2020\/09\/sap_parcalama_garanti_belgesi.pdf\">\u2013 Garanti Belgesi<\/a>\n<\/li><\/ul>\n\n\n\n<p><strong>Silaj Makinesi<\/strong><\/p>\n\n\n\n<ul class=\"wp-block-list\"><li>SL101 M\u0131s\u0131r Silaj Makinesi<br><a href=\"http:\/\/sonmezler.com\/wp-content\/uploads\/2020\/09\/silaj_garanti_belgesi.pdf\">\u2013 Garanti Belgesi<\/a>\n<\/li><\/ul>\n\n\n\n<p><strong>Dik B\u0131\u00e7akl\u0131 Toprak \u0130\u015fleme Sistemi<\/strong><\/p>\n\n\n\n<ul class=\"wp-block-list\"><li>RA-XXXX (T\u00fcm Modeller)\u00a0Dik B\u0131\u00e7akl\u0131 Toprak \u0130\u015fleme Sistemi<br><a href=\"http:\/\/sonmezler.com\/wp-content\/uploads\/2020\/09\/RA_garanti_belgesi.pdf\">\u2013 Garanti Belgesi<\/a>\n<\/li><\/ul>\n\n\n\n<hr class=\"wp-block-separator\">\n\n\n\n<p><strong>Sat\u0131\u015f Sonras\u0131 Hizmetleri Yeterlilik Belgeleri<\/strong><\/p>\n\n\n\n<ul class=\"wp-block-list\">\n<li>Tar\u0131m, Alet ve Makineleri<br><a href=\"http:\/\/sonmezler.com\/wp-content\/uploads\/2020\/09\/servis_yeterlilik_ts_12534.pdf\">\u2013 \u00a0Ekim, Dikim, ve G\u00fcbreleme Makineleri<\/a><br><a href=\"http:\/\/sonmezler.com\/wp-content\/uploads\/2020\/09\/servis_yeterlilik_ts_12533.pdf\">\u2013 \u00a0Hasat ve Harman Makineleri<\/a><br><a href=\"http:\/\/sonmezler.com\/wp-content\/uploads\/2020\/09\/servis_yeterlilik_ts_12531.pdf\">\u2013 \u00a0Toprak \u0130\u015fleme Ekipmanlar\u0131<\/a>\n<\/li>\n<li>TSE Belgeleri<br><a href=\"http:\/\/sonmezler.com\/wp-content\/uploads\/2020\/09\/tse_hizmet_yeterlilik_belgesi001.pdf\">\u2013 Yetkili Servis Belgesi<\/a><br><a href=\"http:\/\/sonmezler.com\/wp-content\/uploads\/2020\/09\/servis_istasyon_listesi.pdf\">\u2013 Servis \u0130stasyon Listesi<\/a><br><a href=\"http:\/\/sonmezler.com\/wp-content\/uploads\/2020\/09\/iso9001.pdf\">\u2013 ISO9001 Belgesi<\/a>\n<\/li>\n<li>Adana Sanayi Odas\u0131 Belgeleri<br><a href=\"http:\/\/sonmezler.com\/wp-content\/uploads\/2020\/09\/yerlimalibelgesibalya.pdf\">\u2013 Yerli Mal\u0131 \u00dcretim Belgesi Balya Makinalar\u0131<\/a><br><a href=\"http:\/\/sonmezler.com\/wp-content\/uploads\/2020\/09\/yerlimalibelgesisd.pdf\">\u2013 Yerli Mal\u0131 \u00dcretim Belgesi Mekanik Ekim Makinalar\u0131<\/a>\n<\/li>\n<li>CE Belgeleri<br><a href=\"http:\/\/sonmezler.com\/wp-content\/uploads\/2020\/09\/balya-ce.pdf\">\u2013 \u00a0Prizmatik Balya Makinas\u0131<\/a><br><a href=\"http:\/\/sonmezler.com\/wp-content\/uploads\/2020\/09\/fcm-ce.pdf\">\u2013 \u00a0Frezeli Ara \u00c7apa Makinas\u0131<\/a><br><a href=\"http:\/\/sonmezler.com\/wp-content\/uploads\/2020\/09\/hububat_ekim-ce.pdf\">\u2013 \u00a0Hububat Ekim Makinas\u0131<\/a><br><a href=\"http:\/\/sonmezler.com\/wp-content\/uploads\/2020\/09\/md-ce.pdf\">\u2013 \u00a0MD Pn\u00f6matik Ekim Makinas\u0131<\/a><br><a href=\"http:\/\/sonmezler.com\/wp-content\/uploads\/2020\/09\/pm785-ce.pdf\">\u2013 \u00a0Hassas Sebze Ekim Makinas\u0131<\/a><br><a href=\"http:\/\/sonmezler.com\/wp-content\/uploads\/2020\/09\/pmd-ce.pdf\">\u2013 \u00a0PMD Pn\u00f6matik Ekim Makinas\u0131<\/a><br><a href=\"http:\/\/sonmezler.com\/wp-content\/uploads\/2020\/09\/ra-ce.pdf\">\u2013 \u00a0Toprak \u0130\u015fleme Makinas\u0131<\/a><br><a href=\"http:\/\/sonmezler.com\/wp-content\/uploads\/2020\/09\/sm03-ce.pdf\">\u2013 \u00a0Saman Makinas\u0131<\/a><br>\n<\/li>\n<li>Zirai Kredilendirme Belgesi<br><a href=\"http:\/\/sonmezler.com\/wp-content\/uploads\/2020\/09\/balyaziraikredilendirmebelgesi.pdf\">\u2013 \u00a0Prizmatik Balya Makinas\u0131<\/a><br>\n<\/li>\n<\/ul>\n<\/body>","protected":false},"excerpt":{"rendered":"<p>\u00a0Zirai Kredi Uygunluk Belgeleri \u2013 Deney Raporlar\u0131 \u2013 Garanti Belgeleri Yerli mal\u0131 belgesi 2017 Balya Makinesi \u2013 Balya Makinas\u0131 Kullan\u0131m Kitab\u0131 Ha\u015fpays\u0131z \u0130ki Ba\u011flama D\u00fczenli Balya Makinesi\u2013 Deney Raporu\u2013 Garanti &hellip; <\/p>\n","protected":false},"author":1,"featured_media":0,"parent":147,"menu_order":0,"comment_status":"closed","ping_status":"closed","template":"","meta":{"footnotes":""},"class_list":["post-172","page","type-page","status-publish","hentry"],"_links":{"self":[{"href":"https:\/\/sonmezler.com\/index.php\/wp-json\/wp\/v2\/pages\/172"}],"collection":[{"href":"https:\/\/sonmezler.com\/index.php\/wp-json\/wp\/v2\/pages"}],"about":[{"href":"https:\/\/sonmezler.com\/index.php\/wp-json\/wp\/v2\/types\/page"}],"author":[{"embeddable":true,"href":"https:\/\/sonmezler.com\/index.php\/wp-json\/wp\/v2\/users\/1"}],"replies":[{"embeddable":true,"href":"https:\/\/sonmezler.com\/index.php\/wp-json\/wp\/v2\/comments?post=172"}],"version-history":[{"count":9,"href":"https:\/\/sonmezler.com\/index.php\/wp-json\/wp\/v2\/pages\/172\/revisions"}],"predecessor-version":[{"id":925,"href":"https:\/\/sonmezler.com\/index.php\/wp-json\/wp\/v2\/pages\/172\/revisions\/925"}],"up":[{"embeddable":true,"href":"https:\/\/sonmezler.com\/index.php\/wp-json\/wp\/v2\/pages\/147"}],"wp:attachment":[{"href":"https:\/\/sonmezler.com\/index.php\/wp-json\/wp\/v2\/media?parent=172"}],"curies":[{"name":"wp","href":"https:\/\/api.w.org\/{rel}","templated":true}]}}