{"id":174,"date":"2020-09-09T21:53:33","date_gmt":"2020-09-09T21:53:33","guid":{"rendered":"http:\/\/sonmezler.com\/?page_id=174"},"modified":"2020-09-11T18:47:24","modified_gmt":"2020-09-11T15:47:24","slug":"brosurler","status":"publish","type":"page","link":"https:\/\/sonmezler.com\/index.php\/tr\/indir\/brosurler\/","title":{"rendered":"Bro\u015f\u00fcrler"},"content":{"rendered":"<body>\n<ul class=\"wp-block-list\">\n<li><a href=\"http:\/\/sonmezler.com\/wp-content\/uploads\/2020\/09\/balya.pdf\">9100 Balya Makinas\u0131<\/a><\/li>\n<li><a href=\"http:\/\/sonmezler.com\/wp-content\/uploads\/2020\/09\/sm05.pdf\">SM05 Saman Makinas\u0131<\/a><\/li>\n<li><a href=\"http:\/\/sonmezler.com\/wp-content\/uploads\/2020\/09\/pmd.pdf\">PMD Pn\u00f6matik Ekim Makinas\u0131<\/a><\/li>\n<li><a href=\"http:\/\/sonmezler.com\/wp-content\/uploads\/2020\/09\/md.pdf\">MD Pn\u00f6matik Ekim Makinas\u0131 Yeni!!<\/a><\/li>\n<li><a href=\"http:\/\/sonmezler.com\/wp-content\/uploads\/2020\/09\/md-hk.pdf\">MD-HK Kaymal\u0131 Pn\u00f6matik Ekim Makinas\u0131 Yeni!!<\/a><\/li>\n<li><a href=\"http:\/\/sonmezler.com\/wp-content\/uploads\/2020\/09\/sd.pdf\">SD Hububat Ekim Makinas\u0131<\/a><\/li>\n<li><a href=\"http:\/\/sonmezler.com\/wp-content\/uploads\/2020\/09\/collina.pdf\">Col-E Pancar Hasat Makinas\u0131<\/a><\/li>\n<li><a href=\"http:\/\/sonmezler.com\/wp-content\/uploads\/2020\/09\/ph01.pdf\">PH-04 Pancar Hasat Makinas\u0131<\/a><\/li>\n<li><a href=\"http:\/\/sonmezler.com\/wp-content\/uploads\/2020\/09\/ph-mini.pdf\">MPH Mini Pancar S\u00f6kme Makinas\u0131<\/a><\/li>\n<li><a href=\"http:\/\/sonmezler.com\/wp-content\/uploads\/2020\/09\/fcm.pdf\">F\u00c7M Ara \u00c7apa Makinas\u0131<\/a><\/li>\n<li><a href=\"http:\/\/sonmezler.com\/wp-content\/uploads\/2020\/09\/ra.pdf\">RA Toprak \u0130\u015fleme Makinas\u0131<\/a><\/li>\n<li><a href=\"http:\/\/sonmezler.com\/wp-content\/uploads\/2020\/09\/tsr.pdf\">TSR Sap Par\u00e7alama Makinas\u0131<\/a><\/li>\n<li><a href=\"http:\/\/sonmezler.com\/wp-content\/uploads\/2020\/09\/tsm.pdf\">TSM Sap Par\u00e7alama Makinas\u0131<\/a><\/li>\n<li><a href=\"http:\/\/sonmezler.com\/wp-content\/uploads\/2020\/09\/silaj.pdf\">Silaj Makinas\u0131<\/a><\/li>\n<\/ul>\n\n\n\n<p><strong>Fiyat Listeleri<\/strong><\/p>\n\n\n\n<ul class=\"wp-block-list\"><li><a href=\"http:\/\/sonmezler.com\/wp-content\/uploads\/2020\/09\/pmdparcafiyatlistesi.pdf\">PMD Pn\u00f6matik Ekim Makinas\u0131<\/a><\/li><\/ul>\n\n\n\n<p><\/p>\n<\/body>","protected":false},"excerpt":{"rendered":"<p>9100 Balya Makinas\u0131 SM05 Saman Makinas\u0131 PMD Pn\u00f6matik Ekim Makinas\u0131 MD Pn\u00f6matik Ekim Makinas\u0131 Yeni!! MD-HK Kaymal\u0131 Pn\u00f6matik Ekim Makinas\u0131 Yeni!! SD Hububat Ekim Makinas\u0131 Col-E Pancar Hasat Makinas\u0131 PH-04 &hellip; <\/p>\n","protected":false},"author":1,"featured_media":0,"parent":147,"menu_order":0,"comment_status":"closed","ping_status":"closed","template":"","meta":{"footnotes":""},"class_list":["post-174","page","type-page","status-publish","hentry"],"_links":{"self":[{"href":"https:\/\/sonmezler.com\/index.php\/wp-json\/wp\/v2\/pages\/174"}],"collection":[{"href":"https:\/\/sonmezler.com\/index.php\/wp-json\/wp\/v2\/pages"}],"about":[{"href":"https:\/\/sonmezler.com\/index.php\/wp-json\/wp\/v2\/types\/page"}],"author":[{"embeddable":true,"href":"https:\/\/sonmezler.com\/index.php\/wp-json\/wp\/v2\/users\/1"}],"replies":[{"embeddable":true,"href":"https:\/\/sonmezler.com\/index.php\/wp-json\/wp\/v2\/comments?post=174"}],"version-history":[{"count":2,"href":"https:\/\/sonmezler.com\/index.php\/wp-json\/wp\/v2\/pages\/174\/revisions"}],"predecessor-version":[{"id":926,"href":"https:\/\/sonmezler.com\/index.php\/wp-json\/wp\/v2\/pages\/174\/revisions\/926"}],"up":[{"embeddable":true,"href":"https:\/\/sonmezler.com\/index.php\/wp-json\/wp\/v2\/pages\/147"}],"wp:attachment":[{"href":"https:\/\/sonmezler.com\/index.php\/wp-json\/wp\/v2\/media?parent=174"}],"curies":[{"name":"wp","href":"https:\/\/api.w.org\/{rel}","templated":true}]}}