{"id":186,"date":"2020-09-09T21:55:56","date_gmt":"2020-09-09T21:55:56","guid":{"rendered":"http:\/\/sonmezler.com\/?page_id=186"},"modified":"2020-09-10T19:57:14","modified_gmt":"2020-09-10T16:57:14","slug":"silaj-makinasi","status":"publish","type":"page","link":"https:\/\/sonmezler.com\/index.php\/tr\/urunlerimiz\/silaj-makinasi\/","title":{"rendered":"S\u0131laj Makinas\u0131"},"content":{"rendered":"<body>\n<p>Kaliteli M\u0131s\u0131r Silaj\u0131. Hassas b\u0131\u00e7ak tertibat\u0131 ile kaliteli kesim yaparak m\u0131s\u0131r\u0131n suyunu \u00e7\u0131kartmadan optimum boyutlarda silaj \u00fcretimini sa\u011flar.<\/p>\n\n\n\n<figure class=\"wp-block-image size-large\"><img decoding=\"async\" width=\"747\" height=\"1017\" src=\"http:\/\/sonmezler.com\/wp-content\/uploads\/2020\/09\/image-106.png\" alt=\"\" class=\"wp-image-711\" loading=\"lazy\" srcset=\"https:\/\/sonmezler.com\/wp-content\/uploads\/2020\/09\/image-106.png 747w, https:\/\/sonmezler.com\/wp-content\/uploads\/2020\/09\/image-106-220x300.png 220w\" sizes=\"(max-width: 747px) 100vw, 747px\" \/><\/figure>\n\n\n\n<figure class=\"wp-block-image size-large\"><img decoding=\"async\" width=\"579\" height=\"337\" src=\"http:\/\/sonmezler.com\/wp-content\/uploads\/2020\/09\/image-107.png\" alt=\"\" class=\"wp-image-712\" loading=\"lazy\" srcset=\"https:\/\/sonmezler.com\/wp-content\/uploads\/2020\/09\/image-107.png 579w, https:\/\/sonmezler.com\/wp-content\/uploads\/2020\/09\/image-107-300x175.png 300w\" sizes=\"(max-width: 579px) 100vw, 579px\" \/><\/figure>\n<\/body>","protected":false},"excerpt":{"rendered":"<p>Kaliteli M\u0131s\u0131r Silaj\u0131. Hassas b\u0131\u00e7ak tertibat\u0131 ile kaliteli kesim yaparak m\u0131s\u0131r\u0131n suyunu \u00e7\u0131kartmadan optimum boyutlarda silaj \u00fcretimini sa\u011flar.<\/p>\n","protected":false},"author":1,"featured_media":0,"parent":26,"menu_order":0,"comment_status":"closed","ping_status":"closed","template":"","meta":{"footnotes":""},"class_list":["post-186","page","type-page","status-publish","hentry"],"_links":{"self":[{"href":"https:\/\/sonmezler.com\/index.php\/wp-json\/wp\/v2\/pages\/186"}],"collection":[{"href":"https:\/\/sonmezler.com\/index.php\/wp-json\/wp\/v2\/pages"}],"about":[{"href":"https:\/\/sonmezler.com\/index.php\/wp-json\/wp\/v2\/types\/page"}],"author":[{"embeddable":true,"href":"https:\/\/sonmezler.com\/index.php\/wp-json\/wp\/v2\/users\/1"}],"replies":[{"embeddable":true,"href":"https:\/\/sonmezler.com\/index.php\/wp-json\/wp\/v2\/comments?post=186"}],"version-history":[{"count":2,"href":"https:\/\/sonmezler.com\/index.php\/wp-json\/wp\/v2\/pages\/186\/revisions"}],"predecessor-version":[{"id":713,"href":"https:\/\/sonmezler.com\/index.php\/wp-json\/wp\/v2\/pages\/186\/revisions\/713"}],"up":[{"embeddable":true,"href":"https:\/\/sonmezler.com\/index.php\/wp-json\/wp\/v2\/pages\/26"}],"wp:attachment":[{"href":"https:\/\/sonmezler.com\/index.php\/wp-json\/wp\/v2\/media?parent=186"}],"curies":[{"name":"wp","href":"https:\/\/api.w.org\/{rel}","templated":true}]}}