{"id":188,"date":"2020-09-09T21:56:10","date_gmt":"2020-09-09T21:56:10","guid":{"rendered":"http:\/\/sonmezler.com\/?page_id=188"},"modified":"2020-09-10T20:07:29","modified_gmt":"2020-09-10T17:07:29","slug":"toprak-isleme","status":"publish","type":"page","link":"https:\/\/sonmezler.com\/index.php\/tr\/urunlerimiz\/toprak-isleme\/","title":{"rendered":"Toprak \u0130\u015fleme"},"content":{"rendered":"<body>\n<div class=\"wp-block-image\"><figure class=\"aligncenter size-large is-resized\"><img decoding=\"async\" src=\"http:\/\/sonmezler.com\/wp-content\/uploads\/2020\/09\/image-108.png\" alt=\"\" class=\"wp-image-715\" width=\"719\" height=\"188\" loading=\"lazy\" srcset=\"https:\/\/sonmezler.com\/wp-content\/uploads\/2020\/09\/image-108.png 613w, https:\/\/sonmezler.com\/wp-content\/uploads\/2020\/09\/image-108-300x78.png 300w\" sizes=\"(max-width: 719px) 100vw, 719px\" \/><figcaption><em>** G\u00f6r\u00fcnt\u00fcler sadece reklam ama\u00e7l\u0131d\u0131r! Opsiyonlar olabilir.<\/em><\/figcaption><\/figure><\/div>\n\n\n\n<p>Par\u00e7alanm\u0131\u015f an\u0131zda toprak nemi kaybolmadan ve taban olu\u015fturmadan tarlay\u0131 yeni d\u00f6nem ekime haz\u0131rlar. Ayr\u0131ca Ekim Makinas\u0131 kombinasyonu ile tek seferde ekim tamamlanm\u0131\u015f olur.<\/p>\n\n\n\n<p><\/p>\n\n\n\n<div class=\"wp-block-columns is-layout-flex wp-container-core-columns-is-layout-1 wp-block-columns-is-layout-flex\">\n<div class=\"wp-block-column is-layout-flow wp-block-column-is-layout-flow\" style=\"flex-basis:66.66%\">\n<p><strong>Y\u00f6n De\u011fi\u015ftirici Yan Kapaklar<br><\/strong>Y\u00fckseklik ve a\u00e7\u0131s\u0131 ayarlanabilen iki adet kal\u0131n sacdan yap\u0131lm\u0131\u015ft\u0131r. Makinan\u0131n \u00e7al\u0131\u015fmas\u0131 esnas\u0131nda kenarlara y\u0131\u011f\u0131lacak topraklar\u0131 i\u00e7erde tutarak merdane geni\u015fli\u011fine uygun hale getirir. Yayl\u0131 ba\u011flant\u0131ya sahip oldu\u011fu i\u00e7in d\u00f6n\u00fc\u015flerde k\u0131r\u0131lmadan \u00e7al\u0131\u015fabilirler.<\/p>\n<\/div>\n\n\n\n<div class=\"wp-block-column is-layout-flow wp-block-column-is-layout-flow\" style=\"flex-basis:33.33%\">\n<figure class=\"wp-block-image size-large\"><img decoding=\"async\" width=\"100\" height=\"100\" src=\"http:\/\/sonmezler.com\/wp-content\/uploads\/2020\/09\/image-109.png\" alt=\"\" class=\"wp-image-716\" loading=\"lazy\"><\/figure>\n<\/div>\n<\/div>\n\n\n\n<div class=\"wp-block-columns is-layout-flex wp-container-core-columns-is-layout-2 wp-block-columns-is-layout-flex\">\n<div class=\"wp-block-column is-layout-flow wp-block-column-is-layout-flow\" style=\"flex-basis:66.66%\">\n<p><strong>Hidrolik Arka Kald\u0131r\u0131c\u0131 Ba\u011flant\u0131s\u0131<br><\/strong>Bu sayede Ekim Makinas\u0131 ile kombine olarak \u00e7al\u0131\u015fabilir. Tek seferde hem toprak i\u015fleme hemde ekim yap\u0131ld\u0131\u011f\u0131 i\u00e7in zamandan ve paradan tasarruf edilmi\u015f olur. Opsiyon olarak sizlere sunulan bu ata\u015fman sayesinde i\u015flerinizin daha kolay \u00e7\u00f6z\u00fcld\u00fc\u011f\u00fcn\u00fc g\u00f6receksiniz.<\/p>\n<\/div>\n\n\n\n<div class=\"wp-block-column is-layout-flow wp-block-column-is-layout-flow\" style=\"flex-basis:33.33%\">\n<figure class=\"wp-block-image size-large\"><img decoding=\"async\" width=\"100\" height=\"71\" src=\"http:\/\/sonmezler.com\/wp-content\/uploads\/2020\/09\/image-110.png\" alt=\"\" class=\"wp-image-717\" loading=\"lazy\"><\/figure>\n<\/div>\n<\/div>\n\n\n\n<div class=\"wp-block-columns is-layout-flex wp-container-core-columns-is-layout-3 wp-block-columns-is-layout-flex\">\n<div class=\"wp-block-column is-layout-flow wp-block-column-is-layout-flow\" style=\"flex-basis:66.66%\">\n<p><strong>Arka Kuyruk Mili<br><\/strong>\u00d6zel \u015fanz\u0131man tasar\u0131m\u0131 sayesinde arkada ek bir kuyruk mili \u00e7\u0131k\u0131\u015f\u0131 bulunmaktad\u0131r. Bu sayede ekim makinas\u0131 ile kombine olarak t\u00fcm di\u011fer makinalar\u0131 kullanabilme \u015fans\u0131 do\u011fmu\u015f olur.<\/p>\n<\/div>\n\n\n\n<div class=\"wp-block-column is-layout-flow wp-block-column-is-layout-flow\" style=\"flex-basis:33.33%\">\n<figure class=\"wp-block-image size-large\"><img decoding=\"async\" width=\"100\" height=\"68\" src=\"http:\/\/sonmezler.com\/wp-content\/uploads\/2020\/09\/image-111.png\" alt=\"\" class=\"wp-image-718\" loading=\"lazy\"><\/figure>\n<\/div>\n<\/div>\n\n\n\n<div class=\"wp-block-columns is-layout-flex wp-container-core-columns-is-layout-4 wp-block-columns-is-layout-flex\">\n<div class=\"wp-block-column is-layout-flow wp-block-column-is-layout-flow\" style=\"flex-basis:66.66%\">\n<p><strong>Ya\u015f Merdane<br><\/strong>A\u011f\u0131r tip merdanedir. \u00dczerine helisel olarak yerle\u015ftirilmi\u015f di\u015fleri ile topra\u011f\u0131 en etkili bir \u015fekilde ufalar. Merdanenin t\u0131kanmas\u0131n\u0131 \u00f6nlemek i\u00e7in s\u0131y\u0131r\u0131c\u0131lar bulunmaktad\u0131r.<\/p>\n<\/div>\n\n\n\n<div class=\"wp-block-column is-layout-flow wp-block-column-is-layout-flow\" style=\"flex-basis:33.33%\">\n<figure class=\"wp-block-image size-large\"><img decoding=\"async\" width=\"100\" height=\"98\" src=\"http:\/\/sonmezler.com\/wp-content\/uploads\/2020\/09\/image-112.png\" alt=\"\" class=\"wp-image-719\" loading=\"lazy\"><\/figure>\n<\/div>\n<\/div>\n\n\n\n<div class=\"wp-block-columns is-layout-flex wp-container-core-columns-is-layout-5 wp-block-columns-is-layout-flex\">\n<div class=\"wp-block-column is-layout-flow wp-block-column-is-layout-flow\" style=\"flex-basis:66.66%\">\n<p><strong>Kuru Merdane<br><\/strong>Hafif tip merdanelerdir. Y\u0131ld\u0131z bi\u00e7imli yataklar \u00fczerine helisel olarak yerle\u015ftirilmi\u015f borulardan olu\u015fur. Kuru toprak \u015fartlar\u0131 ile fazla bast\u0131rma istenmeyen durumlarda kullan\u0131l\u0131r.<\/p>\n<\/div>\n\n\n\n<div class=\"wp-block-column is-layout-flow wp-block-column-is-layout-flow\" style=\"flex-basis:33.33%\">\n<figure class=\"wp-block-image size-large\"><img decoding=\"async\" width=\"100\" height=\"73\" src=\"http:\/\/sonmezler.com\/wp-content\/uploads\/2020\/09\/image-113.png\" alt=\"\" class=\"wp-image-720\" loading=\"lazy\"><\/figure>\n<\/div>\n<\/div>\n\n\n\n<figure class=\"wp-block-image size-large\"><img decoding=\"async\" width=\"629\" height=\"262\" src=\"http:\/\/sonmezler.com\/wp-content\/uploads\/2020\/09\/image-114.png\" alt=\"\" class=\"wp-image-724\" loading=\"lazy\" srcset=\"https:\/\/sonmezler.com\/wp-content\/uploads\/2020\/09\/image-114.png 629w, https:\/\/sonmezler.com\/wp-content\/uploads\/2020\/09\/image-114-300x125.png 300w\" sizes=\"(max-width: 629px) 100vw, 629px\" \/><\/figure>\n\n\n\n<p><\/p>\n<\/body>","protected":false},"excerpt":{"rendered":"<p>Par\u00e7alanm\u0131\u015f an\u0131zda toprak nemi kaybolmadan ve taban olu\u015fturmadan tarlay\u0131 yeni d\u00f6nem ekime haz\u0131rlar. Ayr\u0131ca Ekim Makinas\u0131 kombinasyonu ile tek seferde ekim tamamlanm\u0131\u015f olur. Y\u00f6n De\u011fi\u015ftirici Yan KapaklarY\u00fckseklik ve a\u00e7\u0131s\u0131 ayarlanabilen &hellip; <\/p>\n","protected":false},"author":1,"featured_media":0,"parent":26,"menu_order":0,"comment_status":"closed","ping_status":"closed","template":"","meta":{"footnotes":""},"class_list":["post-188","page","type-page","status-publish","hentry"],"_links":{"self":[{"href":"https:\/\/sonmezler.com\/index.php\/wp-json\/wp\/v2\/pages\/188"}],"collection":[{"href":"https:\/\/sonmezler.com\/index.php\/wp-json\/wp\/v2\/pages"}],"about":[{"href":"https:\/\/sonmezler.com\/index.php\/wp-json\/wp\/v2\/types\/page"}],"author":[{"embeddable":true,"href":"https:\/\/sonmezler.com\/index.php\/wp-json\/wp\/v2\/users\/1"}],"replies":[{"embeddable":true,"href":"https:\/\/sonmezler.com\/index.php\/wp-json\/wp\/v2\/comments?post=188"}],"version-history":[{"count":6,"href":"https:\/\/sonmezler.com\/index.php\/wp-json\/wp\/v2\/pages\/188\/revisions"}],"predecessor-version":[{"id":731,"href":"https:\/\/sonmezler.com\/index.php\/wp-json\/wp\/v2\/pages\/188\/revisions\/731"}],"up":[{"embeddable":true,"href":"https:\/\/sonmezler.com\/index.php\/wp-json\/wp\/v2\/pages\/26"}],"wp:attachment":[{"href":"https:\/\/sonmezler.com\/index.php\/wp-json\/wp\/v2\/media?parent=188"}],"curies":[{"name":"wp","href":"https:\/\/api.w.org\/{rel}","templated":true}]}}