{"id":192,"date":"2020-09-09T21:56:36","date_gmt":"2020-09-09T21:56:36","guid":{"rendered":"http:\/\/sonmezler.com\/?page_id=192"},"modified":"2020-09-10T20:34:50","modified_gmt":"2020-09-10T17:34:50","slug":"saman-makinasi","status":"publish","type":"page","link":"https:\/\/sonmezler.com\/index.php\/tr\/urunlerimiz\/saman-makinasi\/","title":{"rendered":"Saman Makinas\u0131"},"content":{"rendered":"<body>\n<p><strong>SM-05 Otomatik Sap Toplamal\u0131 Saman Makinas\u0131<\/strong><\/p>\n\n\n\n<p>Bu\u011fday, arpa, yulaf, \u00e7avdar, soya, m\u0131s\u0131r gibi tah\u0131l bitkilerinin saplar\u0131n\u0131n saman haline getirilmesi i\u015fleminde kullan\u0131lan bir makinad\u0131r.<\/p>\n\n\n\n<ul class=\"wp-block-list\">\n<li>G\u00fcnde 40-50 ton toplama kapasitesi<\/li>\n<li>Sap\u0131n tamam\u0131n\u0131n de\u011ferlendirilmesi<\/li>\n<li>Enerji ve zamanda tasarruf<\/li>\n<li>Makinala\u015fan tar\u0131m ve hayvanc\u0131l\u0131\u011f\u0131m\u0131za katk\u0131<\/li>\n<\/ul>\n\n\n\n<figure class=\"wp-block-image size-large is-resized\"><img decoding=\"async\" src=\"http:\/\/sonmezler.com\/wp-content\/uploads\/2020\/09\/image-122-1024x840.png\" alt=\"\" class=\"wp-image-745\" width=\"724\" height=\"594\" loading=\"lazy\" srcset=\"https:\/\/sonmezler.com\/wp-content\/uploads\/2020\/09\/image-122-1024x840.png 1024w, https:\/\/sonmezler.com\/wp-content\/uploads\/2020\/09\/image-122-300x246.png 300w, https:\/\/sonmezler.com\/wp-content\/uploads\/2020\/09\/image-122-768x630.png 768w\" sizes=\"(max-width: 724px) 100vw, 724px\" \/><\/figure>\n\n\n\n<figure class=\"wp-block-gallery columns-3 is-cropped wp-block-gallery-1 is-layout-flex wp-block-gallery-is-layout-flex\"><ul class=\"blocks-gallery-grid\">\n<li class=\"blocks-gallery-item\"><figure><a href=\"http:\/\/sonmezler.com\/wp-content\/uploads\/2020\/09\/Saman-02.jpg\"><img decoding=\"async\" src=\"http:\/\/sonmezler.com\/wp-content\/uploads\/2020\/09\/Saman-02.jpg\" alt=\"\" data-id=\"748\" data-link=\"http:\/\/sonmezler.com\/saman-02\/\" class=\"wp-image-748\" loading=\"lazy\"><\/a><\/figure><\/li>\n<li class=\"blocks-gallery-item\"><figure><a href=\"http:\/\/sonmezler.com\/wp-content\/uploads\/2020\/09\/Saman-03.jpg\"><img decoding=\"async\" width=\"1024\" height=\"999\" src=\"http:\/\/sonmezler.com\/wp-content\/uploads\/2020\/09\/Saman-03-1024x999.jpg\" alt=\"\" data-id=\"749\" data-full-url=\"http:\/\/sonmezler.com\/wp-content\/uploads\/2020\/09\/Saman-03.jpg\" data-link=\"http:\/\/sonmezler.com\/saman-03\/\" class=\"wp-image-749\" loading=\"lazy\" srcset=\"https:\/\/sonmezler.com\/wp-content\/uploads\/2020\/09\/Saman-03-1024x999.jpg 1024w, https:\/\/sonmezler.com\/wp-content\/uploads\/2020\/09\/Saman-03-300x293.jpg 300w, https:\/\/sonmezler.com\/wp-content\/uploads\/2020\/09\/Saman-03-768x749.jpg 768w\" sizes=\"(max-width: 1024px) 100vw, 1024px\" \/><\/a><\/figure><\/li>\n<li class=\"blocks-gallery-item\"><figure><a href=\"http:\/\/sonmezler.com\/wp-content\/uploads\/2020\/09\/Saman-04.jpg\"><img decoding=\"async\" src=\"http:\/\/sonmezler.com\/wp-content\/uploads\/2020\/09\/Saman-04.jpg\" alt=\"\" data-id=\"750\" data-link=\"http:\/\/sonmezler.com\/saman-04\/\" class=\"wp-image-750\" loading=\"lazy\"><\/a><\/figure><\/li>\n<\/ul><\/figure>\n\n\n\n<p><strong>Teknik \u00d6zellikler<\/strong><\/p>\n\n\n\n<ul class=\"wp-block-list\">\n<li>Tah\u0131l hasad\u0131 neticesinde bi\u00e7erd\u00f6verin tarlada bir dizi halinde b\u0131rakt\u0131\u011f\u0131 saplar\u0131 otomatik olarak sap toplama d\u00fczeni sayesinde toplar, saman haline getirir ve arkas\u0131nda \u00e7ekmekte oldu\u011fu r\u00f6morka doldurur.<br>\n<\/li>\n<li>Bu\u011fday, arpa, \u00e7avdar, soya m\u0131s\u0131r ve benzeri tah\u0131l bitkilerinin saplar\u0131n\u0131n saman haline getirilmesi i\u015fleminde kullan\u0131l\u0131r.<br>\n<\/li>\n<li>Tah\u0131l hasad\u0131 neticesinde bi\u00e7er-d\u00f6verin tarlada bir dizi halinde b\u0131rakt\u0131\u011f\u0131 saplar\u0131 otomatik olarak sap toplama d\u00fczeni sayesinde toplar, saman haline getirir ve arkas\u0131nda \u00e7ekmekte oldu\u011fu r\u00f6morka doldurur.<br>\n<\/li>\n<li>S\u00f6nmezler taraf\u0131ndan geli\u015ftirilen helisel par\u00e7alama sistemi sayesinde en y\u00fcksek par\u00e7alama verimi en d\u00fc\u015f\u00fck sars\u0131nt\u0131 ile elde edilir.<br>\n<\/li>\n<li>Y\u00fcksek verimli par\u00e7alama sistemi sayesinde M\u0131s\u0131r ve Yerf\u0131st\u0131\u011f\u0131 gibi zor \u00fcr\u00fcnlerde bile en y\u00fcksek ba\u015far\u0131 elde edilmektedir.<br>\n<\/li>\n<li>Bu i\u015flemler, Trakt\u00f6r, Otomatik sap toplamal\u0131 saman makinas\u0131 ve \u00f6zel olarak kapat\u0131lm\u0131\u015f r\u00f6mork \u00fc\u00e7l\u00fc katar\u0131n\u0131n ayn\u0131 anda \u00e7al\u0131\u015fmas\u0131 ile ger\u00e7ekle\u015fmektedir<br>\n<\/li>\n<li>Makinan\u0131n \u00e7al\u0131\u015fmas\u0131 i\u00e7in gereken d\u00f6nd\u00fcrme hareketi, trakt\u00f6r kuyruk milinden \u015faft vas\u0131tas\u0131 ile iletilir.<br>\n<\/li>\n<li>\u00dc\u00e7l\u00fc katar\u0131n ba\u011flant\u0131 durumu \u00e7ekici oku ile sa\u011flanmaktad\u0131r. \u00c7eki oku yolda seyir ve tarlada \u00e7al\u0131\u015fma \u015fartlar\u0131na g\u00f6re iki konum i\u00e7in haz\u0131rlanm\u0131\u015ft\u0131r.<br>\n<\/li>\n<li>Hidrolik sistemi sayesinde, yol seyri ve tarladaki \u00e7al\u0131\u015fma konumunda sap toplama d\u00fczene\u011fi istenilen d\u00fczeye ayarlanabildi\u011finden b\u00fcy\u00fck rahatl\u0131k sa\u011flar.<\/li>\n<\/ul>\n\n\n\n<figure class=\"wp-block-image size-large\"><img decoding=\"async\" width=\"288\" height=\"201\" src=\"http:\/\/sonmezler.com\/wp-content\/uploads\/2020\/09\/image-123.png\" alt=\"\" class=\"wp-image-755\" loading=\"lazy\"><\/figure>\n\n\n\n<p><\/p>\n<\/body>","protected":false},"excerpt":{"rendered":"<p>SM-05 Otomatik Sap Toplamal\u0131 Saman Makinas\u0131 Bu\u011fday, arpa, yulaf, \u00e7avdar, soya, m\u0131s\u0131r gibi tah\u0131l bitkilerinin saplar\u0131n\u0131n saman haline getirilmesi i\u015fleminde kullan\u0131lan bir makinad\u0131r. G\u00fcnde 40-50 ton toplama kapasitesi Sap\u0131n tamam\u0131n\u0131n &hellip; <\/p>\n","protected":false},"author":1,"featured_media":0,"parent":26,"menu_order":0,"comment_status":"closed","ping_status":"closed","template":"","meta":{"footnotes":""},"class_list":["post-192","page","type-page","status-publish","hentry"],"_links":{"self":[{"href":"https:\/\/sonmezler.com\/index.php\/wp-json\/wp\/v2\/pages\/192"}],"collection":[{"href":"https:\/\/sonmezler.com\/index.php\/wp-json\/wp\/v2\/pages"}],"about":[{"href":"https:\/\/sonmezler.com\/index.php\/wp-json\/wp\/v2\/types\/page"}],"author":[{"embeddable":true,"href":"https:\/\/sonmezler.com\/index.php\/wp-json\/wp\/v2\/users\/1"}],"replies":[{"embeddable":true,"href":"https:\/\/sonmezler.com\/index.php\/wp-json\/wp\/v2\/comments?post=192"}],"version-history":[{"count":5,"href":"https:\/\/sonmezler.com\/index.php\/wp-json\/wp\/v2\/pages\/192\/revisions"}],"predecessor-version":[{"id":756,"href":"https:\/\/sonmezler.com\/index.php\/wp-json\/wp\/v2\/pages\/192\/revisions\/756"}],"up":[{"embeddable":true,"href":"https:\/\/sonmezler.com\/index.php\/wp-json\/wp\/v2\/pages\/26"}],"wp:attachment":[{"href":"https:\/\/sonmezler.com\/index.php\/wp-json\/wp\/v2\/media?parent=192"}],"curies":[{"name":"wp","href":"https:\/\/api.w.org\/{rel}","templated":true}]}}