{"id":198,"date":"2020-09-09T21:57:37","date_gmt":"2020-09-09T21:57:37","guid":{"rendered":"http:\/\/sonmezler.com\/?page_id=198"},"modified":"2020-09-10T12:09:20","modified_gmt":"2020-09-10T09:09:20","slug":"prizmatik-balya-makinasi","status":"publish","type":"page","link":"https:\/\/sonmezler.com\/index.php\/tr\/urunlerimiz\/balya-makinalari\/prizmatik-balya-makinasi\/","title":{"rendered":"Prizmatik Balya Makinas\u0131"},"content":{"rendered":"<body>\n<div class=\"wp-block-image\"><figure class=\"alignright size-large is-resized\"><img decoding=\"async\" src=\"http:\/\/sonmezler.com\/wp-content\/uploads\/2020\/09\/image-9.png\" alt=\"\" class=\"wp-image-430\" width=\"468\" height=\"314\" loading=\"lazy\" srcset=\"https:\/\/sonmezler.com\/wp-content\/uploads\/2020\/09\/image-9.png 504w, https:\/\/sonmezler.com\/wp-content\/uploads\/2020\/09\/image-9-300x201.png 300w, https:\/\/sonmezler.com\/wp-content\/uploads\/2020\/09\/image-9-272x182.png 272w\" sizes=\"(max-width: 468px) 100vw, 468px\" \/><\/figure><\/div>\n\n\n\n<ul class=\"wp-block-list\">\n<li>Bu\u011fday<\/li>\n<li>Arpa<\/li>\n<li>Yulaf<\/li>\n<li>\u00c7avdar<\/li>\n<li>Fi\u011f<\/li>\n<li>Korunga<\/li>\n<li>Yonca<\/li>\n<li>M\u0131s\u0131r Sap\u0131<\/li>\n<\/ul>\n\n\n\n<p>gibi bitkilerin hasad\u0131 sonras\u0131nda, tarlada kalan saplar\u0131 toplay\u0131p saman veya sap olarak presleyip balya haline getirir.<\/p>\n\n\n\n<p><\/p>\n\n\n\n<div class=\"wp-block-image\"><figure class=\"aligncenter size-large is-resized\"><img decoding=\"async\" src=\"http:\/\/sonmezler.com\/wp-content\/uploads\/2020\/09\/image-7.png\" alt=\"\" class=\"wp-image-427\" width=\"707\" height=\"153\" loading=\"lazy\" srcset=\"https:\/\/sonmezler.com\/wp-content\/uploads\/2020\/09\/image-7.png 593w, https:\/\/sonmezler.com\/wp-content\/uploads\/2020\/09\/image-7-300x65.png 300w\" sizes=\"(max-width: 707px) 100vw, 707px\" \/><\/figure><\/div>\n\n\n\n<ul class=\"wp-block-list\">\n<li>2 ipli ha\u015fbay\u0131z ve 3 ipli ha\u015fbayl\u0131 ve \u00e7ift konumlu ha\u015fpayl\u0131 sistemli olarak piyasaya sunulmaktad\u0131r.<\/li>\n<li>Emsallerinden daha sessiz ve h\u0131zl\u0131 \u00e7al\u0131\u015f\u0131r. Toplay\u0131c\u0131 geni\u015fli\u011fi 170 cm olup toplay\u0131c\u0131 y\u00fckseklik ayar\u0131 hidrolik olarak s\u00fcr\u00fcc\u00fcn\u00fcn yan\u0131ndan yap\u0131labilir. B\u00f6ylece bi\u00e7erd\u00f6\u011ferden arta kalan b\u00fct\u00fcn saplar\u0131 toplayabilir.<\/li>\n<li>Benzersiz tasar\u0131m\u0131 ile ha\u015fbay d\u00fczene\u011fi \u00e7ok verimli \u00e7al\u0131\u015f\u0131r. Sa\u011flam yap\u0131s\u0131 ta\u015f ve di\u011fer cisimlerin s\u0131k\u0131\u015fmas\u0131nda olu\u015fabilecek zarar\u0131 en aza indirilmesini sa\u011flar. \u00c7ok denegeli oldu\u011fu i\u00e7in titre\u015fim olu\u015fmaz.<\/li>\n<li>2006 Model ve sonras\u0131 makinalar\u0131m\u0131zda kulland\u0131\u011f\u0131m\u0131z yeni ha\u015fbay d\u00fczene\u011fi sayesinde art\u0131k M\u0131s\u0131r saplar\u0131da balyalanabilmektedir.<\/li>\n<\/ul>\n\n\n\n<ul class=\"wp-block-list\"><li>Elektronik balya sayac\u0131 bulunmaktad\u0131r. G\u00fcnl\u00fck ve sezonluk olmak \u00fczere iki farkl\u0131 sayac\u0131 bulunmaktad\u0131r. Her iki sayac da istendi\u011finde s\u0131f\u0131rlanabilmektedir.<\/li><\/ul>\n\n\n\n<ul class=\"wp-block-list\"><li>Ba\u011flama sistemi olarak d\u00fcnyaca kendini kan\u0131tlam\u0131\u015f Alman RASSPE kullan\u0131lmaktad\u0131r.<\/li><\/ul>\n\n\n\n<ul class=\"wp-block-list\"><li>Ba\u011flama sisteminin daha uzun \u00f6m\u00fcrl\u00fc ve s\u0131k\u0131\u015fmadan \u00e7al\u0131\u015fmas\u0131 i\u00e7in temiz kalmas\u0131 gerekmektedir. \u0130stenen temizli\u011fin sa\u011flanabilmesi i\u00e7in fan sistemi kullan\u0131lmaktad\u0131r.<\/li><\/ul>\n\n\n\n<div class=\"wp-block-image\"><figure class=\"aligncenter size-large\"><img decoding=\"async\" width=\"530\" height=\"383\" src=\"http:\/\/sonmezler.com\/wp-content\/uploads\/2020\/09\/image-10.png\" alt=\"\" class=\"wp-image-431\" loading=\"lazy\" srcset=\"https:\/\/sonmezler.com\/wp-content\/uploads\/2020\/09\/image-10.png 530w, https:\/\/sonmezler.com\/wp-content\/uploads\/2020\/09\/image-10-300x217.png 300w\" sizes=\"(max-width: 530px) 100vw, 530px\" \/><\/figure><\/div>\n\n\n\n<ul class=\"wp-block-list\">\n<li>Yedek ip sand\u0131\u011f\u0131 olduk\u00e7a geni\u015f olarak tasarlanm\u0131\u015ft\u0131r. Ayr\u0131ca ek tak\u0131m sand\u0131\u011f\u0131 da bulunmaktad\u0131r.<br>\n<\/li>\n<li>Yang\u0131n s\u00f6nd\u00fcr\u00fcc\u00fc sistemi bulunmaktad\u0131r. G\u00fcvenli \u00e7al\u0131\u015fman\u0131z bizim i\u00e7in \u00f6nemli!<br>\n<\/li>\n<\/ul>\n\n\n\n<div class=\"wp-block-image\"><figure class=\"aligncenter size-large\"><img decoding=\"async\" width=\"535\" height=\"289\" src=\"http:\/\/sonmezler.com\/wp-content\/uploads\/2020\/09\/image-11.png\" alt=\"\" class=\"wp-image-432\" loading=\"lazy\" srcset=\"https:\/\/sonmezler.com\/wp-content\/uploads\/2020\/09\/image-11.png 535w, https:\/\/sonmezler.com\/wp-content\/uploads\/2020\/09\/image-11-300x162.png 300w\" sizes=\"(max-width: 535px) 100vw, 535px\" \/><\/figure><\/div>\n\n\n\n<ul class=\"wp-block-list\">\n<li>Denge tekeri sayesinde tarla ko\u015fullar\u0131nda kar\u015f\u0131la\u015f\u0131lan sulama kanallar\u0131ndan daha konforlu bir ge\u00e7i\u015f yap\u0131labilmektedir.<br>\n<\/li>\n<li>G\u00fc\u00e7l\u00fc ha\u015fbay sistemi sayesinde \u00e7al\u0131\u015fma ko\u015fullar\u0131nda kar\u015f\u0131la\u015f\u0131lan i\u00e7eriye ta\u015f alma durumlar\u0131na daha dayan\u0131kl\u0131 bir hale getirilmi\u015ftir.<\/li>\n<\/ul>\n\n\n\n<div class=\"wp-block-image\"><figure class=\"aligncenter size-large\"><img decoding=\"async\" width=\"575\" height=\"312\" src=\"http:\/\/sonmezler.com\/wp-content\/uploads\/2020\/09\/image-12.png\" alt=\"\" class=\"wp-image-433\" loading=\"lazy\" srcset=\"https:\/\/sonmezler.com\/wp-content\/uploads\/2020\/09\/image-12.png 575w, https:\/\/sonmezler.com\/wp-content\/uploads\/2020\/09\/image-12-300x163.png 300w\" sizes=\"(max-width: 575px) 100vw, 575px\" \/><\/figure><\/div>\n\n\n\n<ul class=\"wp-block-list\">\n<li>Volan trakt\u00f6r g\u00fc\u00e7 gereksinimini asgari d\u00fczeye indirilecek \u015fekilde tasarlanm\u0131\u015ft\u0131r. Volan g\u00f6be\u011fi rulmanl\u0131 olup sigorta kesme durumunda a\u015f\u0131nma ve bo\u015fanma riskleri ortadan kald\u0131r\u0131lm\u0131\u015ft\u0131r.<br>\n<\/li>\n<li>\u00c7eki okunun yol veya tarla konumuna getirilmesi hidrolik sistem kullan\u0131larak daha konforlu bir hale getirilmi\u015ftir.<\/li>\n<\/ul>\n\n\n\n<p><strong>\u00c7ift Pozisyonlu Ha\u015fbayl\u0131 Model<\/strong><\/p>\n\n\n\n<p>S\u00f6nmezler olarak D\u00fcnya ve T\u00fcrkiye\u2019de ilk olan Kayar Ha\u015fbayl\u0131 sistemi geli\u015ftirdik. S\u00f6nmezler\u2019e patentli olan bu sistem sayesinde istendi\u011finde Ha\u015fbayl\u0131 istendi\u011finde Ha\u015fbays\u0131z olarak \u00e7al\u0131\u015f\u0131labilmektedir. Benzersiz Kayar Ha\u015fbay sistemi sayesinde hem zamandan hem de paradan tasarruf edilmektedir. \u00c7ok k\u0131sa bir zamanda de\u011fi\u015fim yap\u0131labilmektedir.<\/p>\n\n\n\n<div class=\"wp-block-image\"><figure class=\"aligncenter size-large\"><img decoding=\"async\" width=\"720\" height=\"479\" src=\"http:\/\/sonmezler.com\/wp-content\/uploads\/2020\/09\/image-13.png\" alt=\"\" class=\"wp-image-434\" loading=\"lazy\" srcset=\"https:\/\/sonmezler.com\/wp-content\/uploads\/2020\/09\/image-13.png 720w, https:\/\/sonmezler.com\/wp-content\/uploads\/2020\/09\/image-13-300x200.png 300w, https:\/\/sonmezler.com\/wp-content\/uploads\/2020\/09\/image-13-272x182.png 272w\" sizes=\"(max-width: 720px) 100vw, 720px\" \/><\/figure><\/div>\n\n\n\n<figure class=\"wp-block-image size-large\"><img decoding=\"async\" width=\"704\" height=\"437\" src=\"http:\/\/sonmezler.com\/wp-content\/uploads\/2020\/09\/image-8.png\" alt=\"\" class=\"wp-image-428\" loading=\"lazy\" srcset=\"https:\/\/sonmezler.com\/wp-content\/uploads\/2020\/09\/image-8.png 704w, https:\/\/sonmezler.com\/wp-content\/uploads\/2020\/09\/image-8-300x186.png 300w, https:\/\/sonmezler.com\/wp-content\/uploads\/2020\/09\/image-8-436x272.png 436w\" sizes=\"(max-width: 704px) 100vw, 704px\" \/><\/figure>\n<\/body>","protected":false},"excerpt":{"rendered":"<p>Bu\u011fday Arpa Yulaf \u00c7avdar Fi\u011f Korunga Yonca M\u0131s\u0131r Sap\u0131 gibi bitkilerin hasad\u0131 sonras\u0131nda, tarlada kalan saplar\u0131 toplay\u0131p saman veya sap olarak presleyip balya haline getirir. 2 ipli ha\u015fbay\u0131z ve 3 &hellip; <\/p>\n","protected":false},"author":1,"featured_media":0,"parent":176,"menu_order":0,"comment_status":"closed","ping_status":"closed","template":"","meta":{"footnotes":""},"class_list":["post-198","page","type-page","status-publish","hentry"],"_links":{"self":[{"href":"https:\/\/sonmezler.com\/index.php\/wp-json\/wp\/v2\/pages\/198"}],"collection":[{"href":"https:\/\/sonmezler.com\/index.php\/wp-json\/wp\/v2\/pages"}],"about":[{"href":"https:\/\/sonmezler.com\/index.php\/wp-json\/wp\/v2\/types\/page"}],"author":[{"embeddable":true,"href":"https:\/\/sonmezler.com\/index.php\/wp-json\/wp\/v2\/users\/1"}],"replies":[{"embeddable":true,"href":"https:\/\/sonmezler.com\/index.php\/wp-json\/wp\/v2\/comments?post=198"}],"version-history":[{"count":6,"href":"https:\/\/sonmezler.com\/index.php\/wp-json\/wp\/v2\/pages\/198\/revisions"}],"predecessor-version":[{"id":438,"href":"https:\/\/sonmezler.com\/index.php\/wp-json\/wp\/v2\/pages\/198\/revisions\/438"}],"up":[{"embeddable":true,"href":"https:\/\/sonmezler.com\/index.php\/wp-json\/wp\/v2\/pages\/176"}],"wp:attachment":[{"href":"https:\/\/sonmezler.com\/index.php\/wp-json\/wp\/v2\/media?parent=198"}],"curies":[{"name":"wp","href":"https:\/\/api.w.org\/{rel}","templated":true}]}}