{"id":200,"date":"2020-09-09T21:58:04","date_gmt":"2020-09-09T21:58:04","guid":{"rendered":"http:\/\/sonmezler.com\/?page_id=200"},"modified":"2020-09-10T13:58:18","modified_gmt":"2020-09-10T10:58:18","slug":"pnomatik-ekim-yeni","status":"publish","type":"page","link":"https:\/\/sonmezler.com\/index.php\/tr\/urunlerimiz\/ekim-makinalari\/pnomatik-ekim-yeni\/","title":{"rendered":"Pn\u00f6matik Ekim (Yeni)"},"content":{"rendered":"<body>\n<div class=\"wp-block-image\"><figure class=\"aligncenter size-large is-resized\"><img decoding=\"async\" src=\"http:\/\/sonmezler.com\/wp-content\/uploads\/2020\/09\/image-16.png\" alt=\"\" class=\"wp-image-444\" width=\"717\" height=\"395\" loading=\"lazy\" srcset=\"https:\/\/sonmezler.com\/wp-content\/uploads\/2020\/09\/image-16.png 603w, https:\/\/sonmezler.com\/wp-content\/uploads\/2020\/09\/image-16-300x165.png 300w\" sizes=\"(max-width: 717px) 100vw, 717px\" \/><\/figure><\/div>\n\n\n\n<p>S\u00f6nmezler taraf\u0131ndan yeni geli\u015ftirilmi\u015f olan y\u00fcksek hassasiyette ekim yapabilen haval\u0131 tip ekim makinas\u0131d\u0131r. Diskli ve baltal\u0131 olmak \u00fczere iki \u00e7e\u015fiti vard\u0131r. \u0130ste\u011fe ba\u011fl\u0131 olarak ayn\u0131 makina hem diskli hem de baltal\u0131 olarak kullan\u0131labilmektedir. Her iki se\u00e7enekte de makina ekim hassasiyetinden bir \u015fey kaybetmez. Bu \u015fekilde ikinci bir makina yat\u0131r\u0131m\u0131 gerekmeden siz de\u011ferli \u00e7ift\u00e7ilerimize avantaj sa\u011flamay\u0131 hedefledik. De\u011fi\u015fen tarla durumu ve \u00fcr\u00fcn \u00e7e\u015fitine ba\u011fl\u0131 olarak istedi\u011finiz zaman k\u00fc\u00e7\u00fck bir i\u015flem ile Disk ya da Baltal\u0131 kombinasyonuna ge\u00e7ebilirsiniz.<\/p>\n\n\n\n<p>Artt\u0131r\u0131lm\u0131\u015f tohum ve g\u00fcbre kapasitesi ile b\u00fcy\u00fck oranda zamandan tasarruf sa\u011flayabilirsiniz.<\/p>\n\n\n\n<div class=\"wp-block-image\"><figure class=\"aligncenter size-large\"><img decoding=\"async\" width=\"518\" height=\"317\" src=\"http:\/\/sonmezler.com\/wp-content\/uploads\/2020\/09\/image-17.png\" alt=\"\" class=\"wp-image-446\" loading=\"lazy\" srcset=\"https:\/\/sonmezler.com\/wp-content\/uploads\/2020\/09\/image-17.png 518w, https:\/\/sonmezler.com\/wp-content\/uploads\/2020\/09\/image-17-300x184.png 300w\" sizes=\"(max-width: 518px) 100vw, 518px\" \/><\/figure><\/div>\n\n\n\n<p><\/p>\n\n\n\n<p><\/p>\n\n\n\n<p><\/p>\n\n\n\n<p><\/p>\n\n\n\n<p><\/p>\n\n\n\n<p><\/p>\n\n\n\n<div class=\"wp-block-columns is-layout-flex wp-container-core-columns-is-layout-1 wp-block-columns-is-layout-flex\">\n<div class=\"wp-block-column is-layout-flow wp-block-column-is-layout-flow\" style=\"flex-basis:66.66%\">\n<p><strong>Hassas Ekim H\u00fccresi<\/strong><br>Yeni tasar\u0131m\u0131 ile Ekim H\u00fccresi; k\u00fc\u00e7\u00fck tohumlardan b\u00fcy\u00fck tohumlara kadar geni\u015f bir yelpazede kullan\u0131labilmektedir. Bu de\u011fi\u015fkenlikte dahi ekim hassasiyetini kaybetmez. Ters vakum sistemi ile tohumlar\u0131n tam da olmas\u0131 gereken zamanda disk y\u00fczeyinden ayr\u0131lmas\u0131n\u0131 sa\u011flar.<\/p>\n<\/div>\n\n\n\n<div class=\"wp-block-column is-layout-flow wp-block-column-is-layout-flow\" style=\"flex-basis:33.33%\">\n<figure class=\"wp-block-image\"><img decoding=\"async\" src=\"http:\/\/sonmezler.com\/wp-content\/uploads\/2020\/09\/image-20.png\" alt=\"This image has an empty alt attribute; its file name is image-20.png\" loading=\"lazy\"><\/figure>\n<\/div>\n<\/div>\n\n\n\n<div class=\"wp-block-columns is-layout-flex wp-container-core-columns-is-layout-2 wp-block-columns-is-layout-flex\">\n<div class=\"wp-block-column is-layout-flow wp-block-column-is-layout-flow\" style=\"flex-basis:66.66%\">\n<p><strong>Plastik G\u00fcbre ve Tohum Kovas\u0131<br><\/strong>Kapasitesi artt\u0131r\u0131lm\u0131\u015f tohum ve g\u00fcbre kovas\u0131 sayesinde hem zamandan hem de i\u015f g\u00fcc\u00fcnden tasarruf edebilecek ve daha kazan\u00e7l\u0131 olabileceksiniz.<\/p>\n<\/div>\n\n\n\n<div class=\"wp-block-column is-layout-flow wp-block-column-is-layout-flow\" style=\"flex-basis:33.33%\">\n<figure class=\"wp-block-image\"><img decoding=\"async\" src=\"http:\/\/sonmezler.com\/wp-content\/uploads\/2020\/09\/image-21.png\" alt=\"This image has an empty alt attribute; its file name is image-21.png\" loading=\"lazy\"><\/figure>\n<\/div>\n<\/div>\n\n\n\n<div class=\"wp-block-columns is-layout-flex wp-container-core-columns-is-layout-3 wp-block-columns-is-layout-flex\">\n<div class=\"wp-block-column is-layout-flow wp-block-column-is-layout-flow\" style=\"flex-basis:66.66%\">\n<p><strong>\u015eaftl\u0131 Hareket Sistemi<br><\/strong>MD Pn\u00f6matik ekim makinas\u0131nda tekerleklerden al\u0131nan hareket tamamen \u015faftlar ile ekici h\u00fccreye aktar\u0131lmaktad\u0131r. Bu sayede tarla y\u00fczeyindeki dalgalanma ekim hassasiyetine etki etmez ve s\u0131ra \u00fczerine at\u0131lan tohumlar s\u00fcrekli ayn\u0131 aral\u0131klar ile tarlayaya b\u0131rak\u0131l\u0131rlar.<\/p>\n<\/div>\n\n\n\n<div class=\"wp-block-column is-layout-flow wp-block-column-is-layout-flow\" style=\"flex-basis:33.33%\">\n<figure class=\"wp-block-image\"><img decoding=\"async\" src=\"http:\/\/sonmezler.com\/wp-content\/uploads\/2020\/09\/image-23.png\" alt=\"This image has an empty alt attribute; its file name is image-23.png\" loading=\"lazy\"><\/figure>\n<\/div>\n<\/div>\n\n\n\n<div class=\"wp-block-columns is-layout-flex wp-container-core-columns-is-layout-4 wp-block-columns-is-layout-flex\">\n<div class=\"wp-block-column is-layout-flow wp-block-column-is-layout-flow\"><\/div>\n\n\n\n<div class=\"wp-block-column is-layout-flow wp-block-column-is-layout-flow\"><\/div>\n<\/div>\n\n\n\n<div class=\"wp-block-image\"><figure class=\"alignright size-large is-resized\"><img decoding=\"async\" src=\"http:\/\/sonmezler.com\/wp-content\/uploads\/2020\/09\/image-24.png\" alt=\"\" class=\"wp-image-455\" width=\"85\" height=\"180\" loading=\"lazy\" srcset=\"https:\/\/sonmezler.com\/wp-content\/uploads\/2020\/09\/image-24.png 253w, https:\/\/sonmezler.com\/wp-content\/uploads\/2020\/09\/image-24-141x300.png 141w\" sizes=\"(max-width: 85px) 100vw, 85px\" \/><\/figure><\/div>\n\n\n\n<div class=\"wp-block-group\"><div class=\"wp-block-group__inner-container is-layout-flow wp-block-group-is-layout-flow\">\n<p><strong>\u015eanz\u0131man Sistemi<br><\/strong>Yeni geli\u015ftirilen \u015fanz\u0131man sistemi tohum ekimine b\u00fcy\u00fck kolayl\u0131k getirmi\u015ftir. K\u00fc\u00e7\u00fck bir i\u015flem ile tekerleklerden ekici \u00fcniteye giden iletim oran\u0131 de\u011fi\u015ftirilerek s\u0131ra \u00fczerindeki tohum aralar\u0131 de\u011fitirilebilir. \u00d6zellikle g\u00fcn i\u00e7erisinde farkl\u0131 tohumlar eken \u00e7ift\u00e7ilerimiz i\u00e7in b\u00fcy\u00fck kolayl\u0131k sa\u011flar.<br><br>\u015eanz\u0131manda 14 farkl\u0131 kademe bulunmakla beraber tekerleklerdeki di\u015fliler ve ayr\u0131ca farkl\u0131 say\u0131lardaki ekici diskleri de kullanarak olduk\u00e7a geni\u015f yelpazede tohumlar ekilebilir.<\/p>\n<\/div><\/div>\n\n\n\n<div class=\"wp-block-group\"><div class=\"wp-block-group__inner-container is-layout-flow wp-block-group-is-layout-flow\">\n<p><\/p>\n<\/div><\/div>\n\n\n\n<p><\/p>\n\n\n\n<div class=\"wp-block-columns is-layout-flex wp-container-core-columns-is-layout-5 wp-block-columns-is-layout-flex\"><\/div>\n\n\n\n<p class=\"has-text-align-right\">\u00a0<\/p>\n\n\n\n<div class=\"wp-block-columns is-layout-flex wp-container-core-columns-is-layout-6 wp-block-columns-is-layout-flex\">\n<div class=\"wp-block-column is-layout-flow wp-block-column-is-layout-flow\" style=\"flex-basis:66.66%\">\n<p><strong>Diskli\/Baltal\u0131 Se\u00e7ene\u011fi<br><\/strong>MD Pn\u00f6matik ekim makinas\u0131 ayn\u0131 \u015fasede hem diskli hem de baltal\u0131 ayak ile kullan\u0131labilmektedir. Bu \u015fekilde bir makinaya iki i\u015flev kazand\u0131r\u0131lm\u0131\u015ft\u0131r.<\/p>\n<\/div>\n\n\n\n<div class=\"wp-block-column is-layout-flow wp-block-column-is-layout-flow\" style=\"flex-basis:33.33%\">\n<figure class=\"wp-block-image\"><img decoding=\"async\" src=\"http:\/\/sonmezler.com\/wp-content\/uploads\/2020\/09\/image-25.png\" alt=\"This image has an empty alt attribute; its file name is image-25.png\" loading=\"lazy\"><\/figure>\n<\/div>\n<\/div>\n\n\n\n<p><\/p>\n\n\n\n<p><strong>\u00dcnite Kayma Sistemi<\/strong><\/p>\n\n\n\n<figure class=\"wp-block-image size-large\"><img decoding=\"async\" width=\"616\" height=\"184\" src=\"http:\/\/sonmezler.com\/wp-content\/uploads\/2020\/09\/image-26.png\" alt=\"\" class=\"wp-image-457\" loading=\"lazy\" srcset=\"https:\/\/sonmezler.com\/wp-content\/uploads\/2020\/09\/image-26.png 616w, https:\/\/sonmezler.com\/wp-content\/uploads\/2020\/09\/image-26-300x90.png 300w\" sizes=\"(max-width: 616px) 100vw, 616px\" \/><\/figure>\n\n\n\n<div class=\"wp-block-image\"><figure class=\"alignright size-large\"><img decoding=\"async\" width=\"197\" height=\"147\" src=\"http:\/\/sonmezler.com\/wp-content\/uploads\/2020\/09\/image-27.png\" alt=\"\" class=\"wp-image-458\" loading=\"lazy\"><\/figure><\/div>\n\n\n\n<p><\/p>\n\n\n\n<p><br><strong>An\u0131z Ekim D\u00fczeni<\/strong><br>Opsiyon olarak verilen An\u0131z Ekim D\u00fczeni kullan\u0131larak minimum i\u015fleme ile an\u0131zl\u0131 tarlaya rahatl\u0131kla ekim yap\u0131labilmektedir. Bu \u015fekilde b\u00fcy\u00fck oranda zaman ve yak\u0131t tasarrufu sa\u011flan\u0131r.<br><br><\/p>\n\n\n\n<p><\/p>\n\n\n\n<figure class=\"wp-block-image size-large\"><img decoding=\"async\" width=\"399\" height=\"168\" src=\"http:\/\/sonmezler.com\/wp-content\/uploads\/2020\/09\/image-18.png\" alt=\"\" class=\"wp-image-448\" loading=\"lazy\" srcset=\"https:\/\/sonmezler.com\/wp-content\/uploads\/2020\/09\/image-18.png 399w, https:\/\/sonmezler.com\/wp-content\/uploads\/2020\/09\/image-18-300x126.png 300w\" sizes=\"(max-width: 399px) 100vw, 399px\" \/><\/figure>\n<\/body>","protected":false},"excerpt":{"rendered":"<p>S\u00f6nmezler taraf\u0131ndan yeni geli\u015ftirilmi\u015f olan y\u00fcksek hassasiyette ekim yapabilen haval\u0131 tip ekim makinas\u0131d\u0131r. Diskli ve baltal\u0131 olmak \u00fczere iki \u00e7e\u015fiti vard\u0131r. \u0130ste\u011fe ba\u011fl\u0131 olarak ayn\u0131 makina hem diskli hem de &hellip; <\/p>\n","protected":false},"author":1,"featured_media":0,"parent":178,"menu_order":0,"comment_status":"closed","ping_status":"closed","template":"","meta":{"footnotes":""},"class_list":["post-200","page","type-page","status-publish","hentry"],"_links":{"self":[{"href":"https:\/\/sonmezler.com\/index.php\/wp-json\/wp\/v2\/pages\/200"}],"collection":[{"href":"https:\/\/sonmezler.com\/index.php\/wp-json\/wp\/v2\/pages"}],"about":[{"href":"https:\/\/sonmezler.com\/index.php\/wp-json\/wp\/v2\/types\/page"}],"author":[{"embeddable":true,"href":"https:\/\/sonmezler.com\/index.php\/wp-json\/wp\/v2\/users\/1"}],"replies":[{"embeddable":true,"href":"https:\/\/sonmezler.com\/index.php\/wp-json\/wp\/v2\/comments?post=200"}],"version-history":[{"count":2,"href":"https:\/\/sonmezler.com\/index.php\/wp-json\/wp\/v2\/pages\/200\/revisions"}],"predecessor-version":[{"id":479,"href":"https:\/\/sonmezler.com\/index.php\/wp-json\/wp\/v2\/pages\/200\/revisions\/479"}],"up":[{"embeddable":true,"href":"https:\/\/sonmezler.com\/index.php\/wp-json\/wp\/v2\/pages\/178"}],"wp:attachment":[{"href":"https:\/\/sonmezler.com\/index.php\/wp-json\/wp\/v2\/media?parent=200"}],"curies":[{"name":"wp","href":"https:\/\/api.w.org\/{rel}","templated":true}]}}