{"id":204,"date":"2020-09-09T21:58:41","date_gmt":"2020-09-09T21:58:41","guid":{"rendered":"http:\/\/sonmezler.com\/?page_id=204"},"modified":"2020-09-10T14:39:32","modified_gmt":"2020-09-10T11:39:32","slug":"pnomatik-ekim","status":"publish","type":"page","link":"https:\/\/sonmezler.com\/index.php\/tr\/urunlerimiz\/ekim-makinalari\/pnomatik-ekim\/","title":{"rendered":"Pn\u00f6matik Ekim"},"content":{"rendered":"<body>\n<p>PMD Pn\u00f6matik Kombine Hassas Ekim Makinas\u0131,<\/p>\n\n\n\n<div class=\"wp-block-image\"><figure class=\"alignright size-large is-resized\"><img decoding=\"async\" src=\"http:\/\/sonmezler.com\/wp-content\/uploads\/2020\/09\/PMD-01.jpg\" alt=\"\" class=\"wp-image-488\" width=\"348\" height=\"253\" loading=\"lazy\"><\/figure><\/div>\n\n\n\n<ul class=\"wp-block-list\">\n<li>Ay\u00e7i\u00e7e\u011fi<\/li>\n<li>M\u0131s\u0131r<\/li>\n<li>Fas\u00fclye<\/li>\n<li>Nohut<\/li>\n<li>So\u011fan<\/li>\n<li>Soya Fas\u00fclyesi<\/li>\n<li>Pancar<\/li>\n<li>Yer F\u0131st\u0131\u011f\u0131<\/li>\n<\/ul>\n\n\n\n<p>gibi tohumlu sebzelerin hassas ekimini ger\u00e7ekle\u015ftirebilece\u011finiz, pn\u00f6matik kombine ekim makinas\u0131d\u0131r.<\/p>\n\n\n\n<p><\/p>\n\n\n\n<p> <\/p>\n\n\n\n<figure class=\"wp-block-gallery aligncenter columns-3 is-cropped wp-block-gallery-1 is-layout-flex wp-block-gallery-is-layout-flex\"><ul class=\"blocks-gallery-grid\">\n<li class=\"blocks-gallery-item\"><figure><img decoding=\"async\" src=\"http:\/\/sonmezler.com\/wp-content\/uploads\/2020\/09\/PMD-07.jpg\" alt=\"\" data-id=\"495\" data-link=\"http:\/\/sonmezler.com\/pmd-07\/\" class=\"wp-image-495\" loading=\"lazy\"><\/figure><\/li>\n<li class=\"blocks-gallery-item\"><figure><img decoding=\"async\" src=\"http:\/\/sonmezler.com\/wp-content\/uploads\/2020\/09\/PMD-06.jpg\" alt=\"\" data-id=\"494\" data-link=\"http:\/\/sonmezler.com\/pmd-06\/\" class=\"wp-image-494\" loading=\"lazy\"><\/figure><\/li>\n<li class=\"blocks-gallery-item\"><figure><img decoding=\"async\" src=\"http:\/\/sonmezler.com\/wp-content\/uploads\/2020\/09\/PMD-05.jpg\" alt=\"\" data-id=\"493\" data-link=\"http:\/\/sonmezler.com\/pmd-05\/\" class=\"wp-image-493\" loading=\"lazy\"><\/figure><\/li>\n<li class=\"blocks-gallery-item\"><figure><img decoding=\"async\" src=\"http:\/\/sonmezler.com\/wp-content\/uploads\/2020\/09\/PMD-03.jpg\" alt=\"\" data-id=\"492\" data-link=\"http:\/\/sonmezler.com\/pmd-03\/\" class=\"wp-image-492\" loading=\"lazy\"><\/figure><\/li>\n<li class=\"blocks-gallery-item\"><figure><img decoding=\"async\" src=\"http:\/\/sonmezler.com\/wp-content\/uploads\/2020\/09\/PMD-01-1.jpg\" alt=\"\" data-id=\"491\" data-link=\"http:\/\/sonmezler.com\/pmd-01-2\/\" class=\"wp-image-491\" loading=\"lazy\"><\/figure><\/li>\n<\/ul><\/figure>\n\n\n\n<p><\/p>\n\n\n\n<p>Ekim \u00fcniteleri \u00fcniversal tipte imal edilmi\u015f olup, iste\u011fe ba\u011fl\u0131 olarak a\u015fa\u011f\u0131da belirtilen \u015fekillerde monte edilir:<\/p>\n\n\n\n<ul class=\"wp-block-list\">\n<li>\n<strong>PANCAR EKlM D\u00dcZEN\u0130<\/strong> Bu sistemin en b\u00fcy\u00fck \u00f6zelli\u011fi ekim derinli\u011fini sabit bir ayarda tutmakt\u0131r. Ekici plaka \u00fczerindeki pancar tohumlar\u0131n\u0131n zaman\u0131nda ve uygun \u015fekilde plaka \u00fczerinden ayr\u0131l\u0131p ekim yata\u011f\u0131na d\u00fc\u015fmesini sa\u011flamak amac\u0131yla vakum h\u00fccresi \u00fczerine emi\u015f g\u00fcc\u00fcne orant\u0131l\u0131 bir bas\u0131n\u00e7 uygulamak \u00fczere, bas\u0131n\u00e7l\u0131 \u00fcfleme sistemine sahiptir.<br>\n<\/li>\n<li>\n<strong>ANIZLI EKIM D\u00dcZEN\u0130 <\/strong>Bu d\u00fczende, \u00fcniversal ekim \u00fcnitesi \u00fczerine ekim balatas\u0131n\u0131n \u00f6n\u00fcne ba\u011flanan ve an\u0131z kal\u0131nt\u0131lar\u0131n\u0131 par\u00e7alayarak yeterli ekim derinli\u011fine ula\u015fabilecek \u015fekilde topra\u011f\u0131 i\u015fleyen \u00e7ift disk sistemi yerle\u015ftirilmi\u015ftir.<br>\n<\/li>\n<li>\n<strong>B\u00dcY\u00dcK TOHUMLU B\u0130TK\u0130 EK\u0130M D\u00dcZEN\u0130<\/strong> M\u0131s\u0131r, yer f\u0131st\u0131\u011f\u0131, soya fasulyesi, ay\u00e7i\u00e7e\u011fi gibi b\u00fcy\u00fck tohumlu bitkiler i\u00e7in kullan\u0131lan bu ekim d\u00fczeninde ekim \u00fcnitesi istenilen maksimum derinli\u011fe ekim yapabilme olana\u011f\u0131n\u0131 sa\u011flayan yayl\u0131 ve sonsuz kademeli bir bask\u0131 d\u00fczeni mevcuttur.<\/li>\n<\/ul>\n\n\n\n<ul class=\"wp-block-list\"><li>\n<strong>GEN\u0130\u015e ALANLAR \u0130\u00c7\u0130N GEL\u0130\u015eT\u0130R\u0130LM\u0130\u015e KO\u015eUM D\u00dcZENLER\u0130<\/strong> \u00c7ok geni\u015f tar\u0131m alanlar\u0131nda kullan\u0131lmak \u00fczere tasarlanan ko\u015fum d\u00fczenleri mevcuttur. Y\u00fcksek beygir g\u00fc\u00e7l\u00fc trakt\u00f6rlerin yayg\u0131nla\u015fmas\u0131 ve i\u015f\u00e7ilik maliyetlerinin y\u00fckselmesi ile birlikte en d\u00fc\u015f\u00fck i\u015f g\u00fcc\u00fc ve en d\u00fc\u015f\u00fck zamanda, olabildi\u011fince geni\u015f alanlar\u0131n ekilebilmesi gere\u011fi do\u011fmu\u015ftur. Bu do\u011frultuda ARGE birimimizde geli\u015ftirlen ve 12 s\u0131raya kadar ekim yapabilmeyi m\u00fcmk\u00fcn k\u0131lan ko\u015fum d\u00fczenleri kullan\u0131labilmektedir. Yol konumuna kolayca ge\u00e7ebilmekte ve ta\u015f\u0131ma tekerleri sayesinde yandan \u00e7ekilerek trafi\u011fe kolayca \u00e7\u0131k\u0131labilmektedir.<\/li><\/ul>\n\n\n\n<ul class=\"wp-block-list\">\n<li>Aspirat\u00f6r Max 130 mbar emi\u015f g\u00fcc\u00fcn\u00fc sessiz olarak sa\u011flayacak \u015fekilde imal edilmi\u015ftir. D\u00fc\u015f\u00fck motor devrinde y\u00fcksek emi\u015f g\u00fcc\u00fc sa\u011flayarak yak\u0131t tasarrufu sa\u011flar. \u00c7ok b\u00fcy\u00fck taneli tohumlar\u0131 rahatl\u0131kla eker. Hava \u00e7\u0131k\u0131\u015f\u0131 y\u00f6n\u00fc arkaya do\u011fru imal edildi\u011finden toz ila\u00e7lama yap\u0131lan tohumlar\u0131n ekiminde ilac\u0131n s\u00fcr\u00fcc\u00fcye zarar vermemesini sa\u011flar.<br><br>\n<\/li>\n<li>\u00dc\u00e7 Nokta Ask\u0131 Sistemi Her tip trakt\u00f6rde \u015faft\u0131n kesilmeden kullan\u0131labilmesi i\u00e7in trakt\u00f6r yan kol ba\u011flant\u0131lar\u0131 5\u2019er cm. arayla \u00fc\u00e7 kademeli yap\u0131lm\u0131\u015ft\u0131r.<br><br>\n<\/li>\n<li>\u015eaft serbest d\u00f6n\u00fc\u015fl\u00fc, kavramal\u0131d\u0131r. Ekim s\u0131ras\u0131nda tarla ba\u015f\u0131 d\u00f6n\u00fc\u015flerindeki gaz k\u0131sma esnas\u0131nda fan d\u00f6nmeye devam eder ve olu\u015fabilecek motor fren y\u00fck\u00fcn\u00fc aspirat\u00f6r kay\u0131\u015f\u0131na yans\u0131tmadan \u00fczerine al\u0131r. B\u00f6ylece; kay\u0131\u015f\u0131n ve trakt\u00f6r kuyruk mili \u00fczerindeki di\u015flilerin \u00f6mr\u00fc uzamaktad\u0131r.<br><br>\n<\/li>\n<li>Hareket \u0130letim D\u00fczeni Hareket iletim tekerinden al\u0131nan hareketi zincir di\u015fliler vas\u0131tas\u0131 ile ekim \u00fcnitelerine iletir. 2 ile 77.5 cm s\u0131ra \u00fczeri ayar serbestli\u011fine sahiptir. Di\u011fer pn\u00f6matik ekim makinalar\u0131ndan farkl\u0131 olarak sadece firmam\u0131z imalatlar\u0131nda bulunan mafsall\u0131 hareket iletim tekerleri mevcuttur. B\u00f6ylece; uygun \u015fartlarda ekim haz\u0131rl\u0131\u011f\u0131 yap\u0131lamayan tarlalarda bile, kesintisiz hareket ileterek sabit olan sistemlere g\u00f6re daha emniyetli bir ekim olana\u011f\u0131 sa\u011flar. Tarladaki engebelerden olu\u015facak ekim derinli\u011fi farkl\u0131l\u0131\u011f\u0131n\u0131 ortadan kald\u0131rarak tek d\u00fcze ekim derinli\u011fini sa\u011flar.<\/li>\n<\/ul>\n\n\n\n<figure class=\"wp-block-image size-large\"><img decoding=\"async\" src=\"http:\/\/sonmezler.com\/wp-content\/uploads\/2020\/09\/PMD-06.jpg\" alt=\"\" class=\"wp-image-494\" loading=\"lazy\"><\/figure>\n\n\n\n<div class=\"wp-block-image\"><figure class=\"aligncenter size-large\"><img decoding=\"async\" width=\"700\" height=\"271\" src=\"http:\/\/sonmezler.com\/wp-content\/uploads\/2020\/09\/image-31.png\" alt=\"\" class=\"wp-image-500\" loading=\"lazy\" srcset=\"https:\/\/sonmezler.com\/wp-content\/uploads\/2020\/09\/image-31.png 700w, https:\/\/sonmezler.com\/wp-content\/uploads\/2020\/09\/image-31-300x116.png 300w\" sizes=\"(max-width: 700px) 100vw, 700px\" \/><\/figure><\/div>\n<\/body>","protected":false},"excerpt":{"rendered":"<p>PMD Pn\u00f6matik Kombine Hassas Ekim Makinas\u0131, Ay\u00e7i\u00e7e\u011fi M\u0131s\u0131r Fas\u00fclye Nohut So\u011fan Soya Fas\u00fclyesi Pancar Yer F\u0131st\u0131\u011f\u0131 gibi tohumlu sebzelerin hassas ekimini ger\u00e7ekle\u015ftirebilece\u011finiz, pn\u00f6matik kombine ekim makinas\u0131d\u0131r. Ekim \u00fcniteleri \u00fcniversal tipte &hellip; <\/p>\n","protected":false},"author":1,"featured_media":0,"parent":178,"menu_order":0,"comment_status":"closed","ping_status":"closed","template":"","meta":{"footnotes":""},"class_list":["post-204","page","type-page","status-publish","hentry"],"_links":{"self":[{"href":"https:\/\/sonmezler.com\/index.php\/wp-json\/wp\/v2\/pages\/204"}],"collection":[{"href":"https:\/\/sonmezler.com\/index.php\/wp-json\/wp\/v2\/pages"}],"about":[{"href":"https:\/\/sonmezler.com\/index.php\/wp-json\/wp\/v2\/types\/page"}],"author":[{"embeddable":true,"href":"https:\/\/sonmezler.com\/index.php\/wp-json\/wp\/v2\/users\/1"}],"replies":[{"embeddable":true,"href":"https:\/\/sonmezler.com\/index.php\/wp-json\/wp\/v2\/comments?post=204"}],"version-history":[{"count":12,"href":"https:\/\/sonmezler.com\/index.php\/wp-json\/wp\/v2\/pages\/204\/revisions"}],"predecessor-version":[{"id":505,"href":"https:\/\/sonmezler.com\/index.php\/wp-json\/wp\/v2\/pages\/204\/revisions\/505"}],"up":[{"embeddable":true,"href":"https:\/\/sonmezler.com\/index.php\/wp-json\/wp\/v2\/pages\/178"}],"wp:attachment":[{"href":"https:\/\/sonmezler.com\/index.php\/wp-json\/wp\/v2\/media?parent=204"}],"curies":[{"name":"wp","href":"https:\/\/api.w.org\/{rel}","templated":true}]}}