{"id":206,"date":"2020-09-09T21:58:54","date_gmt":"2020-09-09T21:58:54","guid":{"rendered":"http:\/\/sonmezler.com\/?page_id=206"},"modified":"2020-09-10T14:56:45","modified_gmt":"2020-09-10T11:56:45","slug":"hassas-ekim","status":"publish","type":"page","link":"https:\/\/sonmezler.com\/index.php\/tr\/urunlerimiz\/ekim-makinalari\/hassas-ekim\/","title":{"rendered":"Hassas Ekim"},"content":{"rendered":"<body>\n<div class=\"wp-block-image\"><figure class=\"alignright size-large\"><img decoding=\"async\" width=\"300\" height=\"225\" src=\"http:\/\/sonmezler.com\/wp-content\/uploads\/2020\/09\/image-32.png\" alt=\"\" class=\"wp-image-507\" loading=\"lazy\"><\/figure><\/div>\n\n\n\n<p>Hassas ekimi ile kendisini d\u00fcnyada kan\u0131tlam\u0131\u015f olan PM-785 ekim makinas\u0131 en zor ekilen tohumlarda bile \u00fcst\u00fcn ba\u015far\u0131 sa\u011flam\u0131\u015ft\u0131r.Her \u00fcniteye tak\u0131lan kendine has diskler ve ekim ayaklar\u0131 sayesinde 1, 2 ve 3 s\u0131ral\u0131 ekim yapma imkan\u0131 vard\u0131r. Vakumlu tohum ekici \u00fcnitelerin bizdeki imalat standard\u0131 5 adet olup bu \u00fcniteler iste\u011fe ba\u011fl\u0131 olarak azalt\u0131l\u0131p \u00e7o\u011falt\u0131labilir.<\/p>\n\n\n\n<p>PM-785 tam rand\u0131manl\u0131 ekimi ve kullanma kolayl\u0131\u011f\u0131 ile her \u00e7e\u015fit tohum ekim makinalar\u0131 ilk tercihtir. K\u0131saca kendi alan\u0131nda tektir.<\/p>\n\n\n\n<p><strong>Ekim \u00dcnitesi<\/strong><\/p>\n\n\n\n<div class=\"wp-block-image\"><figure class=\"alignright size-large\"><img decoding=\"async\" width=\"150\" height=\"187\" src=\"http:\/\/sonmezler.com\/wp-content\/uploads\/2020\/09\/image-33.png\" alt=\"\" class=\"wp-image-509\" loading=\"lazy\"><\/figure><\/div>\n\n\n\n<p>PM785 Ekim \u00fcnitesi 3 ayr\u0131 par\u00e7adan olu\u015fan bir vakum h\u00fccresinden meydana gelmektedir. Trakt\u00f6r \u00e7al\u0131\u015f\u0131rken fan \u00fcnitesiyle olu\u015fturulan vakum, tohum kovas\u0131ndaki tohumlar\u0131n diskteki deliklere yap\u0131\u015fmas\u0131n\u0131 sa\u011flar. Ekim \u00fcnitesinde, diskteki her deli\u011fe sadece bir tohumun yap\u0131\u015fmas\u0131n\u0131 sa\u011flayacak tekleyici sistem vard\u0131r. Sahip oldu\u011fu kalibrasyon tekeri sayesinde \u00e7ok hassas olan bu sistem, her tohum i\u00e7in gerekli olan ayarlamalar\u0131 elle yap\u0131lacak kadar basittir. Tak\u0131lan tohum diskine g\u00f6re tohumlar; birerli, iki\u015ferli ve \u00fc\u00e7erli s\u0131ralar halinde ekilir. \u0130kili ve \u00fc\u00e7l\u00fc ekim i\u00e7in tohumlar\u0131 ayr\u0131 s\u0131ralara da\u011f\u0131tacak bir ay\u0131r\u0131c\u0131 yerle\u015ftirilmi\u015ftir. Tohumun b\u0131rak\u0131lmas\u0131ndan \u00f6nce kesilen vakum, tohumun topra\u011fa yak\u0131ndan d\u00fc\u015fmesini sa\u011flar ve b\u00f6ylece tohum aras\u0131 mesafeler kusursuz bir \u015fekilde ayarlanm\u0131\u015f olur. Tohumlar b\u0131rak\u0131ld\u0131ktan sonra delikler hava ak\u0131m\u0131 ile temizlenir. Ekim i\u015flemi tamamland\u0131\u011f\u0131nda tohum kovas\u0131 taban\u0131ndaki bir t\u0131pa sayesinde \u00fcnitedeki tohumlar kolayca bo\u015falt\u0131labilir.<\/p>\n\n\n\n<div class=\"wp-block-image\"><figure class=\"alignright size-large\"><img decoding=\"async\" width=\"150\" height=\"73\" src=\"http:\/\/sonmezler.com\/wp-content\/uploads\/2020\/09\/image-34.png\" alt=\"\" class=\"wp-image-512\" loading=\"lazy\"><\/figure><\/div>\n\n\n\n<p><strong>Ekim Diskleri<\/strong><br>PM785 Tohum diskleri m\u00fckemmel bir hava ge\u00e7irmezli\u011fi sa\u011flamak i\u00e7in ince ve esnek yap\u0131lm\u0131\u015ft\u0131r. Diskteki her delik lazer teknolojisi ile \u00fcretildi\u011finden \u00e7ok hassas ve pirissizdir. B\u00f6ylece tohumlar\u0131n zarar g\u00f6rme riski ve deliklerin t\u0131kanma \u015fans\u0131 en aza indirilmi\u015ftir.<\/p>\n\n\n\n<p>Zamandan ve paradan tasarruf sa\u011flamak amac\u0131yla \u00e7ok de\u011fi\u015fik \u00e7e\u015fitlerdeki tohumlar bir disk ile ekilebilir :<\/p>\n\n\n\n<figure class=\"wp-block-table is-style-stripes\"><table><tbody>\n<tr>\n<td>\u015eeker Pancar\u0131<\/td>\n<td>Kimyon<\/td>\n<td>Yonca<\/td>\n<\/tr>\n<tr>\n<td>K\u0131rm\u0131z\u0131 Pancar<\/td>\n<td>Karnabahar<\/td>\n<td>Turp<\/td>\n<\/tr>\n<tr>\n<td>Yem Pancar\u0131<\/td>\n<td>Kavun<\/td>\n<td>T\u00fct\u00fcn<\/td>\n<\/tr>\n<tr>\n<td>So\u011fan<\/td>\n<td>Karpuz<\/td>\n<td>Ispanak<\/td>\n<\/tr>\n<tr>\n<td>Havu\u00e7<\/td>\n<td>Salatal\u0131k<\/td>\n<td>Maydonoz<\/td>\n<\/tr>\n<tr>\n<td>Susam<\/td>\n<td>Ay\u00e7i\u00e7e\u011fi<\/td>\n<td>Marul<\/td>\n<\/tr>\n<tr>\n<td>Domates<\/td>\n<td>Bezelye<\/td>\n<td>Hardal<\/td>\n<\/tr>\n<tr>\n<td>Biber<\/td>\n<td>Bamya<\/td>\n<td>Ko\u015fkonmaz<\/td>\n<\/tr>\n<tr>\n<td>Patl\u0131can<\/td>\n<td>Soya Fasulyesi<\/td>\n<td>\u015ealgam<\/td>\n<\/tr>\n<tr>\n<td>P\u0131rasa<\/td>\n<td>K\u00fc\u00e7\u00fck Fasulye<\/td>\n<td>Acur<\/td>\n<\/tr>\n<tr>\n<td>Lahana<\/td>\n<td>Acebek<\/td>\n<td>\u00c7i\u00e7ek Tohumu<\/td>\n<\/tr>\n<tr>\n<td>Br\u00fcksel Lahanas\u0131<\/td>\n<td>Nohut<\/td>\n<td>Dere Otu<\/td>\n<\/tr>\n<tr>\n<td>K\u0131v\u0131rc\u0131k Lahana<\/td>\n<td>Frenk Salata<\/td>\n<td>Baharat<\/td>\n<\/tr>\n<\/tbody><\/table><\/figure>\n\n\n\n<p><strong>Baltalar (Ekici Ayaklar)<\/strong><\/p>\n\n\n\n<div class=\"wp-block-image\"><figure class=\"alignright size-large\"><img decoding=\"async\" width=\"150\" height=\"128\" src=\"http:\/\/sonmezler.com\/wp-content\/uploads\/2020\/09\/image-35.png\" alt=\"\" class=\"wp-image-515\" loading=\"lazy\"><\/figure><\/div>\n\n\n\n<p>Tohum diskine uygun olarak haz\u0131rlanm\u0131\u015f olan balta \u00e7e\u015fitleri \u00f6zel \u015fekil ve uygunlukta ekim se\u00e7enekleri sa\u011flar.<\/p>\n\n\n\n<ul class=\"wp-block-list\"><li>\n<strong>Tek \u00c7izgili:<\/strong><br>Sert profil, dar V \u015feklinde tohum yata\u011f\u0131 olu\u015fturur. Baltalar Ni-Hard denilen \u00e7ok sert ve uzun \u00f6m\u00fcrl\u00fc \u00e7elikten imal edilmi\u015ftir.<\/li><\/ul>\n\n\n\n<ul class=\"wp-block-list\"><li>\n<strong>\u00c7ok \u00c7izgili:<\/strong><br>65 mm veya 100 mm \u00f6l\u00e7\u00fclerinde olan bu baltalar havu\u00e7, so\u011fan ve di\u011fer y\u00fcksek yo\u011funluktaki \u00fcr\u00fcnler i\u00e7in uygundur. De\u011fi\u015febilen oluklu taban sayesinde ikili veya \u00fc\u00e7l\u00fc ekim yap\u0131labilir.<\/li><\/ul>\n\n\n\n<div class=\"wp-block-image\"><figure class=\"alignright size-large\"><img decoding=\"async\" width=\"150\" height=\"134\" src=\"http:\/\/sonmezler.com\/wp-content\/uploads\/2020\/09\/image-36.png\" alt=\"\" class=\"wp-image-517\" loading=\"lazy\"><\/figure><\/div>\n\n\n\n<p><strong>Vakum Sistemi<\/strong><\/p>\n\n\n\n<p>G\u00fc\u00e7l\u00fc vakum \u00fcreten fan, ekim an\u0131nda trakt\u00f6r taraf\u0131ndan \u00f6zel bir \u015faft ile d\u00f6nd\u00fcr\u00fcl\u00fcr. Vakum \u00fcnitesinin yaratt\u0131\u011f\u0131 emi\u015f g\u00fcc\u00fc 11-15 ekim \u00fcnitesine yetecek g\u00fc\u00e7tedir. Vakum \u00fcnitesi, ekim diskindeki delikleri temiz tutmak amac\u0131yla bas\u0131n\u00e7l\u0131 hava da \u00fcretir. Olduk\u00e7a sessiz ve verimli \u00e7al\u0131\u015f\u0131r.<\/p>\n\n\n\n<p><strong>Hareket Sistemi<\/strong><\/p>\n\n\n\n<div class=\"wp-block-image\"><figure class=\"alignright size-large\"><img decoding=\"async\" width=\"150\" height=\"164\" src=\"http:\/\/sonmezler.com\/wp-content\/uploads\/2020\/09\/image-37.png\" alt=\"\" class=\"wp-image-519\" loading=\"lazy\"><\/figure><\/div>\n\n\n\n<p>\u00dcnitelerin ekim aral\u0131\u011f\u0131 ayarlanabilen 12 kademeli di\u015fli sayesinde 30 de\u011fi\u015fik ekim aral\u0131\u011f\u0131 kullan\u0131labilir. Tekerler \u00fcnitelerinin 30 cm a\u015fa\u011f\u0131s\u0131na kadar indirilebilir. Bu \u015fekilde yast\u0131k ekiminde de kullan\u0131labilir.<\/p>\n\n\n\n<p><\/p>\n\n\n\n<p><\/p>\n\n\n\n<hr class=\"wp-block-separator\">\n\n\n\n<p>\u00a0<\/p>\n\n\n\n<p>\u00a0 <\/p>\n\n\n\n<figure class=\"wp-block-table alignwide is-style-stripes\"><table><tbody>\n<tr>\n<td><strong>Teknik \u00d6zellikler<\/strong><\/td>\n<td><strong>Birim<\/strong><\/td>\n<td><strong>De\u011fer<\/strong><\/td>\n<\/tr>\n<tr>\n<td>Tohum Kovas\u0131<\/td>\n<td>L<\/td>\n<td>1 veya 2<\/td>\n<\/tr>\n<tr>\n<td>S\u0131ra geni\u015fli\u011fi (en az)<\/td>\n<td>cm<\/td>\n<td>1 L tohum kovas\u0131 :20<br>2 L tohum kovas\u0131: 25<\/td>\n<\/tr>\n<tr>\n<td>S\u0131ra geni\u015fli\u011fi (en \u00e7ok)<\/td>\n<td>cm<\/td>\n<td>5<\/td>\n<\/tr>\n<tr>\n<td>\u00dcnite a\u011f\u0131rl\u0131\u011f\u0131<\/td>\n<td>kg<\/td>\n<td>46<\/td>\n<\/tr>\n<tr>\n<td>\u00dcnite uzunlu\u011fu<\/td>\n<td>cm<\/td>\n<td>K\u0131sa \u015fase:145<br>Geni\u015f \u015fase: 170<\/td>\n<\/tr>\n<\/tbody><\/table><\/figure>\n\n\n\n<p><\/p>\n<\/body>","protected":false},"excerpt":{"rendered":"<p>Hassas ekimi ile kendisini d\u00fcnyada kan\u0131tlam\u0131\u015f olan PM-785 ekim makinas\u0131 en zor ekilen tohumlarda bile \u00fcst\u00fcn ba\u015far\u0131 sa\u011flam\u0131\u015ft\u0131r.Her \u00fcniteye tak\u0131lan kendine has diskler ve ekim ayaklar\u0131 sayesinde 1, 2 ve &hellip; <\/p>\n","protected":false},"author":1,"featured_media":0,"parent":178,"menu_order":0,"comment_status":"closed","ping_status":"closed","template":"","meta":{"footnotes":""},"class_list":["post-206","page","type-page","status-publish","hentry"],"_links":{"self":[{"href":"https:\/\/sonmezler.com\/index.php\/wp-json\/wp\/v2\/pages\/206"}],"collection":[{"href":"https:\/\/sonmezler.com\/index.php\/wp-json\/wp\/v2\/pages"}],"about":[{"href":"https:\/\/sonmezler.com\/index.php\/wp-json\/wp\/v2\/types\/page"}],"author":[{"embeddable":true,"href":"https:\/\/sonmezler.com\/index.php\/wp-json\/wp\/v2\/users\/1"}],"replies":[{"embeddable":true,"href":"https:\/\/sonmezler.com\/index.php\/wp-json\/wp\/v2\/comments?post=206"}],"version-history":[{"count":18,"href":"https:\/\/sonmezler.com\/index.php\/wp-json\/wp\/v2\/pages\/206\/revisions"}],"predecessor-version":[{"id":530,"href":"https:\/\/sonmezler.com\/index.php\/wp-json\/wp\/v2\/pages\/206\/revisions\/530"}],"up":[{"embeddable":true,"href":"https:\/\/sonmezler.com\/index.php\/wp-json\/wp\/v2\/pages\/178"}],"wp:attachment":[{"href":"https:\/\/sonmezler.com\/index.php\/wp-json\/wp\/v2\/media?parent=206"}],"curies":[{"name":"wp","href":"https:\/\/api.w.org\/{rel}","templated":true}]}}