{"id":210,"date":"2020-09-09T21:59:30","date_gmt":"2020-09-09T21:59:30","guid":{"rendered":"http:\/\/sonmezler.com\/?page_id=210"},"modified":"2020-09-10T16:34:17","modified_gmt":"2020-09-10T13:34:17","slug":"hububat-ekim","status":"publish","type":"page","link":"https:\/\/sonmezler.com\/index.php\/tr\/urunlerimiz\/ekim-makinalari\/hububat-ekim\/","title":{"rendered":"Hububat Ekim"},"content":{"rendered":"<body>\n<figure class=\"wp-block-image size-large\"><img decoding=\"async\" width=\"600\" height=\"524\" src=\"http:\/\/sonmezler.com\/wp-content\/uploads\/2020\/09\/image-47.png\" alt=\"\" class=\"wp-image-565\" loading=\"lazy\" srcset=\"https:\/\/sonmezler.com\/wp-content\/uploads\/2020\/09\/image-47.png 600w, https:\/\/sonmezler.com\/wp-content\/uploads\/2020\/09\/image-47-300x262.png 300w\" sizes=\"(max-width: 600px) 100vw, 600px\" \/><figcaption><em>** G\u00f6r\u00fcnt\u00fcler sadece reklam ama\u00e7l\u0131d\u0131r! Opsiyonlar olabilir.<\/em><\/figcaption><\/figure>\n\n\n\n<p>Bu\u011fday, \u00c7avdar, Arpa, Soya, Kolza, Yulaf, Bezelye gibi geni\u015f bir da\u011f\u0131l\u0131mdaki Hububat tohumlar\u0131n\u0131 hassas ve uniform bir \u015fekilde ekilmesini sa\u011flayan, y\u00fcksek teknolojiye sahip Ekim Makinas\u0131d\u0131r.<\/p>\n\n\n\n<p><strong>S\u0131rta ve D\u00fcze Ekim<br><\/strong>SD her t\u00fcrl\u00fc araziye hassas bir \u015fekilde ekim yapmak i\u00e7in tasarlanm\u0131\u015ft\u0131r. S\u0131rta ve D\u00fcze ayn\u0131 hassasiyette ekim yapabilir.<\/p>\n\n\n\n<p><strong>Hassas Ekici Ayaklar<br><\/strong>Ekici Ayaklar modern tasar\u0131m\u0131 sayesinde her y\u00fckseklikte toprak y\u00fczeyine ayn\u0131 bas\u0131nc\u0131 uygular. Dolay\u0131s\u0131 ile uniform bir ekim deseni elde edilmi\u015f olur. T\u00fcm Tohumlar toprak y\u00fczeyine g\u00f6re ayn\u0131 derinlikte oldu\u011fu i\u00e7in e\u015f zamanl\u0131 \u00e7imlenmeyi ve dolay\u0131s\u0131 ile maksimum verimi sa\u011flam\u0131\u015f olur.<\/p>\n\n\n\n<p><strong>De\u011fi\u015fken S\u0131ra Aras\u0131<br><\/strong>Mod\u00fcler tasar\u0131m\u0131 sayesinde Diskli Ayakta minimum 9 cm, Baltal\u0131 Ayakta minimum 8.5 cm s\u0131ra aras\u0131na kadar ekim yapabilir. \u0130stenildi\u011finde kolay bir \u015fekilde ayaklar eklenip \u00e7\u0131kart\u0131labilir.<\/p>\n\n\n\n<p><strong>G\u00fcbre ve Tohumu Ayn\u0131 Anda Atabilme<br><\/strong>\u00c7ift b\u00f6lmeli Tohum Kovas\u0131 sayesinde hem G\u00fcbre hemde Tohum ayn\u0131 anda istenilen oranda at\u0131labilir. Bu b\u00f6lmeler gerekti\u011finde tek b\u00f6lme olarakda kullan\u0131labilir. Bu sayede her iki b\u00f6lme kullan\u0131larak Tohum ekimi yap\u0131labilir.<\/p>\n\n\n\n<p><strong>Kademesiz De\u011fi\u015fken \u015eanz\u0131man<br><\/strong>Kademesiz de\u011fi\u015fken \u015fanz\u0131man sayesinde daha hassas ve daha kolay bir \u015fekilde ekim normu ayarlanabilir. Kademesiz kaml\u0131 \u015fanz\u0131man oldu\u011fu i\u00e7in daha sessiz \u00e7al\u0131\u015f\u0131r.<\/p>\n\n\n\n<div class=\"wp-block-image\"><figure class=\"aligncenter size-large\"><img decoding=\"async\" width=\"355\" height=\"135\" src=\"http:\/\/sonmezler.com\/wp-content\/uploads\/2020\/09\/image-48.png\" alt=\"\" class=\"wp-image-566\" loading=\"lazy\" srcset=\"https:\/\/sonmezler.com\/wp-content\/uploads\/2020\/09\/image-48.png 355w, https:\/\/sonmezler.com\/wp-content\/uploads\/2020\/09\/image-48-300x114.png 300w\" sizes=\"(max-width: 355px) 100vw, 355px\" \/><\/figure><\/div>\n\n\n\n<p><strong>Se\u00e7enekler<\/strong><\/p>\n\n\n\n<p>SD Hububat Ekim Makinas\u0131 2.5 m, 3 m, 3.6 m ve 4 m olmak \u00fczere d\u00f6rt farkl\u0131 boyutta hizmetinize sunulmaktad\u0131r. Diskli, Baltal\u0131 ve G\u00fcbreli, G\u00fcbresiz se\u00e7enekleri de bulunmaktad\u0131r.<\/p>\n\n\n\n<div class=\"wp-block-image\"><figure class=\"aligncenter size-large\"><img decoding=\"async\" width=\"636\" height=\"484\" src=\"http:\/\/sonmezler.com\/wp-content\/uploads\/2020\/09\/image-49.png\" alt=\"\" class=\"wp-image-567\" loading=\"lazy\" srcset=\"https:\/\/sonmezler.com\/wp-content\/uploads\/2020\/09\/image-49.png 636w, https:\/\/sonmezler.com\/wp-content\/uploads\/2020\/09\/image-49-300x228.png 300w\" sizes=\"(max-width: 636px) 100vw, 636px\" \/><\/figure><\/div>\n\n\n\n<p> <\/p>\n<\/body>","protected":false},"excerpt":{"rendered":"<p>Bu\u011fday, \u00c7avdar, Arpa, Soya, Kolza, Yulaf, Bezelye gibi geni\u015f bir da\u011f\u0131l\u0131mdaki Hububat tohumlar\u0131n\u0131 hassas ve uniform bir \u015fekilde ekilmesini sa\u011flayan, y\u00fcksek teknolojiye sahip Ekim Makinas\u0131d\u0131r. S\u0131rta ve D\u00fcze EkimSD her &hellip; <\/p>\n","protected":false},"author":1,"featured_media":0,"parent":178,"menu_order":0,"comment_status":"closed","ping_status":"closed","template":"","meta":{"footnotes":""},"class_list":["post-210","page","type-page","status-publish","hentry"],"_links":{"self":[{"href":"https:\/\/sonmezler.com\/index.php\/wp-json\/wp\/v2\/pages\/210"}],"collection":[{"href":"https:\/\/sonmezler.com\/index.php\/wp-json\/wp\/v2\/pages"}],"about":[{"href":"https:\/\/sonmezler.com\/index.php\/wp-json\/wp\/v2\/types\/page"}],"author":[{"embeddable":true,"href":"https:\/\/sonmezler.com\/index.php\/wp-json\/wp\/v2\/users\/1"}],"replies":[{"embeddable":true,"href":"https:\/\/sonmezler.com\/index.php\/wp-json\/wp\/v2\/comments?post=210"}],"version-history":[{"count":5,"href":"https:\/\/sonmezler.com\/index.php\/wp-json\/wp\/v2\/pages\/210\/revisions"}],"predecessor-version":[{"id":632,"href":"https:\/\/sonmezler.com\/index.php\/wp-json\/wp\/v2\/pages\/210\/revisions\/632"}],"up":[{"embeddable":true,"href":"https:\/\/sonmezler.com\/index.php\/wp-json\/wp\/v2\/pages\/178"}],"wp:attachment":[{"href":"https:\/\/sonmezler.com\/index.php\/wp-json\/wp\/v2\/media?parent=210"}],"curies":[{"name":"wp","href":"https:\/\/api.w.org\/{rel}","templated":true}]}}