{"id":214,"date":"2020-09-09T22:00:39","date_gmt":"2020-09-09T22:00:39","guid":{"rendered":"http:\/\/sonmezler.com\/?page_id=214"},"modified":"2020-09-10T16:02:16","modified_gmt":"2020-09-10T13:02:16","slug":"ts","status":"publish","type":"page","link":"https:\/\/sonmezler.com\/index.php\/tr\/urunlerimiz\/sap-parcalama-makinalari\/ts\/","title":{"rendered":"TS"},"content":{"rendered":"<body>\n<p class=\"has-large-font-size\">TS Prairial<\/p>\n\n\n\n<figure class=\"wp-block-image size-large\"><img decoding=\"async\" width=\"567\" height=\"362\" src=\"http:\/\/sonmezler.com\/wp-content\/uploads\/2020\/09\/image-53.png\" alt=\"\" class=\"wp-image-581\" loading=\"lazy\" srcset=\"https:\/\/sonmezler.com\/wp-content\/uploads\/2020\/09\/image-53.png 567w, https:\/\/sonmezler.com\/wp-content\/uploads\/2020\/09\/image-53-300x192.png 300w\" sizes=\"(max-width: 567px) 100vw, 567px\" \/><\/figure>\n\n\n\n<div class=\"wp-block-columns is-layout-flex wp-container-core-columns-is-layout-1 wp-block-columns-is-layout-flex\">\n<div class=\"wp-block-column is-layout-flow wp-block-column-is-layout-flow\" style=\"flex-basis:66.66%\">\n<p><strong>Hidrolik Kayd\u0131rma<br><\/strong>G\u00fc\u00e7l\u00fc ve sa\u011flam oluklu bir ray \u00fczerine monte edilen sistem,kayma i\u015fleminin d\u00fczg\u00fcn ve sessiz olmas\u0131n\u0131 sa\u011flar.160-300 cm geni\u015fli\u011findeki modellerde 90-140 cm kayma i\u015flemi yap\u0131labilir.<\/p>\n<\/div>\n\n\n\n<div class=\"wp-block-column is-layout-flow wp-block-column-is-layout-flow\" style=\"flex-basis:33.33%\">\n<figure class=\"wp-block-image\"><img decoding=\"async\" src=\"http:\/\/sonmezler.com\/wp-content\/uploads\/2020\/09\/image-54.png\" alt=\"This image has an empty alt attribute; its file name is image-54.png\" loading=\"lazy\"><\/figure>\n<\/div>\n<\/div>\n\n\n\n<div class=\"wp-block-columns is-layout-flex wp-container-core-columns-is-layout-2 wp-block-columns-is-layout-flex\">\n<div class=\"wp-block-column is-layout-flow wp-block-column-is-layout-flow\" style=\"flex-basis:66.66%\">\n<p><strong>Tekerler<\/strong><br>Merdanenin yerine monte edilmi\u015flerdir, y\u00fckseklik ayarlar\u0131n\u0131n d\u00fczg\u00fcn olarak yap\u0131lmas\u0131n\u0131 sa\u011flar. 2 tip teker vard\u0131r: Haval\u0131 ve dolma teker.<\/p>\n<\/div>\n\n\n\n<div class=\"wp-block-column is-layout-flow wp-block-column-is-layout-flow\" style=\"flex-basis:33.33%\">\n<figure class=\"wp-block-image\"><img decoding=\"async\" src=\"http:\/\/sonmezler.com\/wp-content\/uploads\/2020\/09\/image-56.png\" alt=\"This image has an empty alt attribute; its file name is image-56.png\" loading=\"lazy\"><\/figure>\n\n\n\n<p><\/p>\n<\/div>\n<\/div>\n\n\n\n<p><\/p>\n\n\n\n<div class=\"wp-block-image\"><figure class=\"aligncenter size-large\"><img decoding=\"async\" width=\"321\" height=\"377\" src=\"http:\/\/sonmezler.com\/wp-content\/uploads\/2020\/09\/image-57.png\" alt=\"\" class=\"wp-image-588\" loading=\"lazy\" srcset=\"https:\/\/sonmezler.com\/wp-content\/uploads\/2020\/09\/image-57.png 321w, https:\/\/sonmezler.com\/wp-content\/uploads\/2020\/09\/image-57-255x300.png 255w\" sizes=\"(max-width: 321px) 100vw, 321px\" \/><\/figure><\/div>\n\n\n\n<div class=\"wp-block-group is-layout-flow wp-block-group-is-layout-flow\"><div class=\"wp-block-group__inner-container\"><\/div><\/div>\n\n\n\n<p><\/p>\n<\/body>","protected":false},"excerpt":{"rendered":"<p>TS Prairial Hidrolik Kayd\u0131rmaG\u00fc\u00e7l\u00fc ve sa\u011flam oluklu bir ray \u00fczerine monte edilen sistem,kayma i\u015fleminin d\u00fczg\u00fcn ve sessiz olmas\u0131n\u0131 sa\u011flar.160-300 cm geni\u015fli\u011findeki modellerde 90-140 cm kayma i\u015flemi yap\u0131labilir. TekerlerMerdanenin yerine monte &hellip; <\/p>\n","protected":false},"author":1,"featured_media":0,"parent":180,"menu_order":0,"comment_status":"closed","ping_status":"closed","template":"","meta":{"footnotes":""},"class_list":["post-214","page","type-page","status-publish","hentry"],"_links":{"self":[{"href":"https:\/\/sonmezler.com\/index.php\/wp-json\/wp\/v2\/pages\/214"}],"collection":[{"href":"https:\/\/sonmezler.com\/index.php\/wp-json\/wp\/v2\/pages"}],"about":[{"href":"https:\/\/sonmezler.com\/index.php\/wp-json\/wp\/v2\/types\/page"}],"author":[{"embeddable":true,"href":"https:\/\/sonmezler.com\/index.php\/wp-json\/wp\/v2\/users\/1"}],"replies":[{"embeddable":true,"href":"https:\/\/sonmezler.com\/index.php\/wp-json\/wp\/v2\/comments?post=214"}],"version-history":[{"count":6,"href":"https:\/\/sonmezler.com\/index.php\/wp-json\/wp\/v2\/pages\/214\/revisions"}],"predecessor-version":[{"id":590,"href":"https:\/\/sonmezler.com\/index.php\/wp-json\/wp\/v2\/pages\/214\/revisions\/590"}],"up":[{"embeddable":true,"href":"https:\/\/sonmezler.com\/index.php\/wp-json\/wp\/v2\/pages\/180"}],"wp:attachment":[{"href":"https:\/\/sonmezler.com\/index.php\/wp-json\/wp\/v2\/media?parent=214"}],"curies":[{"name":"wp","href":"https:\/\/api.w.org\/{rel}","templated":true}]}}