{"id":216,"date":"2020-09-09T22:00:50","date_gmt":"2020-09-09T22:00:50","guid":{"rendered":"http:\/\/sonmezler.com\/?page_id=216"},"modified":"2020-09-10T16:14:10","modified_gmt":"2020-09-10T13:14:10","slug":"tsm","status":"publish","type":"page","link":"https:\/\/sonmezler.com\/index.php\/tr\/urunlerimiz\/sap-parcalama-makinalari\/tsm\/","title":{"rendered":"TSM"},"content":{"rendered":"<body>\n<p>Sap Par\u00e7alama Makinas\u0131<\/p>\n\n\n\n<figure class=\"wp-block-image size-large\"><img decoding=\"async\" width=\"482\" height=\"213\" src=\"http:\/\/sonmezler.com\/wp-content\/uploads\/2020\/09\/image-58.png\" alt=\"\" class=\"wp-image-592\" loading=\"lazy\" srcset=\"https:\/\/sonmezler.com\/wp-content\/uploads\/2020\/09\/image-58.png 482w, https:\/\/sonmezler.com\/wp-content\/uploads\/2020\/09\/image-58-300x133.png 300w\" sizes=\"(max-width: 482px) 100vw, 482px\" \/><\/figure>\n\n\n\n<p><\/p>\n\n\n\n<p><\/p>\n\n\n\n<div class=\"wp-block-image\"><figure class=\"alignright size-large\"><img decoding=\"async\" width=\"150\" height=\"149\" src=\"http:\/\/sonmezler.com\/wp-content\/uploads\/2020\/09\/image-59.png\" alt=\"\" class=\"wp-image-593\" loading=\"lazy\"><\/figure><\/div>\n\n\n\n<p><strong>Otomatik Gergi<br><\/strong>Kay\u0131\u015flar\u0131n gergisini s\u00fcrekli olarak ayn\u0131 d\u00fczeyde tutar. Kay\u0131\u015flar her ko\u015fulda gergide kald\u0131klar\u0131 i\u00e7in en iyi rand\u0131man\u0131 sa\u011flar. Bak\u0131m ihtiyac\u0131 ve ar\u0131za riski yoktur.<br><br>Kay\u0131\u015flar Di\u015fli olduklar\u0131 i\u00e7in kasnaklara temaslar\u0131 en \u00fcst d\u00fczeydedir. Kasnak g\u00f6bekleri kolayca s\u00f6k\u00fcl\u00fcp tak\u0131labilir olarak tasarlanm\u0131\u015ft\u0131r.<\/p>\n\n\n\n<p><br><br><\/p>\n\n\n\n<div class=\"wp-block-image\"><figure class=\"alignright size-large\"><img decoding=\"async\" width=\"150\" height=\"96\" src=\"http:\/\/sonmezler.com\/wp-content\/uploads\/2020\/09\/image-60.png\" alt=\"\" class=\"wp-image-596\" loading=\"lazy\"><\/figure><\/div>\n\n\n\n<p><strong>\u0130ki Kademeli Ezici<br><\/strong>Y\u00fcksek ataletleri \u00e7eki\u00e7 tip b\u0131\u00e7aklar ile g\u00f6vde \u00fczerindeki sabit \u00e7ift s\u0131ral\u0131 b\u0131\u00e7aklar ile g\u00f6vde \u00fczerindeki sabit \u00e7ift s\u0131ral\u0131 b\u0131\u00e7aklar, saplar\u0131 maksimum d\u00fczeyde par\u00e7alar. 6 mm kal\u0131nl\u0131\u011f\u0131ndaki \u00f6n pancur saclar\u0131 ise \u015fof\u00f6r\u00fc ve trakt\u00f6r\u00fc korur.<\/p>\n\n\n\n<p><br><br><br><\/p>\n\n\n\n<div class=\"wp-block-image\"><figure class=\"alignright size-large is-resized\"><img decoding=\"async\" src=\"http:\/\/sonmezler.com\/wp-content\/uploads\/2020\/09\/image-61.png\" alt=\"\" class=\"wp-image-597\" width=\"129\" height=\"129\" loading=\"lazy\"><\/figure><\/div>\n\n\n\n<p><strong>\u00dc\u00e7 Nokta Ask\u0131 D\u00fczeni<br><\/strong>\u00dc\u00e7 Nokta Ask\u0131 D\u00fczeni \u00e7er\u00e7evesi, \u00e7ok g\u00fc\u00e7l\u00fc dikt\u00f6rtgen profil malzemeden imal edilmi\u015ftir. <br><br>Orta kol ba\u011flant\u0131s\u0131n\u0131n yap\u0131ld\u0131\u011f\u0131 mafsall\u0131 ba\u011flant\u0131, \u00e7al\u0131\u015fma esnas\u0131nda makine dikine do\u011fru hareket ederse, trakt\u00f6r\u00fc m\u00fckemmel bir bi\u00e7imde sabit tutarak makinan\u0131n \u00f6ne do\u011fru yaslanmas\u0131n\u0131 engeller.<br><br><\/p>\n\n\n\n<p><br><br><br><\/p>\n\n\n\n<div class=\"wp-block-image\"><figure class=\"alignright\"><img decoding=\"async\" src=\"http:\/\/sonmezler.com\/wp-content\/uploads\/2020\/09\/image-62.png\" alt=\"This image has an empty alt attribute; its file name is image-62.png\" loading=\"lazy\"><\/figure><\/div>\n\n\n\n<p><strong>Merdane ve K\u0131zaklar<br><\/strong>B\u00fcy\u00fck \u00e7apl\u0131 merdane her durumda kusursuz bir kontrol sa\u011flar. Merdane s\u0131y\u0131r\u0131c\u0131s\u0131 da nemli toprak ko\u015fullar\u0131nda rahat \u00e7al\u0131\u015fma imkan\u0131 verir.Y\u00fcksekli\u011fi ayarlanabilir olan k\u0131zaklar, engebeli tarla \u015fartlar\u0131nda rotoru korur.<\/p>\n\n\n\n<p><\/p>\n\n\n\n<div class=\"wp-block-image\"><figure class=\"aligncenter size-large\"><img decoding=\"async\" width=\"641\" height=\"277\" src=\"http:\/\/sonmezler.com\/wp-content\/uploads\/2020\/09\/image-63.png\" alt=\"\" class=\"wp-image-615\" loading=\"lazy\" srcset=\"https:\/\/sonmezler.com\/wp-content\/uploads\/2020\/09\/image-63.png 641w, https:\/\/sonmezler.com\/wp-content\/uploads\/2020\/09\/image-63-300x130.png 300w\" sizes=\"(max-width: 641px) 100vw, 641px\" \/><\/figure><\/div>\n<\/body>","protected":false},"excerpt":{"rendered":"<p>Sap Par\u00e7alama Makinas\u0131 Otomatik GergiKay\u0131\u015flar\u0131n gergisini s\u00fcrekli olarak ayn\u0131 d\u00fczeyde tutar. Kay\u0131\u015flar her ko\u015fulda gergide kald\u0131klar\u0131 i\u00e7in en iyi rand\u0131man\u0131 sa\u011flar. Bak\u0131m ihtiyac\u0131 ve ar\u0131za riski yoktur. Kay\u0131\u015flar Di\u015fli olduklar\u0131 &hellip; <\/p>\n","protected":false},"author":1,"featured_media":0,"parent":180,"menu_order":0,"comment_status":"closed","ping_status":"closed","template":"","meta":{"footnotes":""},"class_list":["post-216","page","type-page","status-publish","hentry"],"_links":{"self":[{"href":"https:\/\/sonmezler.com\/index.php\/wp-json\/wp\/v2\/pages\/216"}],"collection":[{"href":"https:\/\/sonmezler.com\/index.php\/wp-json\/wp\/v2\/pages"}],"about":[{"href":"https:\/\/sonmezler.com\/index.php\/wp-json\/wp\/v2\/types\/page"}],"author":[{"embeddable":true,"href":"https:\/\/sonmezler.com\/index.php\/wp-json\/wp\/v2\/users\/1"}],"replies":[{"embeddable":true,"href":"https:\/\/sonmezler.com\/index.php\/wp-json\/wp\/v2\/comments?post=216"}],"version-history":[{"count":11,"href":"https:\/\/sonmezler.com\/index.php\/wp-json\/wp\/v2\/pages\/216\/revisions"}],"predecessor-version":[{"id":616,"href":"https:\/\/sonmezler.com\/index.php\/wp-json\/wp\/v2\/pages\/216\/revisions\/616"}],"up":[{"embeddable":true,"href":"https:\/\/sonmezler.com\/index.php\/wp-json\/wp\/v2\/pages\/180"}],"wp:attachment":[{"href":"https:\/\/sonmezler.com\/index.php\/wp-json\/wp\/v2\/media?parent=216"}],"curies":[{"name":"wp","href":"https:\/\/api.w.org\/{rel}","templated":true}]}}