{"id":220,"date":"2020-09-09T22:01:29","date_gmt":"2020-09-09T22:01:29","guid":{"rendered":"http:\/\/sonmezler.com\/?page_id=220"},"modified":"2020-09-10T19:25:53","modified_gmt":"2020-09-10T16:25:53","slug":"capa-makinasi","status":"publish","type":"page","link":"https:\/\/sonmezler.com\/index.php\/tr\/urunlerimiz\/capalama-makinalari\/capa-makinasi\/","title":{"rendered":"\u00c7apa Makinas\u0131"},"content":{"rendered":"<body>\n<p><strong>\u00c7ok \u0130\u015flevli \u00c7apa Makinas\u0131<br><\/strong>T\u00fcm \u00fcr\u00fcnlerde kullan\u0131labilecek \u00e7ok ama\u00e7l\u0131 \u00c7apa Makinas\u0131d\u0131r. Farkl\u0131 b\u0131\u00e7ak kombinasyonlar\u0131 ile kullan\u0131c\u0131n\u0131n ve \u00fcr\u00fcn\u00fcn iste\u011fine en uygun i\u015fleme bi\u00e7imi belirlenebilir.<\/p>\n\n\n\n<figure class=\"wp-block-image size-large is-resized\"><img decoding=\"async\" src=\"http:\/\/sonmezler.com\/wp-content\/uploads\/2020\/09\/image-89.png\" alt=\"\" class=\"wp-image-672\" width=\"709\" height=\"315\" loading=\"lazy\" srcset=\"https:\/\/sonmezler.com\/wp-content\/uploads\/2020\/09\/image-89.png 500w, https:\/\/sonmezler.com\/wp-content\/uploads\/2020\/09\/image-89-300x133.png 300w\" sizes=\"(max-width: 709px) 100vw, 709px\" \/><\/figure>\n\n\n\n<p>\u00c7apalama ile ayn\u0131 anda topra\u011f\u0131 g\u00fcbrelemek de m\u00fcmk\u00fcnd\u00fcr. G\u00fcbreleme \u00fcnitesi harketini makinaya ba\u011fl\u0131 demir tekerden al\u0131r. Bu \u015fekilde daha d\u00fczenli bir g\u00fcbreleme elde edilebilece\u011fi gibi tarla ba\u015f\u0131 d\u00f6n\u00fc\u015flerinde olu\u015fabilecek g\u00fcbre kayb\u0131 azal\u0131r, d\u00f6n\u00fc\u015f daha da kolayla\u015f\u0131r.<\/p>\n\n\n\n<figure class=\"wp-block-image size-large is-resized\"><img decoding=\"async\" src=\"http:\/\/sonmezler.com\/wp-content\/uploads\/2020\/09\/image-90.png\" alt=\"\" class=\"wp-image-673\" width=\"715\" height=\"429\" loading=\"lazy\" srcset=\"https:\/\/sonmezler.com\/wp-content\/uploads\/2020\/09\/image-90.png 400w, https:\/\/sonmezler.com\/wp-content\/uploads\/2020\/09\/image-90-300x180.png 300w\" sizes=\"(max-width: 715px) 100vw, 715px\" \/><\/figure>\n<\/body>","protected":false},"excerpt":{"rendered":"<p>\u00c7ok \u0130\u015flevli \u00c7apa Makinas\u0131T\u00fcm \u00fcr\u00fcnlerde kullan\u0131labilecek \u00e7ok ama\u00e7l\u0131 \u00c7apa Makinas\u0131d\u0131r. Farkl\u0131 b\u0131\u00e7ak kombinasyonlar\u0131 ile kullan\u0131c\u0131n\u0131n ve \u00fcr\u00fcn\u00fcn iste\u011fine en uygun i\u015fleme bi\u00e7imi belirlenebilir. \u00c7apalama ile ayn\u0131 anda topra\u011f\u0131 g\u00fcbrelemek de &hellip; <\/p>\n","protected":false},"author":1,"featured_media":0,"parent":182,"menu_order":0,"comment_status":"closed","ping_status":"closed","template":"","meta":{"footnotes":""},"class_list":["post-220","page","type-page","status-publish","hentry"],"_links":{"self":[{"href":"https:\/\/sonmezler.com\/index.php\/wp-json\/wp\/v2\/pages\/220"}],"collection":[{"href":"https:\/\/sonmezler.com\/index.php\/wp-json\/wp\/v2\/pages"}],"about":[{"href":"https:\/\/sonmezler.com\/index.php\/wp-json\/wp\/v2\/types\/page"}],"author":[{"embeddable":true,"href":"https:\/\/sonmezler.com\/index.php\/wp-json\/wp\/v2\/users\/1"}],"replies":[{"embeddable":true,"href":"https:\/\/sonmezler.com\/index.php\/wp-json\/wp\/v2\/comments?post=220"}],"version-history":[{"count":2,"href":"https:\/\/sonmezler.com\/index.php\/wp-json\/wp\/v2\/pages\/220\/revisions"}],"predecessor-version":[{"id":674,"href":"https:\/\/sonmezler.com\/index.php\/wp-json\/wp\/v2\/pages\/220\/revisions\/674"}],"up":[{"embeddable":true,"href":"https:\/\/sonmezler.com\/index.php\/wp-json\/wp\/v2\/pages\/182"}],"wp:attachment":[{"href":"https:\/\/sonmezler.com\/index.php\/wp-json\/wp\/v2\/media?parent=220"}],"curies":[{"name":"wp","href":"https:\/\/api.w.org\/{rel}","templated":true}]}}