{"id":224,"date":"2020-09-09T22:03:44","date_gmt":"2020-09-09T22:03:44","guid":{"rendered":"http:\/\/sonmezler.com\/?page_id=224"},"modified":"2020-09-10T19:36:39","modified_gmt":"2020-09-10T16:36:39","slug":"pancar-hasat-collina-e","status":"publish","type":"page","link":"https:\/\/sonmezler.com\/index.php\/tr\/urunlerimiz\/pancar-hasat\/pancar-hasat-collina-e\/","title":{"rendered":"Pancar Hasat Collina-E"},"content":{"rendered":"<body>\n<div class=\"wp-block-image\"><figure class=\"alignright size-large is-resized\"><img decoding=\"async\" src=\"http:\/\/sonmezler.com\/wp-content\/uploads\/2020\/09\/image-94.png\" alt=\"\" class=\"wp-image-684\" width=\"442\" height=\"280\" loading=\"lazy\"><\/figure><\/div>\n\n\n\n<p>\u015eeker pancar\u0131n\u0131n<\/p>\n\n\n\n<ul class=\"wp-block-list\">\n<li>ba\u015f kesme,<\/li>\n<li>s\u00f6kme,<\/li>\n<li>temizleme,<\/li>\n<li>depolama ve<\/li>\n<li>y\u00fckleme<\/li>\n<\/ul>\n\n\n\n<p>i\u015flemlerinin t\u00fcm\u00fcn\u00fc birarada yapabilen, tamamen hidrolik kumanda sistemleri ile donat\u0131lm\u0131\u015f tek s\u0131ral\u0131 bir pancar hasat makinas\u0131d\u0131r.<\/p>\n\n\n\n<p>Yaprak kesme, ba\u015f kesme, s\u00f6k\u00fcm ve bo\u015faltma i\u015flemlerine hidrolik kumanda kollar\u0131 sayesinde s\u00fcr\u00fcc\u00fc veya makinada oturan ki\u015fi taraf\u0131ndan kumanda edilebilmektedir.<\/p>\n\n\n\n<div class=\"wp-block-image\"><figure class=\"aligncenter size-large\"><img decoding=\"async\" width=\"485\" height=\"134\" src=\"http:\/\/sonmezler.com\/wp-content\/uploads\/2020\/09\/image-95.png\" alt=\"\" class=\"wp-image-685\" loading=\"lazy\" srcset=\"https:\/\/sonmezler.com\/wp-content\/uploads\/2020\/09\/image-95.png 485w, https:\/\/sonmezler.com\/wp-content\/uploads\/2020\/09\/image-95-300x83.png 300w\" sizes=\"(max-width: 485px) 100vw, 485px\" \/><\/figure><\/div>\n\n\n\n<p>Collina-S \u00e7ok sert yap\u0131l\u0131 a\u011f\u0131r tarlalarda ve trakt\u00f6r\u00fcn makineyi \u00e7ekebilece\u011fi \u00f6l\u00e7\u00fcdeki \u00e7amur tarlalarda rahat\u00e7a s\u00f6k\u00fcm yap\u0131labilmektedir. Lastik temizleme f\u0131r\u00e7alar\u0131 \u00e7ift s\u0131ral\u0131d\u0131r.<\/p>\n\n\n\n<p><\/p>\n\n\n\n<div class=\"wp-block-image\"><figure class=\"alignright size-large is-resized\"><img decoding=\"async\" src=\"http:\/\/sonmezler.com\/wp-content\/uploads\/2020\/09\/image-96.png\" alt=\"\" class=\"wp-image-686\" width=\"223\" height=\"309\" loading=\"lazy\"><\/figure><\/div>\n\n\n\n<p>Barigelli lisans\u0131yla imal etti\u011fimiz Collina-S modelinde hareketli t\u00fcm par\u00e7alar Danfoss marka hidrolik motorlarla donat\u0131lm\u0131\u015ft\u0131r. Bu motorlara hareketi veren hidrolik pompa ise trakt\u00f6r kuyruk miline kolayca tak\u0131lmaktad\u0131r.<\/p>\n\n\n\n<p>Elektronik s\u0131ra izleme d\u00fczene\u011fi sayesinde pancar s\u0131ras\u0131n\u0131 kendisi takip eder. Pancar\u0131 en uygun pozisyonda s\u00f6kebilmek i\u00e7in Elektro-Hidrolik d\u00fcmenleme ile makinay\u0131 kumanda eder. Buna ek olarak s\u00fcr\u00fcc\u00fc taraf\u0131ndan uzaktan kumanda edilebilmesi i\u00e7in bir el kumanda sistemi de bulunmaktad\u0131r. Bu kumanda sayesinde; y\u00f6nlendirme, bo\u015faltma, gibi t\u00fcm fonksiyonlar uzaktan kontrol edilebilir.<\/p>\n\n\n\n<p>Hareket eden t\u00fcm par\u00e7alar herhangi bir t\u0131kanma veya s\u0131k\u0131\u015fma esnas\u0131nda an\u0131nda s\u00fcr\u00fcc\u00fc taraf\u0131ndan bir kumanda ile geriye \u00e7evrilebilmekte, s\u0131k\u0131\u015fma ve t\u0131kanmalar ortadan kald\u0131r\u0131lmaktad\u0131r. Hidrolik kumanda sistemi makina \u00fczerinde kalabildi\u011fi gibi istenildi\u011fi takdirde trakt\u00f6r \u00fczerine al\u0131n\u0131p trakt\u00f6r s\u00fcr\u00fcc\u00fcs\u00fc taraf\u0131ndan kullan\u0131labilir.<\/p>\n\n\n\n<p>Collina-S \u00e7ok sert yap\u0131l\u0131 a\u011f\u0131r tarlalarda ve trakt\u00f6r\u00fcn makineyi \u00e7ekebilece\u011fi \u00f6l\u00e7\u00fcdeki \u00e7amur tarlalarda rahat\u00e7a s\u00f6k\u00fcm yap\u0131labilmektedir. Lastik temizleme f\u0131r\u00e7alar\u0131 \u00e7ift s\u0131ral\u0131d\u0131r.<\/p>\n\n\n\n<p>Yaprak ve ba\u015f kesme b\u0131\u00e7aklar\u0131 \u00f6zel ala\u015f\u0131ml\u0131 \u00e7elikten imal edilmi\u015ftir.<\/p>\n\n\n\n<p>Bantl\u0131 bo\u015faltma sistemine sahiptir, b\u00f6ylece pancar s\u00f6k\u00fcm\u00fc esnas\u0131nda beraberinde gelen ta\u015f ve toprak par\u00e7ac\u0131klar\u0131n\u0131 bantl\u0131 sistemi sayesinde eleyerek daha temiz bir \u015fekilde depolanmas\u0131n\u0131 sa\u011flar.<\/p>\n\n\n\n<p><\/p>\n\n\n\n<figure class=\"wp-block-image size-large\"><img decoding=\"async\" width=\"633\" height=\"219\" src=\"http:\/\/sonmezler.com\/wp-content\/uploads\/2020\/09\/image-97.png\" alt=\"\" class=\"wp-image-687\" loading=\"lazy\" srcset=\"https:\/\/sonmezler.com\/wp-content\/uploads\/2020\/09\/image-97.png 633w, https:\/\/sonmezler.com\/wp-content\/uploads\/2020\/09\/image-97-300x104.png 300w\" sizes=\"(max-width: 633px) 100vw, 633px\" \/><\/figure>\n<\/body>","protected":false},"excerpt":{"rendered":"<p>\u015eeker pancar\u0131n\u0131n ba\u015f kesme, s\u00f6kme, temizleme, depolama ve y\u00fckleme i\u015flemlerinin t\u00fcm\u00fcn\u00fc birarada yapabilen, tamamen hidrolik kumanda sistemleri ile donat\u0131lm\u0131\u015f tek s\u0131ral\u0131 bir pancar hasat makinas\u0131d\u0131r. Yaprak kesme, ba\u015f kesme, s\u00f6k\u00fcm &hellip; <\/p>\n","protected":false},"author":1,"featured_media":0,"parent":184,"menu_order":0,"comment_status":"closed","ping_status":"closed","template":"","meta":{"footnotes":""},"class_list":["post-224","page","type-page","status-publish","hentry"],"_links":{"self":[{"href":"https:\/\/sonmezler.com\/index.php\/wp-json\/wp\/v2\/pages\/224"}],"collection":[{"href":"https:\/\/sonmezler.com\/index.php\/wp-json\/wp\/v2\/pages"}],"about":[{"href":"https:\/\/sonmezler.com\/index.php\/wp-json\/wp\/v2\/types\/page"}],"author":[{"embeddable":true,"href":"https:\/\/sonmezler.com\/index.php\/wp-json\/wp\/v2\/users\/1"}],"replies":[{"embeddable":true,"href":"https:\/\/sonmezler.com\/index.php\/wp-json\/wp\/v2\/comments?post=224"}],"version-history":[{"count":2,"href":"https:\/\/sonmezler.com\/index.php\/wp-json\/wp\/v2\/pages\/224\/revisions"}],"predecessor-version":[{"id":688,"href":"https:\/\/sonmezler.com\/index.php\/wp-json\/wp\/v2\/pages\/224\/revisions\/688"}],"up":[{"embeddable":true,"href":"https:\/\/sonmezler.com\/index.php\/wp-json\/wp\/v2\/pages\/184"}],"wp:attachment":[{"href":"https:\/\/sonmezler.com\/index.php\/wp-json\/wp\/v2\/media?parent=224"}],"curies":[{"name":"wp","href":"https:\/\/api.w.org\/{rel}","templated":true}]}}