{"id":226,"date":"2020-09-09T22:04:00","date_gmt":"2020-09-09T22:04:00","guid":{"rendered":"http:\/\/sonmezler.com\/?page_id=226"},"modified":"2020-09-10T19:47:05","modified_gmt":"2020-09-10T16:47:05","slug":"pancar-hasat-ph","status":"publish","type":"page","link":"https:\/\/sonmezler.com\/index.php\/tr\/urunlerimiz\/pancar-hasat\/pancar-hasat-ph\/","title":{"rendered":"Pancar Hasat PH"},"content":{"rendered":"<body>\n<p><strong>PH-04 Tam Hidrolik Pancarl\u0131 Hasat Makinas\u0131<\/strong><\/p>\n\n\n\n<p>\u015eeker pancar\u0131n\u0131n ba\u015f kesme, s\u00f6kme, temizleme, depolama ve y\u00fckleme i\u015flemlerinin t\u00fcm\u00fcn\u00fc birarada yapabilen tek s\u0131ral\u0131 bir pancar hasat makinas\u0131d\u0131r.<\/p>\n\n\n\n<p>Rampa kullanmaks\u0131z\u0131n 2.85 mete y\u00fcksekli\u011fe bile y\u00fckleme yapabilir.<\/p>\n\n\n\n<figure class=\"wp-block-image size-large\"><img decoding=\"async\" width=\"800\" height=\"707\" src=\"http:\/\/sonmezler.com\/wp-content\/uploads\/2020\/09\/PH-01-1_04.jpg\" alt=\"\" class=\"wp-image-692\" loading=\"lazy\" srcset=\"https:\/\/sonmezler.com\/wp-content\/uploads\/2020\/09\/PH-01-1_04.jpg 800w, https:\/\/sonmezler.com\/wp-content\/uploads\/2020\/09\/PH-01-1_04-300x265.jpg 300w, https:\/\/sonmezler.com\/wp-content\/uploads\/2020\/09\/PH-01-1_04-768x679.jpg 768w\" sizes=\"(max-width: 800px) 100vw, 800px\" \/><\/figure>\n\n\n\n<ul class=\"wp-block-list\">\n<li>PH-04 sayesinde ilk 5 s\u0131ran\u0131n elle s\u00f6k\u00fclmesine gerek kalmaz.<\/li>\n<li>Yeni yan b\u0131\u00e7aklar\u0131, otlu arazi s\u00f6k\u00fcm\u00fcnde de kesin \u00e7\u00f6z\u00fcm sa\u011flar.<\/li>\n<li>Topra\u011f\u0131n kuru ya da az \u00e7amurlu olmas\u0131 \u00f6nemli de\u011fildir.<\/li>\n<\/ul>\n\n\n\n<p><strong>Teknik \u00d6zellikler<\/strong><\/p>\n\n\n\n<div class=\"wp-block-image\"><figure class=\"alignright size-large\"><img decoding=\"async\" width=\"131\" height=\"413\" src=\"http:\/\/sonmezler.com\/wp-content\/uploads\/2020\/09\/image-99.png\" alt=\"\" class=\"wp-image-696\" loading=\"lazy\" srcset=\"https:\/\/sonmezler.com\/wp-content\/uploads\/2020\/09\/image-99.png 131w, https:\/\/sonmezler.com\/wp-content\/uploads\/2020\/09\/image-99-95x300.png 95w\" sizes=\"(max-width: 131px) 100vw, 131px\" \/><\/figure><\/div>\n\n\n\n<p><strong>Temizleme tamburunda yenilik\u2026<\/strong><\/p>\n\n\n\n<p>Ta\u015f\u0131ma kanatlar\u0131n\u0131n ucuna lastik uygulayarak pancar\u0131 zedelemeden temizlemekte ve depoyu tam olarak doldurmaktad\u0131r.<\/p>\n\n\n\n<p>Yeni S\u00f6k\u00fcc\u00fc ve \u0130tici Sistem Fazla nemli ve a\u011f\u0131r topraklarda \u00e7al\u0131\u015fma imkan\u0131 sa\u011flar. Bu t\u00fcr topraklarda s\u00f6k\u00fcm an\u0131nda s\u00f6k\u00fcc\u00fc \u00f6n\u00fcnde t\u0131kanan toprak ve pancar\u0131 pervane kanatlar\u0131 yard\u0131m\u0131 ile temizleme silindiri i\u00e7ine atarak s\u00f6k\u00fcc\u00fc \u00f6n\u00fcn\u00fcn bo\u015falt\u0131lmas\u0131n\u0131 sa\u011flar. Pervane kanatlar\u0131 pancar\u0131n zedelenmemesi i\u00e7in ketenli lastikten \u00fcretilmi\u015ftir. Ayr\u0131ca f\u0131r\u00e7a di\u015fli kutusunda ar\u0131zas\u0131z yepyeni bir sistem kullan\u0131lm\u0131\u015ft\u0131r.<\/p>\n\n\n\n<p><strong>Otomatik Kavrama Sistemi<\/strong><\/p>\n\n\n\n<p>Makinan\u0131n (yol) ta\u015f\u0131ma pozisyonunda, izleme tekeri hareketini ay\u0131ran, tarla \u00e7al\u0131\u015fmas\u0131 s\u0131ras\u0131nda da ileten hassas ve uzun \u00f6m\u00fcrl\u00fc bir sistemdir.<\/p>\n\n\n\n<p>\u00c7eki oku \u00fczerinde bulunan seviye tekeri sayesinde istenilen s\u00f6k\u00fcm derinli\u011fi elde edilir.<\/p>\n\n\n\n<figure class=\"wp-block-image size-large\"><img decoding=\"async\" width=\"840\" height=\"604\" src=\"http:\/\/sonmezler.com\/wp-content\/uploads\/2020\/09\/PH-01-2_03.jpg\" alt=\"\" class=\"wp-image-697\" loading=\"lazy\" srcset=\"https:\/\/sonmezler.com\/wp-content\/uploads\/2020\/09\/PH-01-2_03.jpg 840w, https:\/\/sonmezler.com\/wp-content\/uploads\/2020\/09\/PH-01-2_03-300x216.jpg 300w, https:\/\/sonmezler.com\/wp-content\/uploads\/2020\/09\/PH-01-2_03-768x552.jpg 768w\" sizes=\"(max-width: 840px) 100vw, 840px\" \/><\/figure>\n\n\n\n<p><\/p>\n\n\n\n<p><strong>\u0130lk 5 S\u0131ran\u0131n Elle S\u00f6k\u00fclmesine Gerek Kalmad\u0131\u2026<\/strong><\/p>\n\n\n\n<p>Sol teker jant\u0131, iki konumda ba\u011flanacak \u015fekilde \u00f6zel olarak imal edilmi\u015ftir. \u0130lk 5 s\u0131ran\u0131n s\u00f6k\u00fcm\u00fcne ba\u015flamak i\u00e7in ve esas \u00e7al\u0131\u015fma \u015fekli i\u00e7in iki ayr\u0131 ba\u011flama bi\u00e7imi vard\u0131r. Makina tekerlerinin s\u00f6k\u00fclm\u00fc\u015f pancar kanal\u0131ndan gitmesi gerekti\u011finden jant civatalar\u0131 s\u00f6k\u00fclerek teker ters \u00e7evrilip ba\u011flanmal\u0131d\u0131r. Bunda ama\u00e7, makinan\u0131n s\u00f6k\u00fcm izinden kaymas\u0131n\u0131 \u00f6nlemektir.<\/p>\n\n\n\n<p><strong>Yaprak ve Yabanc\u0131 Ot Kesme Sistemi<\/strong><\/p>\n\n\n\n<ul class=\"wp-block-list\">\n<li>Bir sonraki s\u0131ray\u0131 s\u00f6k\u00fcme haz\u0131rlar.<\/li>\n<li>S\u00f6k\u00fcm s\u0131ras\u0131nda biti\u015fik s\u0131ran\u0131n yaprak ve otlar\u0131n\u0131 keserek s\u00f6k\u00fclm\u00fc\u015f tarafa atar.<\/li>\n<li>S\u00fcr\u00fcc\u00fcn\u00fcn izleme tekeri ile s\u0131ray\u0131 takip etmesinde kolayl\u0131k sa\u011flar.<\/li>\n<li>B\u0131\u00e7aklar, y\u00fcksek devirli, d\u00f6rt a\u011f\u0131zl\u0131 ve \u00e7elik malzemeden yap\u0131lm\u0131\u015ft\u0131r.<\/li>\n<\/ul>\n\n\n\n<p>Mafsall\u0131 bir yatak d\u00fczenine sahiptir. Bu sayede b\u0131\u00e7ak y\u00fcksekli\u011fi kolayca ayarlanabildi\u011fi gibi, yol konumunda yatak ekseni etraf\u0131nda kald\u0131r\u0131larak makina \u00fczerine yat\u0131r\u0131labilmektedir.<\/p>\n\n\n\n<p><strong>2.85 Metrelik Y\u00fckleme Y\u00fcksekli\u011fi<\/strong><\/p>\n\n\n\n<p>Emsalleri en fazla r\u00f6morka y\u00fckleme yapabilirken, firmam\u0131z ilk defa 1991 y\u0131l\u0131 imalat\u0131nda y\u00fckleme y\u00fcksekli\u011fini 2.85 metreye \u00e7\u0131kararak rampaya gerek kalmadan en y\u00fcksek kasal\u0131 kamyonlara bile y\u00fckleme yapabilecek duruma gelmi\u015ftir.<\/p>\n\n\n\n<figure class=\"wp-block-image size-large\"><img decoding=\"async\" width=\"630\" height=\"199\" src=\"http:\/\/sonmezler.com\/wp-content\/uploads\/2020\/09\/image-100.png\" alt=\"\" class=\"wp-image-699\" loading=\"lazy\" srcset=\"https:\/\/sonmezler.com\/wp-content\/uploads\/2020\/09\/image-100.png 630w, https:\/\/sonmezler.com\/wp-content\/uploads\/2020\/09\/image-100-300x95.png 300w\" sizes=\"(max-width: 630px) 100vw, 630px\" \/><\/figure>\n<\/body>","protected":false},"excerpt":{"rendered":"<p>PH-04 Tam Hidrolik Pancarl\u0131 Hasat Makinas\u0131 \u015eeker pancar\u0131n\u0131n ba\u015f kesme, s\u00f6kme, temizleme, depolama ve y\u00fckleme i\u015flemlerinin t\u00fcm\u00fcn\u00fc birarada yapabilen tek s\u0131ral\u0131 bir pancar hasat makinas\u0131d\u0131r. Rampa kullanmaks\u0131z\u0131n 2.85 mete y\u00fcksekli\u011fe &hellip; <\/p>\n","protected":false},"author":1,"featured_media":0,"parent":184,"menu_order":0,"comment_status":"closed","ping_status":"closed","template":"","meta":{"footnotes":""},"class_list":["post-226","page","type-page","status-publish","hentry"],"_links":{"self":[{"href":"https:\/\/sonmezler.com\/index.php\/wp-json\/wp\/v2\/pages\/226"}],"collection":[{"href":"https:\/\/sonmezler.com\/index.php\/wp-json\/wp\/v2\/pages"}],"about":[{"href":"https:\/\/sonmezler.com\/index.php\/wp-json\/wp\/v2\/types\/page"}],"author":[{"embeddable":true,"href":"https:\/\/sonmezler.com\/index.php\/wp-json\/wp\/v2\/users\/1"}],"replies":[{"embeddable":true,"href":"https:\/\/sonmezler.com\/index.php\/wp-json\/wp\/v2\/comments?post=226"}],"version-history":[{"count":5,"href":"https:\/\/sonmezler.com\/index.php\/wp-json\/wp\/v2\/pages\/226\/revisions"}],"predecessor-version":[{"id":700,"href":"https:\/\/sonmezler.com\/index.php\/wp-json\/wp\/v2\/pages\/226\/revisions\/700"}],"up":[{"embeddable":true,"href":"https:\/\/sonmezler.com\/index.php\/wp-json\/wp\/v2\/pages\/184"}],"wp:attachment":[{"href":"https:\/\/sonmezler.com\/index.php\/wp-json\/wp\/v2\/media?parent=226"}],"curies":[{"name":"wp","href":"https:\/\/api.w.org\/{rel}","templated":true}]}}