{"id":228,"date":"2020-09-09T22:04:32","date_gmt":"2020-09-09T22:04:32","guid":{"rendered":"http:\/\/sonmezler.com\/?page_id=228"},"modified":"2020-09-10T19:54:35","modified_gmt":"2020-09-10T16:54:35","slug":"pancar-sokme-mph","status":"publish","type":"page","link":"https:\/\/sonmezler.com\/index.php\/tr\/urunlerimiz\/pancar-hasat\/pancar-sokme-mph\/","title":{"rendered":"Pancar S\u00f6kme MPH"},"content":{"rendered":"<body>\n<p>\u015eeker pancar\u0131n\u0131n s\u0131ras\u0131yla;<\/p>\n\n\n\n<ul class=\"wp-block-list\">\n<li>Yaprak kesme<\/li>\n<li>Ba\u015f kesme<\/li>\n<li>S\u00f6kme<\/li>\n<li>Temizleme<\/li>\n<li>Temizleme sonras\u0131 s\u0131ralama<\/li>\n<\/ul>\n\n\n\n<p>i\u015flemlerini yerine getiren deposuz Pancar Hasat Makinas\u0131d\u0131r.<\/p>\n\n\n\n<p><strong>Makinan\u0131n Kullan\u0131m Amac\u0131 ve \u00c7al\u0131\u015fma Sistemi<\/strong><br>Temizleme ve yaprak kesme hareketini kuyruk milinden (PTO) \u015faft yard\u0131m\u0131 ile al\u0131r. Trakt\u00f6r \u00fc\u00e7 nokta ask\u0131 sistemine as\u0131l\u0131 olarak \u00e7al\u0131\u015f\u0131r.<\/p>\n\n\n\n<p>Yol durumunda toplama tekerle\u011fi katlanabilir. Ba\u015f kesme ve s\u00f6kme d\u00fczeni pancar ile toprak \u015fartlar\u0131na g\u00f6re kolayca ayarlanabilir<\/p>\n\n\n\n<div class=\"wp-block-image\"><figure class=\"aligncenter size-large\"><img decoding=\"async\" width=\"500\" height=\"196\" src=\"http:\/\/sonmezler.com\/wp-content\/uploads\/2020\/09\/image-102.png\" alt=\"\" class=\"wp-image-703\" loading=\"lazy\" srcset=\"https:\/\/sonmezler.com\/wp-content\/uploads\/2020\/09\/image-102.png 500w, https:\/\/sonmezler.com\/wp-content\/uploads\/2020\/09\/image-102-300x118.png 300w\" sizes=\"(max-width: 500px) 100vw, 500px\" \/><\/figure><\/div>\n\n\n\n<p><strong>Yaprak Kesme ve \u00d6n Temizleme D\u00fczeni<br><\/strong>S\u00f6k\u00fclecek Pancar\u0131n ba\u015f kesiminden \u00f6nce yapraklar\u0131 kesilir. Kesilen yapraklar, otlar ve s\u0131ra \u00fczerinde bulunan ta\u015flar ba\u015f kesme tamburu \u00f6n\u00fcnde bulunan f\u0131r\u00e7a taraf\u0131ndan temizlenir.<\/p>\n\n\n\n<p><strong>Ba\u015f Kesme<br><\/strong>Ba\u015f kesiminden \u00f6nce Pancar\u0131n etraf\u0131 temizlendi\u011fi i\u00e7in tambur ile b\u0131\u00e7ak aras\u0131 t\u0131kanmaz. B\u00f6ylece d\u00fczg\u00fcn ba\u015f kesimi ve y\u00fcksek i\u015f verimi elde edilir. Ayr\u0131ca sa\u011f ve sol y\u00f6ne d\u00f6nen iki ayr\u0131 f\u0131r\u00e7a taraf\u0131ndan tekrar temizlenip s\u00f6k\u00fcme haz\u0131rlan\u0131r.<\/p>\n\n\n\n<p><strong>S\u00f6k\u00fcm<\/strong><br>Firmam\u0131z taraf\u0131ndan \u00f6zel geli\u015ftirilmi\u015f s\u00f6kme b\u0131\u00e7a\u011f\u0131 her t\u00fcrl\u00fc toprak \u015fartlar\u0131nda \u00e7al\u0131\u015f\u0131r ve pancara hasar vermez. Sert toprak \u015fartlar\u0131nda ise kolay s\u00f6k\u00fcm amac\u0131yla \u00e7atal b\u0131\u00e7aklar yap\u0131lm\u0131\u015f olup yedek olarak verilmektedir.<\/p>\n\n\n\n<p><strong>Toplama D\u00fczeni<br><\/strong>S\u00f6k\u00fclen Pancarlar\u0131 topraktan ar\u0131nd\u0131rarak s\u00f6k\u00fclm\u00fc\u015f alana do\u011fru s\u00fcr\u00fckler. Trakt\u00f6r iz geni\u015fli\u011fi d\u0131\u015f\u0131na s\u0131ra halinde b\u0131rak\u0131r.<\/p>\n\n\n\n<div class=\"wp-block-image\"><figure class=\"aligncenter size-large\"><img decoding=\"async\" width=\"500\" height=\"238\" src=\"http:\/\/sonmezler.com\/wp-content\/uploads\/2020\/09\/image-103.png\" alt=\"\" class=\"wp-image-704\" loading=\"lazy\" srcset=\"https:\/\/sonmezler.com\/wp-content\/uploads\/2020\/09\/image-103.png 500w, https:\/\/sonmezler.com\/wp-content\/uploads\/2020\/09\/image-103-300x143.png 300w\" sizes=\"(max-width: 500px) 100vw, 500px\" \/><\/figure><\/div>\n\n\n\n<figure class=\"wp-block-image size-large\"><img decoding=\"async\" width=\"627\" height=\"86\" src=\"http:\/\/sonmezler.com\/wp-content\/uploads\/2020\/09\/image-104.png\" alt=\"\" class=\"wp-image-705\" loading=\"lazy\" srcset=\"https:\/\/sonmezler.com\/wp-content\/uploads\/2020\/09\/image-104.png 627w, https:\/\/sonmezler.com\/wp-content\/uploads\/2020\/09\/image-104-300x41.png 300w\" sizes=\"(max-width: 627px) 100vw, 627px\" \/><\/figure>\n<\/body>","protected":false},"excerpt":{"rendered":"<p>\u015eeker pancar\u0131n\u0131n s\u0131ras\u0131yla; Yaprak kesme Ba\u015f kesme S\u00f6kme Temizleme Temizleme sonras\u0131 s\u0131ralama i\u015flemlerini yerine getiren deposuz Pancar Hasat Makinas\u0131d\u0131r. Makinan\u0131n Kullan\u0131m Amac\u0131 ve \u00c7al\u0131\u015fma SistemiTemizleme ve yaprak kesme hareketini kuyruk &hellip; <\/p>\n","protected":false},"author":1,"featured_media":0,"parent":184,"menu_order":0,"comment_status":"closed","ping_status":"closed","template":"","meta":{"footnotes":""},"class_list":["post-228","page","type-page","status-publish","hentry"],"_links":{"self":[{"href":"https:\/\/sonmezler.com\/index.php\/wp-json\/wp\/v2\/pages\/228"}],"collection":[{"href":"https:\/\/sonmezler.com\/index.php\/wp-json\/wp\/v2\/pages"}],"about":[{"href":"https:\/\/sonmezler.com\/index.php\/wp-json\/wp\/v2\/types\/page"}],"author":[{"embeddable":true,"href":"https:\/\/sonmezler.com\/index.php\/wp-json\/wp\/v2\/users\/1"}],"replies":[{"embeddable":true,"href":"https:\/\/sonmezler.com\/index.php\/wp-json\/wp\/v2\/comments?post=228"}],"version-history":[{"count":3,"href":"https:\/\/sonmezler.com\/index.php\/wp-json\/wp\/v2\/pages\/228\/revisions"}],"predecessor-version":[{"id":710,"href":"https:\/\/sonmezler.com\/index.php\/wp-json\/wp\/v2\/pages\/228\/revisions\/710"}],"up":[{"embeddable":true,"href":"https:\/\/sonmezler.com\/index.php\/wp-json\/wp\/v2\/pages\/184"}],"wp:attachment":[{"href":"https:\/\/sonmezler.com\/index.php\/wp-json\/wp\/v2\/media?parent=228"}],"curies":[{"name":"wp","href":"https:\/\/api.w.org\/{rel}","templated":true}]}}