{"id":230,"date":"2020-09-09T22:04:46","date_gmt":"2020-09-09T22:04:46","guid":{"rendered":"http:\/\/sonmezler.com\/?page_id=230"},"modified":"2020-09-10T20:38:29","modified_gmt":"2020-09-10T17:38:29","slug":"kutuk-yarma","status":"publish","type":"page","link":"https:\/\/sonmezler.com\/index.php\/tr\/urunlerimiz\/diger\/kutuk-yarma\/","title":{"rendered":"K\u00fct\u00fck Yarma"},"content":{"rendered":"<body>\n<p class=\"has-medium-font-size\"><strong>KY- K\u00fct\u00fck Yarma Makinas\u0131<\/strong><\/p>\n\n\n\n<div class=\"wp-block-image\"><figure class=\"alignright size-large\"><img decoding=\"async\" width=\"200\" height=\"398\" src=\"http:\/\/sonmezler.com\/wp-content\/uploads\/2020\/09\/image-125.png\" alt=\"\" class=\"wp-image-760\" loading=\"lazy\" srcset=\"https:\/\/sonmezler.com\/wp-content\/uploads\/2020\/09\/image-125.png 200w, https:\/\/sonmezler.com\/wp-content\/uploads\/2020\/09\/image-125-151x300.png 151w\" sizes=\"(max-width: 200px) 100vw, 200px\" \/><\/figure><\/div>\n\n\n\n<p>\u00c7ok ama\u00e7l\u0131 k\u00fct\u00fck, a\u011fa\u00e7 kesme makinas\u0131. \u0130ste\u011fe uygun bir ka\u00e7 farkl\u0131 \u00e7e\u015fitte bulunabilir. Farkl\u0131 kapasitelerde ve farkl\u0131 trakt\u00f6rlere g\u00f6re \u00e7al\u0131\u015fabilme imkan\u0131 vard\u0131r.<\/p>\n\n\n\n<p>Sa\u011flam yap\u0131s\u0131 ile uzun seneler sorunsuz olarak hizmet vermek i\u00e7in tasarlanm\u0131\u015ft\u0131r. Kullan\u0131m\u0131 kolay ve emniyetlidir. Az bak\u0131ml\u0131d\u0131r. Is\u0131l i\u015flemden ge\u00e7irilmi\u015f \u00f6zel tasar\u0131m b\u0131\u00e7a\u011f\u0131 ile y\u00fcksek kuvvetlerde b\u00fcy\u00fck performans sa\u011flar.<\/p>\n\n\n\n<p>Trakt\u00f6re ba\u011flanarak \u00e7al\u0131\u015fabilmesi \u00e7iftik i\u00e7inde esnek bir kullan\u0131m sa\u011flar. Tek ki\u015fi ile kumanda edilmesi m\u00fcmk\u00fcnd\u00fcr.<\/p>\n\n\n\n<p><\/p>\n<\/body>","protected":false},"excerpt":{"rendered":"<p>KY- K\u00fct\u00fck Yarma Makinas\u0131 \u00c7ok ama\u00e7l\u0131 k\u00fct\u00fck, a\u011fa\u00e7 kesme makinas\u0131. \u0130ste\u011fe uygun bir ka\u00e7 farkl\u0131 \u00e7e\u015fitte bulunabilir. Farkl\u0131 kapasitelerde ve farkl\u0131 trakt\u00f6rlere g\u00f6re \u00e7al\u0131\u015fabilme imkan\u0131 vard\u0131r. Sa\u011flam yap\u0131s\u0131 ile uzun &hellip; <\/p>\n","protected":false},"author":1,"featured_media":0,"parent":194,"menu_order":0,"comment_status":"closed","ping_status":"closed","template":"","meta":{"footnotes":""},"class_list":["post-230","page","type-page","status-publish","hentry"],"_links":{"self":[{"href":"https:\/\/sonmezler.com\/index.php\/wp-json\/wp\/v2\/pages\/230"}],"collection":[{"href":"https:\/\/sonmezler.com\/index.php\/wp-json\/wp\/v2\/pages"}],"about":[{"href":"https:\/\/sonmezler.com\/index.php\/wp-json\/wp\/v2\/types\/page"}],"author":[{"embeddable":true,"href":"https:\/\/sonmezler.com\/index.php\/wp-json\/wp\/v2\/users\/1"}],"replies":[{"embeddable":true,"href":"https:\/\/sonmezler.com\/index.php\/wp-json\/wp\/v2\/comments?post=230"}],"version-history":[{"count":2,"href":"https:\/\/sonmezler.com\/index.php\/wp-json\/wp\/v2\/pages\/230\/revisions"}],"predecessor-version":[{"id":761,"href":"https:\/\/sonmezler.com\/index.php\/wp-json\/wp\/v2\/pages\/230\/revisions\/761"}],"up":[{"embeddable":true,"href":"https:\/\/sonmezler.com\/index.php\/wp-json\/wp\/v2\/pages\/194"}],"wp:attachment":[{"href":"https:\/\/sonmezler.com\/index.php\/wp-json\/wp\/v2\/media?parent=230"}],"curies":[{"name":"wp","href":"https:\/\/api.w.org\/{rel}","templated":true}]}}