{"id":24,"date":"2020-09-09T18:38:57","date_gmt":"2020-09-09T18:38:57","guid":{"rendered":"http:\/\/sonmezler.com\/?page_id=24"},"modified":"2020-09-12T01:11:53","modified_gmt":"2020-09-11T22:11:53","slug":"hakkimizda","status":"publish","type":"page","link":"https:\/\/sonmezler.com\/index.php\/tr\/hakkimizda\/","title":{"rendered":"Hakk\u0131m\u0131zda"},"content":{"rendered":"<body>\n<p>[smartslider3 slider=\u201d2\u2033]<\/p>\n\n\n\n<div class=\"wp-block-image\"><figure class=\"alignright is-resized\"><img decoding=\"async\" src=\"http:\/\/sonmezler.com\/wp-content\/uploads\/2020\/09\/sm03-1.jpg\" alt=\"\" width=\"374\" height=\"333\" loading=\"lazy\"><\/figure><\/div>\n\n\n\n<p>1961 y\u0131l\u0131ndan beri T\u00fcrkiye\u2019de tar\u0131m\u0131n mekanize olmas\u0131 ad\u0131na ilk makineleri tasarlayan, \u00fcreten S\u00f6nmezler Tar\u0131m Makinalar\u0131 liderli\u011fini s\u00fcrd\u00fcrmektedir.<\/p>\n\n\n\n<p>\u00dclkemiz tar\u0131m\u0131n\u0131n geli\u015fmesinde \u00fczerine d\u00fc\u015fen g\u00f6revleri fazlas\u0131yla yerine getirmenin hakl\u0131 gururunu ta\u015f\u0131yan \u015firketimiz halen 20.000 m2 a\u00e7\u0131k, 10.000 m2 kapal\u0131 alandaki tesisleri, modern CNC ve LAZER teknolojisi ile \u00e7al\u0131\u015fan tezgahlar\u0131, elektrostatik toz boya ve modern montaj hatt\u0131yla imalat yapmaktad\u0131r.<\/p>\n\n\n\n<p>S\u00f6nmezler Tar\u0131m Maknalar\u0131 olarak Avrupa ile teknolojik i\u015fbirli\u011fimiz ve 25 milyon dolarl\u0131k d\u0131\u015f ticaret hacmimiz kalitemizi belgeler niteliktedir. Proje ve Ar-Ge b\u00f6l\u00fcmlerimizde tecr\u00fcbeli m\u00fchendis ve i\u015f\u00e7i kadromuz ile en iyileri \u00fcretmekteyiz.<\/p>\n<\/body>","protected":false},"excerpt":{"rendered":"<p>[smartslider3 slider=\u201d2\u2033] 1961 y\u0131l\u0131ndan beri T\u00fcrkiye\u2019de tar\u0131m\u0131n mekanize olmas\u0131 ad\u0131na ilk makineleri tasarlayan, \u00fcreten S\u00f6nmezler Tar\u0131m Makinalar\u0131 liderli\u011fini s\u00fcrd\u00fcrmektedir. \u00dclkemiz tar\u0131m\u0131n\u0131n geli\u015fmesinde \u00fczerine d\u00fc\u015fen g\u00f6revleri fazlas\u0131yla yerine getirmenin hakl\u0131 gururunu &hellip; <\/p>\n","protected":false},"author":1,"featured_media":0,"parent":0,"menu_order":0,"comment_status":"closed","ping_status":"closed","template":"","meta":{"footnotes":""},"class_list":["post-24","page","type-page","status-publish","hentry"],"_links":{"self":[{"href":"https:\/\/sonmezler.com\/index.php\/wp-json\/wp\/v2\/pages\/24"}],"collection":[{"href":"https:\/\/sonmezler.com\/index.php\/wp-json\/wp\/v2\/pages"}],"about":[{"href":"https:\/\/sonmezler.com\/index.php\/wp-json\/wp\/v2\/types\/page"}],"author":[{"embeddable":true,"href":"https:\/\/sonmezler.com\/index.php\/wp-json\/wp\/v2\/users\/1"}],"replies":[{"embeddable":true,"href":"https:\/\/sonmezler.com\/index.php\/wp-json\/wp\/v2\/comments?post=24"}],"version-history":[{"count":8,"href":"https:\/\/sonmezler.com\/index.php\/wp-json\/wp\/v2\/pages\/24\/revisions"}],"predecessor-version":[{"id":971,"href":"https:\/\/sonmezler.com\/index.php\/wp-json\/wp\/v2\/pages\/24\/revisions\/971"}],"wp:attachment":[{"href":"https:\/\/sonmezler.com\/index.php\/wp-json\/wp\/v2\/media?parent=24"}],"curies":[{"name":"wp","href":"https:\/\/api.w.org\/{rel}","templated":true}]}}