{"id":316,"date":"2020-09-10T10:55:22","date_gmt":"2020-09-10T07:55:22","guid":{"rendered":"http:\/\/sonmezler.com\/?page_id=316"},"modified":"2020-09-11T18:02:52","modified_gmt":"2020-09-11T15:02:52","slug":"retailer","status":"publish","type":"page","link":"https:\/\/sonmezler.com\/index.php\/en\/retailers-and-services\/retailer\/","title":{"rendered":"Retailer"},"content":{"rendered":"<body>\n<table id=\"tablepress-3\" class=\"tablepress tablepress-id-3\">\n<thead>\n<tr class=\"row-1 odd\">\n\t<th class=\"column-1\">\u00dcnvan<\/th><th class=\"column-2\">\u0130l\u00e7e<\/th><th class=\"column-3\">\u015eehir<\/th><th class=\"column-4\">\u0130lgili<\/th><th class=\"column-5\">Cep Telefonu<\/th><th class=\"column-6\">2. Cep Telefonu<\/th>\n<\/tr>\n<\/thead>\n<tbody class=\"row-hover\">\n<tr class=\"row-2 even\">\n\t<td class=\"column-1\">S\u00d6NPA TARIM TARIM \u00dcR\u00dcNLER\u0130 SAN PAZ A.\u015e<\/td><td class=\"column-2\">SARI\u00c7AM<\/td><td class=\"column-3\">ADANA<\/td><td class=\"column-4\">AYHAN \u015eAH\u0130NG\u00d6KL\u00dc<\/td><td class=\"column-5\">0533 5498098<\/td><td class=\"column-6\"><\/td>\n<\/tr>\n<tr class=\"row-3 odd\">\n\t<td class=\"column-1\">AL\u0130 KU\u015e\u00a0<\/td><td class=\"column-2\">\u0130MAMO\u011eLU<\/td><td class=\"column-3\">ADANA<\/td><td class=\"column-4\">AL\u0130 KU\u015e<\/td><td class=\"column-5\">0532 4851326<\/td><td class=\"column-6\"><\/td>\n<\/tr>\n<tr class=\"row-4 even\">\n\t<td class=\"column-1\">SAFVAN Z\u0130RAAT ALETLER\u0130<\/td><td class=\"column-2\">MERKEZ<\/td><td class=\"column-3\">ADIYAMAN<\/td><td class=\"column-4\">HAKAN \u00d6ZT\u00dcRK<\/td><td class=\"column-5\">0535 9251159<\/td><td class=\"column-6\"><\/td>\n<\/tr>\n<tr class=\"row-5 odd\">\n\t<td class=\"column-1\">BEYAZIT OTOMOT\u0130V\u00a0<\/td><td class=\"column-2\">MERKEZ<\/td><td class=\"column-3\">A\u011eRI<\/td><td class=\"column-4\">MEHMET BEYAZIT<\/td><td class=\"column-5\">0533 3939094<\/td><td class=\"column-6\"><\/td>\n<\/tr>\n<tr class=\"row-6 even\">\n\t<td class=\"column-1\">AKSARAY TARIM<\/td><td class=\"column-2\">MERKEZ<\/td><td class=\"column-3\">AKSARAY<\/td><td class=\"column-4\">B\u00dcNYAM\u0130N BAL<\/td><td class=\"column-5\">0505 3520578<\/td><td class=\"column-6\">0505 4530275<\/td>\n<\/tr>\n<tr class=\"row-7 odd\">\n\t<td class=\"column-1\">ARIKAN Z\u0130RAAT ALETLER\u0130<\/td><td class=\"column-2\">MERZ\u0130FON<\/td><td class=\"column-3\">AMASYA<\/td><td class=\"column-4\">TURAN ARIKAN<\/td><td class=\"column-5\">0532 4409178<\/td><td class=\"column-6\"><\/td>\n<\/tr>\n<tr class=\"row-8 even\">\n\t<td class=\"column-1\">ERYILDIRIM TARIM MAK\u0130NELER\u0130<\/td><td class=\"column-2\">MERKEZ<\/td><td class=\"column-3\">ANKARA<\/td><td class=\"column-4\">HAB\u0130L ERYILDIRIM<\/td><td class=\"column-5\">0532 3666888<\/td><td class=\"column-6\"><\/td>\n<\/tr>\n<tr class=\"row-9 odd\">\n\t<td class=\"column-1\">TAC\u0130RLER TARIM MAK\u0130NELER\u0130<\/td><td class=\"column-2\">POLATLI<\/td><td class=\"column-3\">ANKARA<\/td><td class=\"column-4\">\u00c7ET\u0130N \u00c7A\u011eAN<\/td><td class=\"column-5\">0532 7936585<\/td><td class=\"column-6\"><\/td>\n<\/tr>\n<tr class=\"row-10 even\">\n\t<td class=\"column-1\">\u00d6ZKAAN TARIM MARKET<\/td><td class=\"column-2\">\u00c7UBUK\u00a0<\/td><td class=\"column-3\">ANKARA<\/td><td class=\"column-4\">\u0130LYAS ERYILDIRIM<\/td><td class=\"column-5\">0533 4867720<\/td><td class=\"column-6\"><\/td>\n<\/tr>\n<tr class=\"row-11 odd\">\n\t<td class=\"column-1\">MUTLU KARDI\u00c7LI<\/td><td class=\"column-2\">KORKUTEL\u0130\u00a0<\/td><td class=\"column-3\">ANTALYA<\/td><td class=\"column-4\">MUTLU KARDI\u00c7LI<\/td><td class=\"column-5\">0539 4606707<\/td><td class=\"column-6\"><\/td>\n<\/tr>\n<tr class=\"row-12 even\">\n\t<td class=\"column-1\">OKTAY OTO YEDEK PAR\u00c7A<\/td><td class=\"column-2\">\u00c7ILDIR<\/td><td class=\"column-3\">ARDAHAN<\/td><td class=\"column-4\">KORAY OKTAY<\/td><td class=\"column-5\">0536 5794941<\/td><td class=\"column-6\"><\/td>\n<\/tr>\n<tr class=\"row-13 odd\">\n\t<td class=\"column-1\">SILA T\u0130CARET<\/td><td class=\"column-2\">MERKEZ<\/td><td class=\"column-3\">BAYBURT<\/td><td class=\"column-4\">EY\u00dcP I\u015eIK<\/td><td class=\"column-5\">0532 2546174<\/td><td class=\"column-6\"><\/td>\n<\/tr>\n<tr class=\"row-14 even\">\n\t<td class=\"column-1\">ARIKAN Z\u0130RAAT ALETLER\u0130 ( MAL\u0130K USTA )<\/td><td class=\"column-2\">MERKEZ<\/td><td class=\"column-3\">\u00c7ORUM<\/td><td class=\"column-4\">\u00d6ZKAN ERSOY\u00a0<\/td><td class=\"column-5\">0532 4409178<\/td><td class=\"column-6\"><\/td>\n<\/tr>\n<tr class=\"row-15 odd\">\n\t<td class=\"column-1\">HAYDAN Z\u0130RA\u0130 ALETLER\u0130<\/td><td class=\"column-2\">\u00c7\u0130VR\u0130L<\/td><td class=\"column-3\">DEN\u0130ZL\u0130<\/td><td class=\"column-4\">HARUN HAYDAN<\/td><td class=\"column-5\">0544 2794494<\/td><td class=\"column-6\">\u00a00542 2796493<\/td>\n<\/tr>\n<tr class=\"row-16 even\">\n\t<td class=\"column-1\">\u0130BA T\u0130CARET<\/td><td class=\"column-2\">B\u0130SM\u0130L<\/td><td class=\"column-3\">D\u0130YARBAKIR<\/td><td class=\"column-4\">MEHMET SEL\u0130M APAK<\/td><td class=\"column-5\">0532 3868313<\/td><td class=\"column-6\"><\/td>\n<\/tr>\n<tr class=\"row-17 odd\">\n\t<td class=\"column-1\">\u0130BRAH\u0130M KAYGUN<\/td><td class=\"column-2\">KOVANCILAR<\/td><td class=\"column-3\">ELAZI\u011e<\/td><td class=\"column-4\">\u0130BRAH\u0130M KAYGUN<\/td><td class=\"column-5\">0532 5416849<\/td><td class=\"column-6\"><\/td>\n<\/tr>\n<tr class=\"row-18 even\">\n\t<td class=\"column-1\">TARIMSAN TARIM HAYVANCILIK<\/td><td class=\"column-2\">MERKEZ<\/td><td class=\"column-3\">ERZURUM<\/td><td class=\"column-4\">ALPER K\u00dc\u00c7\u00dcK<\/td><td class=\"column-5\">0533 3350010<\/td><td class=\"column-6\"><\/td>\n<\/tr>\n<tr class=\"row-19 odd\">\n\t<td class=\"column-1\">BOZDO\u011eAN TARIM MAK\u0130NELER\u0130<\/td><td class=\"column-2\">MERKEZ<\/td><td class=\"column-3\">GAZ\u0130ANTEP<\/td><td class=\"column-4\">MUSTAFA BOZDO\u011eAN<\/td><td class=\"column-5\">0532 2555381<\/td><td class=\"column-6\"><\/td>\n<\/tr>\n<tr class=\"row-20 even\">\n\t<td class=\"column-1\">AYDEM TARIM MAK\u0130NELER\u0130<\/td><td class=\"column-2\">MERKEZ<\/td><td class=\"column-3\">\u0130\u011eDIR<\/td><td class=\"column-4\">SEL\u00c7UK TURAN<\/td><td class=\"column-5\">0537 3889562<\/td><td class=\"column-6\"><\/td>\n<\/tr>\n<tr class=\"row-21 odd\">\n\t<td class=\"column-1\">ERDO\u011eAN T\u0130CARET<\/td><td class=\"column-2\">ELB\u0130STAN<\/td><td class=\"column-3\">KAHRAMANMARA\u015e\u00a0<\/td><td class=\"column-4\">MEHMET ERDO\u011eAN<\/td><td class=\"column-5\">0532 6119264<\/td><td class=\"column-6\"><\/td>\n<\/tr>\n<tr class=\"row-22 even\">\n\t<td class=\"column-1\">MEHMET \u00d6ZPEYN\u0130RC\u0130<\/td><td class=\"column-2\">MERKEZ<\/td><td class=\"column-3\">KARAMAN<\/td><td class=\"column-4\">MEHMET \u00d6ZPEYN\u0130RC\u0130<\/td><td class=\"column-5\">0532 6822349<\/td><td class=\"column-6\">0545 7703170<\/td>\n<\/tr>\n<tr class=\"row-23 odd\">\n\t<td class=\"column-1\">HACIMEHT\u0130O\u011eLU SAN T\u0130C LTD \u015eT\u0130<\/td><td class=\"column-2\">MERKEZ<\/td><td class=\"column-3\">KARS<\/td><td class=\"column-4\">RIZA MEHT\u0130O\u011eLU<\/td><td class=\"column-5\">0541 4565551<\/td><td class=\"column-6\"><\/td>\n<\/tr>\n<tr class=\"row-24 even\">\n\t<td class=\"column-1\">EK\u0130N T\u0130CARET<\/td><td class=\"column-2\">MERKEZ\u00a0<\/td><td class=\"column-3\">KAYSER\u0130<\/td><td class=\"column-4\">SEL\u00c7UK T\u0130P\u0130<\/td><td class=\"column-5\">0532 1306099<\/td><td class=\"column-6\"><\/td>\n<\/tr>\n<tr class=\"row-25 odd\">\n\t<td class=\"column-1\">EK\u0130N T\u0130CARET<\/td><td class=\"column-2\">B\u00dcNYAN<\/td><td class=\"column-3\">KAYSER\u0130<\/td><td class=\"column-4\">B\u0130LGE T\u0130P\u0130<\/td><td class=\"column-5\">0532 7277665<\/td><td class=\"column-6\"><\/td>\n<\/tr>\n<tr class=\"row-26 even\">\n\t<td class=\"column-1\">LEZG\u0130LER T\u0130CARET<\/td><td class=\"column-2\">BALI\u015eEYH<\/td><td class=\"column-3\">KIRIKKALE<\/td><td class=\"column-4\">MAHMUT LEZG\u0130<\/td><td class=\"column-5\">0542 5586058<\/td><td class=\"column-6\"><\/td>\n<\/tr>\n<tr class=\"row-27 odd\">\n\t<td class=\"column-1\">ERSOYLAR TARIM MAK\u0130NELER\u0130<\/td><td class=\"column-2\">MERKEZ<\/td><td class=\"column-3\">ERZ\u0130NCAN<\/td><td class=\"column-4\">ZEKA\u0130 YILMAZ<\/td><td class=\"column-5\">0546 5586369<\/td><td class=\"column-6\"><\/td>\n<\/tr>\n<tr class=\"row-28 even\">\n\t<td class=\"column-1\">YURTTA\u015eLAR Z\u0130RA\u0130 ALETLER\u00a0<\/td><td class=\"column-2\">MERKEZ\u00a0<\/td><td class=\"column-3\">KIR\u015eEH\u0130R<\/td><td class=\"column-4\">YILMAZ YURTTA\u015e<\/td><td class=\"column-5\">0532 3453495<\/td><td class=\"column-6\">0544 4331714<\/td>\n<\/tr>\n<tr class=\"row-29 odd\">\n\t<td class=\"column-1\">\u00d6Z\u00c7INAR D\u00d6K\u00dcM<\/td><td class=\"column-2\">MERKEZ<\/td><td class=\"column-3\">KONYA<\/td><td class=\"column-4\">AL\u0130 \u00c7INAR<\/td><td class=\"column-5\">0532 2062775<\/td><td class=\"column-6\"><\/td>\n<\/tr>\n<tr class=\"row-30 even\">\n\t<td class=\"column-1\">ORSA T\u0130CARET<\/td><td class=\"column-2\">KADINHANI<\/td><td class=\"column-3\">KONYA<\/td><td class=\"column-4\">ORHAN KARACA<\/td><td class=\"column-5\">0533 3696186<\/td><td class=\"column-6\"><\/td>\n<\/tr>\n<tr class=\"row-31 odd\">\n\t<td class=\"column-1\">BEREKET MOTORLU ARA\u00c7LAR\u00a0<\/td><td class=\"column-2\">TAV\u015eANLI<\/td><td class=\"column-3\">K\u00dcTAHYA<\/td><td class=\"column-4\">ABDULLAH \u0130D\u0130N\u00c7<\/td><td class=\"column-5\">0533 3823103<\/td><td class=\"column-6\"><\/td>\n<\/tr>\n<tr class=\"row-32 even\">\n\t<td class=\"column-1\">ALTAR OTOMOT\u0130V TARIM\u00a0<\/td><td class=\"column-2\">MERKEZ<\/td><td class=\"column-3\">MALATYA<\/td><td class=\"column-4\">NAZ\u0130F S\u00dcR\u00dcC\u00dc<\/td><td class=\"column-5\">0532 6538244<\/td><td class=\"column-6\"><\/td>\n<\/tr>\n<tr class=\"row-33 odd\">\n\t<td class=\"column-1\">DEM\u0130RKAYA TARIM ALETLER\u0130<\/td><td class=\"column-2\">KIZILTEPE<\/td><td class=\"column-3\">MARD\u0130N<\/td><td class=\"column-4\">FUAT DEM\u0130RKAYA<\/td><td class=\"column-5\">0532 2738483<\/td><td class=\"column-6\"><\/td>\n<\/tr>\n<tr class=\"row-34 even\">\n\t<td class=\"column-1\">K\u00d6YL\u00dcM OTOMOT\u0130V<\/td><td class=\"column-2\">MERKEZ<\/td><td class=\"column-3\">MU\u015e<\/td><td class=\"column-4\">AYDIN SOSAN<\/td><td class=\"column-5\">0533 6508020<\/td><td class=\"column-6\"><\/td>\n<\/tr>\n<tr class=\"row-35 odd\">\n\t<td class=\"column-1\">YAL\u00c7INKAYA TARIM MAK\u0130NELER\u0130<\/td><td class=\"column-2\">MALAZG\u0130RT<\/td><td class=\"column-3\">MU\u015e<\/td><td class=\"column-4\">FARUK YAL\u00c7INKAYA<\/td><td class=\"column-5\">0535 5450350<\/td><td class=\"column-6\"><\/td>\n<\/tr>\n<tr class=\"row-36 even\">\n\t<td class=\"column-1\">ALDEM\u0130RLER TARIM\u00a0<\/td><td class=\"column-2\">MERKEZ<\/td><td class=\"column-3\">N\u0130\u011eDE<\/td><td class=\"column-4\">B\u0130LAL ALDEM\u0130R<\/td><td class=\"column-5\">0533 7328535<\/td><td class=\"column-6\"><\/td>\n<\/tr>\n<tr class=\"row-37 odd\">\n\t<td class=\"column-1\">EK\u015e\u0130 TARIM<\/td><td class=\"column-2\">KAD\u0130RL\u0130<\/td><td class=\"column-3\">OSMAN\u0130YE<\/td><td class=\"column-4\">METEHAN EK\u015e\u0130<\/td><td class=\"column-5\">0532 7471406<\/td><td class=\"column-6\"><\/td>\n<\/tr>\n<tr class=\"row-38 even\">\n\t<td class=\"column-1\">ERLA\u00c7\u0130N TARIM MARKET<\/td><td class=\"column-2\">\u015eARKI\u015eLA\u00a0<\/td><td class=\"column-3\">S\u0130VAS<\/td><td class=\"column-4\">ERDAL LA\u00c7\u0130N<\/td><td class=\"column-5\">0542 2721333<\/td><td class=\"column-6\">0542 6433091<\/td>\n<\/tr>\n<tr class=\"row-39 odd\">\n\t<td class=\"column-1\">FEVZ\u0130 TARIM MARKET<\/td><td class=\"column-2\">MERKEZ<\/td><td class=\"column-3\">\u015eANLIURFA<\/td><td class=\"column-4\">FEVZ\u0130 AYDINLIK<\/td><td class=\"column-5\">0532 500 6363<\/td><td class=\"column-6\">0544 5006363<\/td>\n<\/tr>\n<tr class=\"row-40 even\">\n\t<td class=\"column-1\">GER\u00c7EKLER TARIM\u00a0<\/td><td class=\"column-2\">Z\u0130LE<\/td><td class=\"column-3\">TOKAT<\/td><td class=\"column-4\">AL\u0130 \u00c7AKAL<\/td><td class=\"column-5\">0532 6002108<\/td><td class=\"column-6\"><\/td>\n<\/tr>\n<tr class=\"row-41 odd\">\n\t<td class=\"column-1\">\u015eENLER TARIM\u00a0<\/td><td class=\"column-2\">MERKEZ<\/td><td class=\"column-3\">U\u015eAK<\/td><td class=\"column-4\">ULV\u0130 \u015eEN<\/td><td class=\"column-5\">0541 6429055<\/td><td class=\"column-6\"><\/td>\n<\/tr>\n<tr class=\"row-42 even\">\n\t<td class=\"column-1\">HAYDAR DEM\u0130R\u00a0<\/td><td class=\"column-2\">ERC\u0130\u015e\u00a0<\/td><td class=\"column-3\">VAN<\/td><td class=\"column-4\">HAYDAR DEM\u0130R<\/td><td class=\"column-5\">0532 6651814<\/td><td class=\"column-6\"><\/td>\n<\/tr>\n<\/tbody>\n<\/table>\n<!-- #tablepress-3 from cache -->\n\n\n\n<p><\/p>\n<\/body>","protected":false},"excerpt":{"rendered":"","protected":false},"author":1,"featured_media":0,"parent":144,"menu_order":0,"comment_status":"closed","ping_status":"closed","template":"","meta":{"footnotes":""},"class_list":["post-316","page","type-page","status-publish","hentry"],"_links":{"self":[{"href":"https:\/\/sonmezler.com\/index.php\/wp-json\/wp\/v2\/pages\/316"}],"collection":[{"href":"https:\/\/sonmezler.com\/index.php\/wp-json\/wp\/v2\/pages"}],"about":[{"href":"https:\/\/sonmezler.com\/index.php\/wp-json\/wp\/v2\/types\/page"}],"author":[{"embeddable":true,"href":"https:\/\/sonmezler.com\/index.php\/wp-json\/wp\/v2\/users\/1"}],"replies":[{"embeddable":true,"href":"https:\/\/sonmezler.com\/index.php\/wp-json\/wp\/v2\/comments?post=316"}],"version-history":[{"count":2,"href":"https:\/\/sonmezler.com\/index.php\/wp-json\/wp\/v2\/pages\/316\/revisions"}],"predecessor-version":[{"id":801,"href":"https:\/\/sonmezler.com\/index.php\/wp-json\/wp\/v2\/pages\/316\/revisions\/801"}],"up":[{"embeddable":true,"href":"https:\/\/sonmezler.com\/index.php\/wp-json\/wp\/v2\/pages\/144"}],"wp:attachment":[{"href":"https:\/\/sonmezler.com\/index.php\/wp-json\/wp\/v2\/media?parent=316"}],"curies":[{"name":"wp","href":"https:\/\/api.w.org\/{rel}","templated":true}]}}