{"id":339,"date":"2020-09-10T11:07:45","date_gmt":"2020-09-10T08:07:45","guid":{"rendered":"http:\/\/sonmezler.com\/?page_id=339"},"modified":"2020-09-10T19:57:28","modified_gmt":"2020-09-10T16:57:28","slug":"corn-silage-machine","status":"publish","type":"page","link":"https:\/\/sonmezler.com\/index.php\/en\/our-products\/corn-silage-machine\/","title":{"rendered":"Corn Silage Machine"},"content":{"rendered":"<body>\n<p>Kaliteli M\u0131s\u0131r Silaj\u0131. Hassas b\u0131\u00e7ak tertibat\u0131 ile kaliteli kesim yaparak m\u0131s\u0131r\u0131n suyunu \u00e7\u0131kartmadan optimum boyutlarda silaj \u00fcretimini sa\u011flar.<\/p>\n\n\n\n<figure class=\"wp-block-image size-large\"><img decoding=\"async\" width=\"747\" height=\"1017\" src=\"http:\/\/sonmezler.com\/wp-content\/uploads\/2020\/09\/image-106.png\" alt=\"\" class=\"wp-image-711\" loading=\"lazy\" srcset=\"https:\/\/sonmezler.com\/wp-content\/uploads\/2020\/09\/image-106.png 747w, https:\/\/sonmezler.com\/wp-content\/uploads\/2020\/09\/image-106-220x300.png 220w\" sizes=\"(max-width: 747px) 100vw, 747px\" \/><\/figure>\n\n\n\n<figure class=\"wp-block-image size-large\"><img decoding=\"async\" width=\"579\" height=\"337\" src=\"http:\/\/sonmezler.com\/wp-content\/uploads\/2020\/09\/image-107.png\" alt=\"\" class=\"wp-image-712\" loading=\"lazy\" srcset=\"https:\/\/sonmezler.com\/wp-content\/uploads\/2020\/09\/image-107.png 579w, https:\/\/sonmezler.com\/wp-content\/uploads\/2020\/09\/image-107-300x175.png 300w\" sizes=\"(max-width: 579px) 100vw, 579px\" \/><\/figure>\n<\/body>","protected":false},"excerpt":{"rendered":"<p>Kaliteli M\u0131s\u0131r Silaj\u0131. Hassas b\u0131\u00e7ak tertibat\u0131 ile kaliteli kesim yaparak m\u0131s\u0131r\u0131n suyunu \u00e7\u0131kartmadan optimum boyutlarda silaj \u00fcretimini sa\u011flar.<\/p>\n","protected":false},"author":1,"featured_media":0,"parent":130,"menu_order":0,"comment_status":"closed","ping_status":"closed","template":"","meta":{"footnotes":""},"class_list":["post-339","page","type-page","status-publish","hentry"],"_links":{"self":[{"href":"https:\/\/sonmezler.com\/index.php\/wp-json\/wp\/v2\/pages\/339"}],"collection":[{"href":"https:\/\/sonmezler.com\/index.php\/wp-json\/wp\/v2\/pages"}],"about":[{"href":"https:\/\/sonmezler.com\/index.php\/wp-json\/wp\/v2\/types\/page"}],"author":[{"embeddable":true,"href":"https:\/\/sonmezler.com\/index.php\/wp-json\/wp\/v2\/users\/1"}],"replies":[{"embeddable":true,"href":"https:\/\/sonmezler.com\/index.php\/wp-json\/wp\/v2\/comments?post=339"}],"version-history":[{"count":2,"href":"https:\/\/sonmezler.com\/index.php\/wp-json\/wp\/v2\/pages\/339\/revisions"}],"predecessor-version":[{"id":714,"href":"https:\/\/sonmezler.com\/index.php\/wp-json\/wp\/v2\/pages\/339\/revisions\/714"}],"up":[{"embeddable":true,"href":"https:\/\/sonmezler.com\/index.php\/wp-json\/wp\/v2\/pages\/130"}],"wp:attachment":[{"href":"https:\/\/sonmezler.com\/index.php\/wp-json\/wp\/v2\/media?parent=339"}],"curies":[{"name":"wp","href":"https:\/\/api.w.org\/{rel}","templated":true}]}}