{"id":343,"date":"2020-09-10T11:08:46","date_gmt":"2020-09-10T08:08:46","guid":{"rendered":"http:\/\/sonmezler.com\/?page_id=343"},"modified":"2020-09-10T20:20:31","modified_gmt":"2020-09-10T17:20:31","slug":"round-bale-wrapper","status":"publish","type":"page","link":"https:\/\/sonmezler.com\/index.php\/en\/our-products\/round-bale-wrapper\/","title":{"rendered":"Round Bale Wrapper"},"content":{"rendered":"<body>\n<figure class=\"wp-block-image size-large\"><img decoding=\"async\" width=\"600\" height=\"400\" src=\"http:\/\/sonmezler.com\/wp-content\/uploads\/2020\/09\/image-116.png\" alt=\"\" class=\"wp-image-732\" loading=\"lazy\" srcset=\"https:\/\/sonmezler.com\/wp-content\/uploads\/2020\/09\/image-116.png 600w, https:\/\/sonmezler.com\/wp-content\/uploads\/2020\/09\/image-116-300x200.png 300w, https:\/\/sonmezler.com\/wp-content\/uploads\/2020\/09\/image-116-272x182.png 272w\" sizes=\"(max-width: 600px) 100vw, 600px\" \/><\/figure>\n\n\n\n<p>Rulo \u015feklinde balyalanm\u0131\u015f materyalin film ile kaplanarak d\u0131\u015f ortam ile ili\u015fkisinin kesilmesine ve bu \u015fekilde silaj yap\u0131lmas\u0131na imkan verir.<\/p>\n\n\n\n<ul class=\"wp-block-list\">\n<li>Tam hidrolik kullan\u0131m.<\/li>\n<li>Ek bir ekipmana gerek kalmadan balyay\u0131 \u00fczerine alma d\u00fczene\u011fi.<\/li>\n<li>Opsiyon olarak verilen balya d\u00fc\u015f\u00fcrme sistemi.<\/li>\n<li>Kaplanm\u0131\u015f balyay\u0131 iste\u011fe g\u00f6re yana ve arkaya d\u00fc\u015f\u00fcrebilme.<\/li>\n<li>Sa\u011flam g\u00f6vde yap\u0131s\u0131 ile uzun y\u0131llar sorunsuz \u00e7al\u0131\u015fma.<\/li>\n<li>Kullan\u0131m\u0131 kolay, az bak\u0131ml\u0131 sistem.<\/li>\n<li>Kullan\u0131c\u0131 taraf\u0131ndan de\u011fi\u015ftirilebilen film kaplama oran\u0131.<\/li>\n<li>Her t\u00fcrl\u00fc Trakt\u00f6r ile \u00e7al\u0131\u015fabilme.<\/li>\n<\/ul>\n\n\n\n<p class=\"has-medium-font-size\">RS-120S Modeli<\/p>\n\n\n\n<div class=\"wp-block-columns is-layout-flex wp-container-core-columns-is-layout-1 wp-block-columns-is-layout-flex\">\n<div class=\"wp-block-column is-layout-flow wp-block-column-is-layout-flow\" style=\"flex-basis:33.33%\">\n<figure class=\"wp-block-image size-large\"><img decoding=\"async\" width=\"250\" height=\"200\" src=\"http:\/\/sonmezler.com\/wp-content\/uploads\/2020\/09\/image-117.png\" alt=\"\" class=\"wp-image-733\" loading=\"lazy\"><\/figure>\n<\/div>\n\n\n\n<div class=\"wp-block-column is-layout-flow wp-block-column-is-layout-flow\" style=\"flex-basis:66.66%\">\n<p>RS-120S Rulo Balya Sarma Makinalar\u0131n\u0131n en hafif \u00e7e\u015fididir. \u00d6nceden haz\u0131rlanm\u0131\u015f ve tarla y\u00fczeyine b\u0131rak\u0131lm\u0131\u015f rulo balyalar el ile makina \u00fczerine al\u0131n\u0131r. Film sarma i\u015flemi otomatik olarak yap\u0131l\u0131r. I\u015flem bittikten sonra film kaplanm\u0131\u015f rulo tekrar tarla y\u00fczeyine b\u0131rak\u0131l\u0131r.<\/p>\n\n\n\n<p>RS-120S Rulo Balya Sarma Makinas\u0131 hareketini trakt\u00f6r hidrolik sisteminden al\u0131r. Kuyruk miline ihtiya\u00e7 duymaz. Farkl\u0131 hidrolik sistemlere sahip trakt\u00f6rler i\u00e7in makinan\u0131n hidrolik sistemi d\u00fczenlenebilir.<\/p>\n\n\n\n<p>Kaliteli sar\u0131c\u0131 bantlar\u0131 ile en uygun, kaliteli sarma i\u015fleminin olu\u015fmas\u0131n\u0131 sa\u011flar. Bantlar uzun \u00f6m\u00fcrl\u00fcd\u00fcr. Her t\u00fcrl\u00fc hava \u015fartlar\u0131na dayan\u0131kl\u0131d\u0131r.<\/p>\n<\/div>\n<\/div>\n\n\n\n<p class=\"has-medium-font-size\">RS-120M Modeli<\/p>\n\n\n\n<div class=\"wp-block-columns is-layout-flex wp-container-core-columns-is-layout-2 wp-block-columns-is-layout-flex\">\n<div class=\"wp-block-column is-layout-flow wp-block-column-is-layout-flow\" style=\"flex-basis:33.33%\">\n<figure class=\"wp-block-image size-large\"><img decoding=\"async\" width=\"250\" height=\"167\" src=\"http:\/\/sonmezler.com\/wp-content\/uploads\/2020\/09\/image-118.png\" alt=\"\" class=\"wp-image-735\" loading=\"lazy\"><\/figure>\n<\/div>\n\n\n\n<div class=\"wp-block-column is-layout-flow wp-block-column-is-layout-flow\" style=\"flex-basis:66.66%\">\n<p>RS-120M Rulo Balya Sarma Makinas\u0131 otomatik y\u00fckleyiciye sahiptir. Tarla y\u00fczeyinde \u00f6nceden haz\u0131rlanm\u0131\u015f balyalara yana\u015farak yan taraf\u0131ndaki y\u00fckleyici d\u00fczene\u011fi sayesinde balyalar\u0131 uygun pozisyonda \u00fczerine al\u0131r. Hidrolik kumanda kolu sayesinde otomatik olarak film kaplam i\u015flemi tamamlan\u0131r.<\/p>\n\n\n\n<p>I\u015flem tamamland\u0131ktan sonra \u00fcst tabla arkaya do\u011fru e\u011filerek balyay\u0131 yeniden tarla y\u00fczeyine b\u0131rak\u0131r.<\/p>\n\n\n\n<p>\u0130ste\u011fe ba\u011fl\u0131 olarak di\u015fliler yard\u0131m\u0131yla balya kaplama oran\u0131 de\u011fi\u015ftirilebilir.<\/p>\n<\/div>\n<\/div>\n\n\n\n<p class=\"has-medium-font-size\">RS-120X Modeli<\/p>\n\n\n\n<div class=\"wp-block-columns is-layout-flex wp-container-core-columns-is-layout-3 wp-block-columns-is-layout-flex\">\n<div class=\"wp-block-column is-layout-flow wp-block-column-is-layout-flow\" style=\"flex-basis:33.33%\">\n<figure class=\"wp-block-image size-large\"><img decoding=\"async\" width=\"250\" height=\"175\" src=\"http:\/\/sonmezler.com\/wp-content\/uploads\/2020\/09\/image-119.png\" alt=\"\" class=\"wp-image-737\" loading=\"lazy\"><\/figure>\n<\/div>\n\n\n\n<div class=\"wp-block-column is-layout-flow wp-block-column-is-layout-flow\" style=\"flex-basis:66.66%\">\n<p>RS-120X Rulo Balya Sarma Makinas\u0131 da otomatik y\u00fckleyiciye sahiptir. Tarla y\u00fczeyinde \u00f6nceden haz\u0131rlanm\u0131\u015f balyalara yana\u015farak yan taraf\u0131ndaki y\u00fckleyici d\u00fczene\u011fi sayesinde balyalar\u0131 uygun pozisyonda \u00fczerine al\u0131r. Hidrolik kumanda kolu sayesinde otomatik olarak film kaplam i\u015flemi tamamlan\u0131r.<\/p>\n\n\n\n<p>\u0130\u015flem tamamland\u0131ktan sonra \u00fcst tabla arkaya do\u011fru e\u011filerek balyay\u0131 yeniden tarla y\u00fczeyine b\u0131rak\u0131r. Balyan\u0131n yere b\u0131rak\u0131lmas\u0131n\u0131 arkada bulunan hareketli platform d\u00fczenler. Arkaya ve yana devirme yapabilir.<br>\u0130ste\u011fe ba\u011fl\u0131 olarak di\u015fliler yard\u0131m\u0131yla balya kaplama oran\u0131 de\u011fi\u015ftirilebilir.<\/p>\n<\/div>\n<\/div>\n\n\n\n<p class=\"has-medium-font-size\">RS-50 Modeli<\/p>\n\n\n\n<div class=\"wp-block-columns is-layout-flex wp-container-core-columns-is-layout-4 wp-block-columns-is-layout-flex\">\n<div class=\"wp-block-column is-layout-flow wp-block-column-is-layout-flow\" style=\"flex-basis:33.33%\">\n<figure class=\"wp-block-image size-large\"><img decoding=\"async\" width=\"250\" height=\"188\" src=\"http:\/\/sonmezler.com\/wp-content\/uploads\/2020\/09\/image-120.png\" alt=\"\" class=\"wp-image-739\" loading=\"lazy\"><\/figure>\n<\/div>\n\n\n\n<div class=\"wp-block-column is-layout-flow wp-block-column-is-layout-flow\" style=\"flex-basis:66.66%\">\n<p>RS-50 Rulo Balya Sarma Makinas\u0131, kullan\u0131c\u0131 i\u00e7in kolayl\u0131k sa\u011flayan hidrolik kald\u0131rma sistemine sahiptir. Tarla y\u00fczeyinde \u00f6nceden haz\u0131rlanm\u0131\u015f balyalara yana\u015farak yan taraf\u0131ndaki y\u00fckleyici d\u00fczene\u011fi sayesinde balyalar\u0131 uygun pozisyonda \u00fczerine al\u0131r. Elektronik kumanda sistemi ile sar\u0131m say\u0131s\u0131 kullan\u0131c\u0131 iste\u011fine g\u00f6re ayarlanabilir. Ba\u011flama tu\u015fu ile istenen sar\u0131m say\u0131s\u0131nda film kaplanarak i\u015flem tamamlan\u0131r.<\/p>\n\n\n\n<p>Sarma i\u015fleminin ard\u0131ndan elektro-hidrolik kol yard\u0131m\u0131 ile sar\u0131lm\u0131\u015f balya makina \u00fczerinden kolayl\u0131kla al\u0131narak tarla y\u00fczeyine b\u0131rak\u0131l\u0131r.<\/p>\n<\/div>\n<\/div>\n\n\n\n<div class=\"wp-block-image\"><figure class=\"aligncenter size-large\"><img decoding=\"async\" width=\"477\" height=\"293\" src=\"http:\/\/sonmezler.com\/wp-content\/uploads\/2020\/09\/image-121.png\" alt=\"\" class=\"wp-image-741\" loading=\"lazy\" srcset=\"https:\/\/sonmezler.com\/wp-content\/uploads\/2020\/09\/image-121.png 477w, https:\/\/sonmezler.com\/wp-content\/uploads\/2020\/09\/image-121-300x184.png 300w\" sizes=\"(max-width: 477px) 100vw, 477px\" \/><\/figure><\/div>\n\n\n\n<p><\/p>\n<\/body>","protected":false},"excerpt":{"rendered":"<p>Rulo \u015feklinde balyalanm\u0131\u015f materyalin film ile kaplanarak d\u0131\u015f ortam ile ili\u015fkisinin kesilmesine ve bu \u015fekilde silaj yap\u0131lmas\u0131na imkan verir. Tam hidrolik kullan\u0131m. Ek bir ekipmana gerek kalmadan balyay\u0131 \u00fczerine alma &hellip; <\/p>\n","protected":false},"author":1,"featured_media":0,"parent":130,"menu_order":0,"comment_status":"closed","ping_status":"closed","template":"","meta":{"footnotes":""},"class_list":["post-343","page","type-page","status-publish","hentry"],"_links":{"self":[{"href":"https:\/\/sonmezler.com\/index.php\/wp-json\/wp\/v2\/pages\/343"}],"collection":[{"href":"https:\/\/sonmezler.com\/index.php\/wp-json\/wp\/v2\/pages"}],"about":[{"href":"https:\/\/sonmezler.com\/index.php\/wp-json\/wp\/v2\/types\/page"}],"author":[{"embeddable":true,"href":"https:\/\/sonmezler.com\/index.php\/wp-json\/wp\/v2\/users\/1"}],"replies":[{"embeddable":true,"href":"https:\/\/sonmezler.com\/index.php\/wp-json\/wp\/v2\/comments?post=343"}],"version-history":[{"count":2,"href":"https:\/\/sonmezler.com\/index.php\/wp-json\/wp\/v2\/pages\/343\/revisions"}],"predecessor-version":[{"id":743,"href":"https:\/\/sonmezler.com\/index.php\/wp-json\/wp\/v2\/pages\/343\/revisions\/743"}],"up":[{"embeddable":true,"href":"https:\/\/sonmezler.com\/index.php\/wp-json\/wp\/v2\/pages\/130"}],"wp:attachment":[{"href":"https:\/\/sonmezler.com\/index.php\/wp-json\/wp\/v2\/media?parent=343"}],"curies":[{"name":"wp","href":"https:\/\/api.w.org\/{rel}","templated":true}]}}