{"id":359,"date":"2020-09-10T11:23:55","date_gmt":"2020-09-10T08:23:55","guid":{"rendered":"http:\/\/sonmezler.com\/?page_id=359"},"modified":"2020-09-11T19:02:49","modified_gmt":"2020-09-11T16:02:49","slug":"round-baler","status":"publish","type":"page","link":"https:\/\/sonmezler.com\/index.php\/en\/our-products\/baler-machines\/round-baler\/","title":{"rendered":"Round Baler"},"content":{"rendered":"<body>\n<figure class=\"wp-block-image size-large\"><img decoding=\"async\" width=\"600\" height=\"342\" src=\"http:\/\/sonmezler.com\/wp-content\/uploads\/2020\/09\/image.png\" alt=\"\" class=\"wp-image-419\" loading=\"lazy\" srcset=\"https:\/\/sonmezler.com\/wp-content\/uploads\/2020\/09\/image.png 600w, https:\/\/sonmezler.com\/wp-content\/uploads\/2020\/09\/image-300x171.png 300w\" sizes=\"(max-width: 600px) 100vw, 600px\" \/><\/figure>\n\n\n\n<p>Tarlada bi\u00e7ilmi\u015f ve kurutulmu\u015f otun, yoncan\u0131n veya k\u0131\u015f\u0131n hayvan yemi olarak kullan\u0131labilecek di\u011fer bitkilerin, hububat sap\u0131n\u0131n ya da saman\u0131n rulo haline getirilerek tarla y\u00fczeyine b\u0131rak\u0131lmas\u0131n\u0131 sa\u011flar. Yaratt\u0131\u011f\u0131 s\u0131k\u0131\u015ft\u0131rma etkisi ile saklama ve ta\u015f\u0131may\u0131 kolayla\u015ft\u0131r\u0131r. B\u00f6ylece d\u00fczg\u00fcn \u015fekilli ot paketleri kolayca ta\u015f\u0131narak, fazla yer kaplamadan kolayca depo edilebilirler.<\/p>\n\n\n\n<div class=\"wp-block-image\"><figure class=\"alignright size-large\"><img decoding=\"async\" width=\"166\" height=\"363\" src=\"http:\/\/sonmezler.com\/wp-content\/uploads\/2020\/09\/image-5.png\" alt=\"\" class=\"wp-image-424\" loading=\"lazy\" srcset=\"https:\/\/sonmezler.com\/wp-content\/uploads\/2020\/09\/image-5.png 166w, https:\/\/sonmezler.com\/wp-content\/uploads\/2020\/09\/image-5-137x300.png 137w\" sizes=\"(max-width: 166px) 100vw, 166px\" \/><\/figure><\/div>\n\n\n\n<p>Stre\u00e7 film ile kaplanabilmesi sayesinde kolayl\u0131kla Silaj (hayvan tur\u015fusu) olu\u015fturulabilir. Ster\u00e7 film ile kaplanan rulo balyalar her sezonda hayvanlar\u0131n ihtiya\u00e7 duydu\u011fu taze ot gerksinimini kar\u015f\u0131layabilir. Bu \u015fekilde Hayvanc\u0131l\u0131kta b\u00fcy\u00fck faydalar sa\u011flanabilir. Dengeli beslenen Hayvanlarda verim olarak g\u00f6zle g\u00f6r\u00fcn\u00fcr bir atr\u0131\u015f olaca\u011f\u0131 ka\u00e7\u0131n\u0131lmazd\u0131r.<\/p>\n\n\n\n<p>\u0130htiyaca g\u00f6re \u0130p ve File ile sar\u0131labilir. File sarma \u00fcnitesi opsiyoneldir. Son teknoloji elektronik kumanda kontrol\u00fc sayesinde s\u0131k\u0131\u015ft\u0131rma oran\u0131 ve ip\/file sar\u0131m say\u0131lar\u0131 kullan\u0131c\u0131 taraf\u0131ndan ayarlanabilir. Farkl\u0131 materyallere g\u00f6re s\u0131k\u0131\u015ft\u0131rma ve ip sar\u0131m say\u0131lar\u0131 ayarlanarak daha kaliteli balyalar olu\u015fturulabilir.<\/p>\n\n\n\n<p>Kullan\u0131c\u0131 ihtiyac\u0131na g\u00f6re iki farkl\u0131 tip de sizlere sunulmu\u015ftur. B\u00fcy\u00fck \u00e7apl\u0131 Balya olu\u015fturmak i\u00e7in RB-120, k\u00fc\u00e7\u00fck \u00e7apl\u0131 Balya olu\u015fturmak i\u00e7in RB-50 modelleri mevcuttur. Her iki ayr\u0131 model i\u00e7in stre\u00e7 film sarma makinalar\u0131m\u0131z bulunmaktad\u0131r.<\/p>\n\n\n\n<p>S\u00f6nmezler kalitesi ile uzun y\u0131llar sorunsuz \u00e7al\u0131\u015facakt\u0131r.<\/p>\n\n\n\n<figure class=\"wp-block-image size-large\"><img decoding=\"async\" width=\"715\" height=\"566\" src=\"http:\/\/sonmezler.com\/wp-content\/uploads\/2020\/09\/image-6.png\" alt=\"\" class=\"wp-image-425\" loading=\"lazy\" srcset=\"https:\/\/sonmezler.com\/wp-content\/uploads\/2020\/09\/image-6.png 715w, https:\/\/sonmezler.com\/wp-content\/uploads\/2020\/09\/image-6-300x237.png 300w\" sizes=\"(max-width: 715px) 100vw, 715px\" \/><\/figure>\n\n\n\n<div class=\"wp-block-group is-layout-flow wp-block-group-is-layout-flow\"><div class=\"wp-block-group__inner-container\"><\/div><\/div>\n\n\n\n<div class=\"wp-block-group\"><div class=\"wp-block-group__inner-container is-layout-flow wp-block-group-is-layout-flow\">\n<p><\/p>\n<\/div><\/div>\n<\/body>","protected":false},"excerpt":{"rendered":"<p>Tarlada bi\u00e7ilmi\u015f ve kurutulmu\u015f otun, yoncan\u0131n veya k\u0131\u015f\u0131n hayvan yemi olarak kullan\u0131labilecek di\u011fer bitkilerin, hububat sap\u0131n\u0131n ya da saman\u0131n rulo haline getirilerek tarla y\u00fczeyine b\u0131rak\u0131lmas\u0131n\u0131 sa\u011flar. Yaratt\u0131\u011f\u0131 s\u0131k\u0131\u015ft\u0131rma etkisi ile &hellip; <\/p>\n","protected":false},"author":1,"featured_media":0,"parent":328,"menu_order":0,"comment_status":"closed","ping_status":"closed","template":"","meta":{"footnotes":""},"class_list":["post-359","page","type-page","status-publish","hentry"],"_links":{"self":[{"href":"https:\/\/sonmezler.com\/index.php\/wp-json\/wp\/v2\/pages\/359"}],"collection":[{"href":"https:\/\/sonmezler.com\/index.php\/wp-json\/wp\/v2\/pages"}],"about":[{"href":"https:\/\/sonmezler.com\/index.php\/wp-json\/wp\/v2\/types\/page"}],"author":[{"embeddable":true,"href":"https:\/\/sonmezler.com\/index.php\/wp-json\/wp\/v2\/users\/1"}],"replies":[{"embeddable":true,"href":"https:\/\/sonmezler.com\/index.php\/wp-json\/wp\/v2\/comments?post=359"}],"version-history":[{"count":2,"href":"https:\/\/sonmezler.com\/index.php\/wp-json\/wp\/v2\/pages\/359\/revisions"}],"predecessor-version":[{"id":943,"href":"https:\/\/sonmezler.com\/index.php\/wp-json\/wp\/v2\/pages\/359\/revisions\/943"}],"up":[{"embeddable":true,"href":"https:\/\/sonmezler.com\/index.php\/wp-json\/wp\/v2\/pages\/328"}],"wp:attachment":[{"href":"https:\/\/sonmezler.com\/index.php\/wp-json\/wp\/v2\/media?parent=359"}],"curies":[{"name":"wp","href":"https:\/\/api.w.org\/{rel}","templated":true}]}}