{"id":371,"date":"2020-09-10T11:26:19","date_gmt":"2020-09-10T08:26:19","guid":{"rendered":"http:\/\/sonmezler.com\/?page_id=371"},"modified":"2020-09-10T15:24:37","modified_gmt":"2020-09-10T12:24:37","slug":"precision-seeder-new","status":"publish","type":"page","link":"https:\/\/sonmezler.com\/index.php\/en\/our-products\/seeding-machines\/precision-seeder-new\/","title":{"rendered":"Precision Seeder (New)"},"content":{"rendered":"<body>\n<div class=\"wp-block-image\"><figure class=\"alignright size-large is-resized\"><img decoding=\"async\" src=\"http:\/\/sonmezler.com\/wp-content\/uploads\/2020\/09\/image-38.png\" alt=\"\" class=\"wp-image-536\" width=\"405\" height=\"247\" loading=\"lazy\" srcset=\"https:\/\/sonmezler.com\/wp-content\/uploads\/2020\/09\/image-38.png 600w, https:\/\/sonmezler.com\/wp-content\/uploads\/2020\/09\/image-38-300x183.png 300w\" sizes=\"(max-width: 405px) 100vw, 405px\" \/><\/figure><\/div>\n\n\n\n<p>PM-800 Hassas Ekim Makinas\u0131, teknolojik geli\u015fmeler do\u011frultusunda yeniden geli\u015ftirilen hassas bir sebze ekim makinas\u0131d\u0131r. \u015ease daha da g\u00fc\u00e7l\u00fc hale getirilmi\u015ftir.<\/p>\n\n\n\n<p><\/p>\n\n\n\n<p><\/p>\n\n\n\n<p><\/p>\n\n\n\n<figure class=\"wp-block-image size-large\"><img decoding=\"async\" width=\"600\" height=\"246\" src=\"http:\/\/sonmezler.com\/wp-content\/uploads\/2020\/09\/image-39.png\" alt=\"\" class=\"wp-image-537\" loading=\"lazy\" srcset=\"https:\/\/sonmezler.com\/wp-content\/uploads\/2020\/09\/image-39.png 600w, https:\/\/sonmezler.com\/wp-content\/uploads\/2020\/09\/image-39-300x123.png 300w\" sizes=\"(max-width: 600px) 100vw, 600px\" \/><\/figure>\n\n\n\n<p>Makina \u00fczerindeki baz\u0131 \u00f6zellikler a\u015fa\u011f\u0131da s\u0131ralanm\u0131\u015ft\u0131r.<\/p>\n\n\n\n<p><strong>Yenilenmi\u015f \u00dcnite Yap\u0131s\u0131<\/strong><\/p>\n\n\n\n<p>\u00dcniteler T\u00fcrkiye \u015fartlar\u0131na g\u00f6re yeniden tasarland\u0131. Paralelogram sistemi daha g\u00fc\u00e7lendirilerek i\u015flevselli\u011fi ve dayan\u0131m\u0131 artt\u0131r\u0131ld\u0131.<\/p>\n\n\n\n<p>Ekici h\u00fccrelerde daha hassas bir ekimi yakalamak i\u00e7in s\u0131zd\u0131rmazl\u0131k elemanlar\u0131 yeniden uyarland\u0131.<\/p>\n\n\n\n<p><strong>Yenilenmi\u015f Hareket D\u00fczeni<\/strong><\/p>\n\n\n\n<div class=\"wp-block-image\"><figure class=\"alignright size-large is-resized\"><img decoding=\"async\" src=\"http:\/\/sonmezler.com\/wp-content\/uploads\/2020\/09\/image-40.png\" alt=\"\" class=\"wp-image-539\" width=\"140\" height=\"94\" loading=\"lazy\" srcset=\"https:\/\/sonmezler.com\/wp-content\/uploads\/2020\/09\/image-40.png 400w, https:\/\/sonmezler.com\/wp-content\/uploads\/2020\/09\/image-40-300x200.png 300w, https:\/\/sonmezler.com\/wp-content\/uploads\/2020\/09\/image-40-272x182.png 272w\" sizes=\"(max-width: 140px) 100vw, 140px\" \/><\/figure><\/div>\n\n\n\n<p>Hareket iletim d\u00fczeni yeniden tasarland\u0131. Tarla y\u00fczeyinden dolay\u0131 olu\u015fan yukar\u0131 a\u015fa\u011f\u0131 hareketin ekim normu \u00fczerinde etkisinin en aza indirilmesi i\u00e7in eksenel zincirli hareket aktarma d\u00fczeni kullan\u0131lm\u0131\u015ft\u0131r.<\/p>\n\n\n\n<p><\/p>\n\n\n\n<div class=\"wp-block-columns is-layout-flex wp-container-core-columns-is-layout-1 wp-block-columns-is-layout-flex\">\n<div class=\"wp-block-column is-layout-flow wp-block-column-is-layout-flow\" style=\"flex-basis:66.66%\"><\/div>\n\n\n\n<div class=\"wp-block-column is-layout-flow wp-block-column-is-layout-flow\" style=\"flex-basis:33.33%\"><\/div>\n<\/div>\n\n\n\n<div class=\"wp-block-columns is-layout-flex wp-container-core-columns-is-layout-2 wp-block-columns-is-layout-flex\">\n<div class=\"wp-block-column is-layout-flow wp-block-column-is-layout-flow\" style=\"flex-basis:66.66%\">\n<p><strong>Yenilenmi\u015f \u015eanz\u0131man<\/strong><br>\u015eanz\u0131man yeniden tasarlanarak hareket tekeri g\u00f6vdesi i\u00e7ine al\u0131nm\u0131\u015ft\u0131r. Bu \u015fekilde oransal hareket de\u011fi\u015fiklikleri daha kolay ayarlanabilmekte ve sistem \u00e7ok daha k\u00fc\u00e7\u00fck hale gelmektedir. Dolay\u0131s\u0131 ile sebze ekiminde \u00fcniteler birbirine daha k\u0131sa mesafelere kadar yakla\u015fabilmektedir.<\/p>\n<\/div>\n\n\n\n<div class=\"wp-block-column is-layout-flow wp-block-column-is-layout-flow\" style=\"flex-basis:33.33%\">\n<figure class=\"wp-block-image\"><img decoding=\"async\" src=\"http:\/\/sonmezler.com\/wp-content\/uploads\/2020\/09\/image-42.png\" alt=\"This image has an empty alt attribute; its file name is image-42.png\" loading=\"lazy\"><\/figure>\n<\/div>\n<\/div>\n\n\n\n<div class=\"wp-block-columns is-layout-flex wp-container-core-columns-is-layout-3 wp-block-columns-is-layout-flex\">\n<div class=\"wp-block-column is-layout-flow wp-block-column-is-layout-flow\" style=\"flex-basis:66.66%\">\n<p>Hareket tekeri oynak hale getirildi. Bu \u015fekilde hareket tekeri tarla y\u00fczeyini daha hassas bir \u015fekilde izleyerek hareket iletiminde aksama olmamas\u0131 sa\u011fland\u0131. \u0130stendi\u011finde tekerlek \u00fczerindeki s\u0131n\u0131rlama c\u0131vatalar\u0131 yard\u0131m\u0131 ile tekerlek sabit hale de getirilebilmektedir. Bu durumda kullan\u0131c\u0131 tarla \u015fartlar\u0131na g\u00f6re istedi\u011fi bir y\u00f6ntemi se\u00e7mekte \u00f6zg\u00fcrd\u00fcr.<\/p>\n<\/div>\n\n\n\n<div class=\"wp-block-column is-layout-flow wp-block-column-is-layout-flow\" style=\"flex-basis:33.33%\">\n<figure class=\"wp-block-image\"><img decoding=\"async\" src=\"http:\/\/sonmezler.com\/wp-content\/uploads\/2020\/09\/image-41.png\" alt=\"This image has an empty alt attribute; its file name is image-41.png\" loading=\"lazy\"><\/figure>\n<\/div>\n<\/div>\n\n\n\n<br>\n\n\n\n<p><strong>Yenilenmi\u015f Ekim Derinli\u011fi Ayar D\u00fczene\u011fi<\/strong><\/p>\n\n\n\n<p>Ekim derinlik ayar\u0131 daha kolay yap\u0131labilmesi i\u00e7in paralelogram sistemi \u00fczerinde vidal\u0131 mil eklenmi\u015ftir. G\u00f6vde \u00fczerinde bulunan g\u00f6sterge yard\u0131m\u0131 ile derinlik g\u00f6r\u00fclebilmektedir. Ayarlanan ekim derinli\u011finin s\u00fcrekli ayn\u0131 mesafede kalmas\u0131 i\u00e7in sabitleme vidas\u0131 kullan\u0131lmaktad\u0131r.<\/p>\n\n\n\n<p><strong>Yenilenmi\u015f Ekim H\u00fccresi Temizleme D\u00fczene\u011fi<\/strong><\/p>\n\n\n\n<p>\u00dcnite ile k\u00fc\u00e7\u00fck tohumlar ekilmek istendi\u011finde her zaman ekici diskleri t\u0131kanma riski vard\u0131r. Bu olas\u0131l\u0131\u011f\u0131 en aza indirmek i\u00e7in itici hava sistemi kullan\u0131larak disk \u00fczerindeki delikler temizlenmektedir. Kullan\u0131lan ekici diskin \u00e7e\u015fitine g\u00f6re itici hava miktar\u0131 fan \u00fczerinden ayarlanabilmektedir.<\/p>\n\n\n\n<figure class=\"wp-block-image size-large\"><img decoding=\"async\" width=\"400\" height=\"350\" src=\"http:\/\/sonmezler.com\/wp-content\/uploads\/2020\/09\/image-43.png\" alt=\"\" class=\"wp-image-559\" loading=\"lazy\" srcset=\"https:\/\/sonmezler.com\/wp-content\/uploads\/2020\/09\/image-43.png 400w, https:\/\/sonmezler.com\/wp-content\/uploads\/2020\/09\/image-43-300x263.png 300w\" sizes=\"(max-width: 400px) 100vw, 400px\" \/><\/figure>\n\n\n\n<p><strong>Yenilenmi\u015f Hava Temizleme Sistemi<\/strong><\/p>\n\n\n\n<p>Disk temizleme d\u00fczeninde kullan\u0131lan havay\u0131 temizlemek i\u00e7in fan \u00fczerinde bir hava filtresi bulunmaktad\u0131r. Hava filtresi sisteme daha temiz ve toz part\u00fck\u00fcllerinden ar\u0131nd\u0131r\u0131lm\u0131\u015f bir havan\u0131n g\u00f6nderilmesini sa\u011flar.<\/p>\n\n\n\n<figure class=\"wp-block-image size-large\"><img decoding=\"async\" width=\"400\" height=\"295\" src=\"http:\/\/sonmezler.com\/wp-content\/uploads\/2020\/09\/image-44.png\" alt=\"\" class=\"wp-image-560\" loading=\"lazy\" srcset=\"https:\/\/sonmezler.com\/wp-content\/uploads\/2020\/09\/image-44.png 400w, https:\/\/sonmezler.com\/wp-content\/uploads\/2020\/09\/image-44-300x221.png 300w\" sizes=\"(max-width: 400px) 100vw, 400px\" \/><\/figure>\n\n\n\n<p><strong>Yenilenmi\u015f Ekim Bask\u0131 D\u00fczeni<\/strong><\/p>\n\n\n\n<p>Ekim bask\u0131 d\u00fczeni iki kademeli olarak belirlenebilmektedir. Toprak \u015fartlar\u0131na g\u00f6re iki kademeli yay yard\u0131m\u0131 ile topra\u011fa istenilen oranda bask\u0131 yap\u0131labilmektedir.<\/p>\n\n\n\n<figure class=\"wp-block-image size-large\"><img decoding=\"async\" width=\"400\" height=\"300\" src=\"http:\/\/sonmezler.com\/wp-content\/uploads\/2020\/09\/image-45.png\" alt=\"\" class=\"wp-image-561\" loading=\"lazy\" srcset=\"https:\/\/sonmezler.com\/wp-content\/uploads\/2020\/09\/image-45.png 400w, https:\/\/sonmezler.com\/wp-content\/uploads\/2020\/09\/image-45-300x225.png 300w\" sizes=\"(max-width: 400px) 100vw, 400px\" \/><\/figure>\n\n\n\n<p><strong>Yenilenmi\u015f Bask\u0131 Tekeri<\/strong><\/p>\n\n\n\n<p>Bask\u0131 tekeri kademeli olarak ayarlanabilmektedir. Bu \u015fekilde topra\u011fa b\u0131rak\u0131lan tohum yata\u011f\u0131n\u0131n kapat\u0131lmas\u0131 i\u00e7in istenilen bask\u0131 toprak y\u00fczeyine uygulanabilmektedir.<\/p>\n\n\n\n<figure class=\"wp-block-image size-large\"><img decoding=\"async\" width=\"400\" height=\"243\" src=\"http:\/\/sonmezler.com\/wp-content\/uploads\/2020\/09\/image-46.png\" alt=\"\" class=\"wp-image-562\" loading=\"lazy\" srcset=\"https:\/\/sonmezler.com\/wp-content\/uploads\/2020\/09\/image-46.png 400w, https:\/\/sonmezler.com\/wp-content\/uploads\/2020\/09\/image-46-300x182.png 300w\" sizes=\"(max-width: 400px) 100vw, 400px\" \/><\/figure>\n<\/body>","protected":false},"excerpt":{"rendered":"<p>PM-800 Hassas Ekim Makinas\u0131, teknolojik geli\u015fmeler do\u011frultusunda yeniden geli\u015ftirilen hassas bir sebze ekim makinas\u0131d\u0131r. \u015ease daha da g\u00fc\u00e7l\u00fc hale getirilmi\u015ftir. Makina \u00fczerindeki baz\u0131 \u00f6zellikler a\u015fa\u011f\u0131da s\u0131ralanm\u0131\u015ft\u0131r. Yenilenmi\u015f \u00dcnite Yap\u0131s\u0131 \u00dcniteler &hellip; <\/p>\n","protected":false},"author":1,"featured_media":0,"parent":330,"menu_order":0,"comment_status":"closed","ping_status":"closed","template":"","meta":{"footnotes":""},"class_list":["post-371","page","type-page","status-publish","hentry"],"_links":{"self":[{"href":"https:\/\/sonmezler.com\/index.php\/wp-json\/wp\/v2\/pages\/371"}],"collection":[{"href":"https:\/\/sonmezler.com\/index.php\/wp-json\/wp\/v2\/pages"}],"about":[{"href":"https:\/\/sonmezler.com\/index.php\/wp-json\/wp\/v2\/types\/page"}],"author":[{"embeddable":true,"href":"https:\/\/sonmezler.com\/index.php\/wp-json\/wp\/v2\/users\/1"}],"replies":[{"embeddable":true,"href":"https:\/\/sonmezler.com\/index.php\/wp-json\/wp\/v2\/comments?post=371"}],"version-history":[{"count":3,"href":"https:\/\/sonmezler.com\/index.php\/wp-json\/wp\/v2\/pages\/371\/revisions"}],"predecessor-version":[{"id":564,"href":"https:\/\/sonmezler.com\/index.php\/wp-json\/wp\/v2\/pages\/371\/revisions\/564"}],"up":[{"embeddable":true,"href":"https:\/\/sonmezler.com\/index.php\/wp-json\/wp\/v2\/pages\/330"}],"wp:attachment":[{"href":"https:\/\/sonmezler.com\/index.php\/wp-json\/wp\/v2\/media?parent=371"}],"curies":[{"name":"wp","href":"https:\/\/api.w.org\/{rel}","templated":true}]}}