{"id":410,"date":"2020-09-10T11:39:43","date_gmt":"2020-09-10T08:39:43","guid":{"rendered":"http:\/\/sonmezler.com\/?page_id=410"},"modified":"2020-09-10T20:43:44","modified_gmt":"2020-09-10T17:43:44","slug":"cement-mixer","status":"publish","type":"page","link":"https:\/\/sonmezler.com\/index.php\/en\/our-products\/others\/cement-mixer\/","title":{"rendered":"Cement Mixer"},"content":{"rendered":"<body>\n<div class=\"wp-block-image\"><figure class=\"alignright size-full\"><img decoding=\"async\" width=\"300\" height=\"320\" src=\"http:\/\/sonmezler.com\/wp-content\/uploads\/2020\/09\/image-128.png\" alt=\"\" class=\"wp-image-768\" loading=\"lazy\" srcset=\"https:\/\/sonmezler.com\/wp-content\/uploads\/2020\/09\/image-128.png 300w, https:\/\/sonmezler.com\/wp-content\/uploads\/2020\/09\/image-128-281x300.png 281w\" sizes=\"(max-width: 300px) 100vw, 300px\" \/><\/figure><\/div>\n\n\n\n<p>Trakt\u00f6r kuyruk milinden ald\u0131\u011f\u0131 hareket ile \u00e7al\u0131\u015ft\u0131r\u0131labilen beton karma makinasidir. 4-6 mm saclar ile tasarlanm\u0131\u015f sa\u011flam yap\u0131s\u0131 ile 750 Litre Beton yada Yem, Hayvan d\u0131\u015fk\u0131s\u0131 gibi malzemeleri rahatl\u0131kla kar\u0131\u015ft\u0131rabilir. \u0130\u015fletme maliyeti d\u00fc\u015f\u00fck ve verimi y\u00fcksektir.<\/p>\n\n\n\n<p>Ya\u011f banyolu \u015fanz\u0131man\u0131 a\u011f\u0131r y\u00fcklere dayan\u0131kl\u0131 ve uzun \u00f6m\u00fcrl\u00fcd\u00fcr. Kar\u0131\u015ft\u0131r\u0131c\u0131 yaylar en y\u00fcksek kar\u0131\u015ft\u0131rma etkisini yaratmak i\u00e7in tasarlanm\u0131\u015ft\u0131r. Uzun \u00f6m\u00fcrl\u00fcd\u00fcr.<\/p>\n\n\n\n<p>Kar\u0131\u015ft\u0131r\u0131c\u0131; trakt\u00f6r \u00fc\u00e7 nokta ba\u011flant\u0131 kolu ile kald\u0131rabilece\u011fi gibi \u00f6zel tasar\u0131m\u0131 sayesinde forklift taraf\u0131ndan da y\u00fckseklere kald\u0131r\u0131labilir.<\/p>\n\n\n\n<p><\/p>\n\n\n\n<figure class=\"wp-block-image size-full is-resized\"><img decoding=\"async\" src=\"http:\/\/sonmezler.com\/wp-content\/uploads\/2020\/09\/image-129.png\" alt=\"\" class=\"wp-image-769\" width=\"712\" height=\"535\" loading=\"lazy\"><\/figure>\n<\/body>","protected":false},"excerpt":{"rendered":"<p>Trakt\u00f6r kuyruk milinden ald\u0131\u011f\u0131 hareket ile \u00e7al\u0131\u015ft\u0131r\u0131labilen beton karma makinasidir. 4-6 mm saclar ile tasarlanm\u0131\u015f sa\u011flam yap\u0131s\u0131 ile 750 Litre Beton yada Yem, Hayvan d\u0131\u015fk\u0131s\u0131 gibi malzemeleri rahatl\u0131kla kar\u0131\u015ft\u0131rabilir. \u0130\u015fletme &hellip; <\/p>\n","protected":false},"author":1,"featured_media":0,"parent":347,"menu_order":0,"comment_status":"closed","ping_status":"closed","template":"","meta":{"footnotes":""},"class_list":["post-410","page","type-page","status-publish","hentry"],"_links":{"self":[{"href":"https:\/\/sonmezler.com\/index.php\/wp-json\/wp\/v2\/pages\/410"}],"collection":[{"href":"https:\/\/sonmezler.com\/index.php\/wp-json\/wp\/v2\/pages"}],"about":[{"href":"https:\/\/sonmezler.com\/index.php\/wp-json\/wp\/v2\/types\/page"}],"author":[{"embeddable":true,"href":"https:\/\/sonmezler.com\/index.php\/wp-json\/wp\/v2\/users\/1"}],"replies":[{"embeddable":true,"href":"https:\/\/sonmezler.com\/index.php\/wp-json\/wp\/v2\/comments?post=410"}],"version-history":[{"count":3,"href":"https:\/\/sonmezler.com\/index.php\/wp-json\/wp\/v2\/pages\/410\/revisions"}],"predecessor-version":[{"id":776,"href":"https:\/\/sonmezler.com\/index.php\/wp-json\/wp\/v2\/pages\/410\/revisions\/776"}],"up":[{"embeddable":true,"href":"https:\/\/sonmezler.com\/index.php\/wp-json\/wp\/v2\/pages\/347"}],"wp:attachment":[{"href":"https:\/\/sonmezler.com\/index.php\/wp-json\/wp\/v2\/media?parent=410"}],"curies":[{"name":"wp","href":"https:\/\/api.w.org\/{rel}","templated":true}]}}