{"id":414,"date":"2020-09-10T11:40:13","date_gmt":"2020-09-10T08:40:13","guid":{"rendered":"http:\/\/sonmezler.com\/?page_id=414"},"modified":"2020-09-10T20:40:57","modified_gmt":"2020-09-10T17:40:57","slug":"tractor-crane","status":"publish","type":"page","link":"https:\/\/sonmezler.com\/index.php\/en\/our-products\/others\/tractor-crane\/","title":{"rendered":"Tractor Crane"},"content":{"rendered":"<body>\n<p>\u00c7iftlikteki en g\u00fc\u00e7l\u00fc yard\u0131mc\u0131n\u0131z\u2026<\/p>\n\n\n\n<div class=\"wp-block-image\"><figure class=\"alignright size-large\"><img decoding=\"async\" width=\"250\" height=\"309\" src=\"http:\/\/sonmezler.com\/wp-content\/uploads\/2020\/09\/image-126.png\" alt=\"\" class=\"wp-image-764\" loading=\"lazy\" srcset=\"https:\/\/sonmezler.com\/wp-content\/uploads\/2020\/09\/image-126.png 250w, https:\/\/sonmezler.com\/wp-content\/uploads\/2020\/09\/image-126-243x300.png 243w\" sizes=\"(max-width: 250px) 100vw, 250px\" \/><\/figure><\/div>\n\n\n\n<p>Trakt\u00f6re ba\u011fl\u0131 olarak kullan\u0131labilen pratik bir vin\u00e7tir. A\u011f\u0131r y\u00fcklerin kald\u0131r\u0131l\u0131p ta\u015f\u0131nmas\u0131nda kullan\u0131l\u0131r. Ayarlanabilir kol uzunlu\u011fu sayesinde kolay bir kullan\u0131m sunar.<\/p>\n\n\n\n<p>\u00c7ift hidrolik silindiri sayesinde kolay ve i\u015flevsel bir kullan\u0131m sunar. Her t\u00fcrl\u00fc a\u011f\u0131r y\u00fck\u00fcn kald\u0131r\u0131larak \u00e7iftlik i\u00e7inde ta\u015f\u0131nmas\u0131nda kolayl\u0131kla kullan\u0131labilir.<\/p>\n\n\n\n<p>Kullan\u0131lmad\u0131\u011f\u0131 zamanlarda denge aya\u011f\u0131 yard\u0131m\u0131 ile vin\u00e7, uygun bir yerde park konumunda haz\u0131r olarak bekletilebilir.<\/p>\n\n\n\n<p><\/p>\n\n\n\n<div class=\"wp-block-image\"><figure class=\"alignleft size-large is-resized\"><img decoding=\"async\" src=\"http:\/\/sonmezler.com\/wp-content\/uploads\/2020\/09\/image-127.png\" alt=\"\" class=\"wp-image-765\" width=\"432\" height=\"480\" loading=\"lazy\"><\/figure><\/div>\n<\/body>","protected":false},"excerpt":{"rendered":"<p>\u00c7iftlikteki en g\u00fc\u00e7l\u00fc yard\u0131mc\u0131n\u0131z\u2026 Trakt\u00f6re ba\u011fl\u0131 olarak kullan\u0131labilen pratik bir vin\u00e7tir. A\u011f\u0131r y\u00fcklerin kald\u0131r\u0131l\u0131p ta\u015f\u0131nmas\u0131nda kullan\u0131l\u0131r. Ayarlanabilir kol uzunlu\u011fu sayesinde kolay bir kullan\u0131m sunar. \u00c7ift hidrolik silindiri sayesinde kolay ve &hellip; <\/p>\n","protected":false},"author":1,"featured_media":0,"parent":347,"menu_order":0,"comment_status":"closed","ping_status":"closed","template":"","meta":{"footnotes":""},"class_list":["post-414","page","type-page","status-publish","hentry"],"_links":{"self":[{"href":"https:\/\/sonmezler.com\/index.php\/wp-json\/wp\/v2\/pages\/414"}],"collection":[{"href":"https:\/\/sonmezler.com\/index.php\/wp-json\/wp\/v2\/pages"}],"about":[{"href":"https:\/\/sonmezler.com\/index.php\/wp-json\/wp\/v2\/types\/page"}],"author":[{"embeddable":true,"href":"https:\/\/sonmezler.com\/index.php\/wp-json\/wp\/v2\/users\/1"}],"replies":[{"embeddable":true,"href":"https:\/\/sonmezler.com\/index.php\/wp-json\/wp\/v2\/comments?post=414"}],"version-history":[{"count":2,"href":"https:\/\/sonmezler.com\/index.php\/wp-json\/wp\/v2\/pages\/414\/revisions"}],"predecessor-version":[{"id":767,"href":"https:\/\/sonmezler.com\/index.php\/wp-json\/wp\/v2\/pages\/414\/revisions\/767"}],"up":[{"embeddable":true,"href":"https:\/\/sonmezler.com\/index.php\/wp-json\/wp\/v2\/pages\/347"}],"wp:attachment":[{"href":"https:\/\/sonmezler.com\/index.php\/wp-json\/wp\/v2\/media?parent=414"}],"curies":[{"name":"wp","href":"https:\/\/api.w.org\/{rel}","templated":true}]}}